{"id":27437,"date":"2024-02-13T23:29:31","date_gmt":"2024-02-13T22:29:31","guid":{"rendered":"https:\/\/fiorentini-polska.com\/?page_id=27437"},"modified":"2024-09-30T14:14:45","modified_gmt":"2024-09-30T12:14:45","slug":"smart-gas-grids","status":"publish","type":"page","link":"https:\/\/www.fiorentini-polska.com\/en\/expertise\/smart-gas-grids\/","title":{"rendered":"Smart gas grids"},"content":{"rendered":"\n<h2 class=\"wp-block-heading\"><strong>Self-regulating grids<\/strong><\/h2>\n\n\n\n<p><strong>Active systems<\/strong> that integrate different types of energy and <strong>make decisions autonomously<\/strong> to optimise energy distribution. Smart Grids are an ambitious project thanks to which, in the very near future, energy will be distributed through networks capable of <strong>instantly managing and regulating multiple, discontinuous, and bidirectional flows<\/strong>.<br>&nbsp;<\/p>\n\n\n\n<figure class=\"wp-block-image size-full is-resized\"><a href=\"https:\/\/fiorentini-polska.com\/en\/pietro-fiorentini-group\/pf-group-companies-and-brands\/#terranova\"><img loading=\"lazy\" decoding=\"async\" width=\"391\" height=\"60\" src=\"https:\/\/www.fiorentini-iberia.com\/wp-content\/uploads\/2021\/07\/Terranova-Logo-60px.png\" alt=\"\" class=\"wp-image-16336\" style=\"width:302px;height:auto\" srcset=\"https:\/\/www.fiorentini-polska.com\/wp-content\/uploads\/2021\/07\/Terranova-Logo-60px.png 391w, https:\/\/www.fiorentini-polska.com\/wp-content\/uploads\/2021\/07\/Terranova-Logo-60px-300x46.png 300w\" sizes=\"auto, (max-width: 391px) 100vw, 391px\" \/><\/a><\/figure>\n\n\n\n<p><strong><a href=\"https:\/\/fiorentini-polska.com\/en\/pietro-fiorentini-group\/pf-group-companies-and-brands\/#terranova\">TERRANOVA<\/a><\/strong>, a <a href=\"https:\/\/fiorentini-polska.com\/en\/pietro-fiorentini-group\/pf-group-companies-and-brands\"><strong>Pietro Fiorentini Group<\/strong><\/a> company, leader in the development of software for smart metering, operations and smart grid management, offers a wide range of software studied ad hoc to respond to the complex, utility sector needs.<br>\u00a0<\/p>\n\n\n\n<figure class=\"wp-block-image size-large is-resized\"><img decoding=\"async\" src=\"https:\/\/www.fiorentini-iberia.com\/wp-content\/uploads\/2024\/02\/1213_t_tamm-logo-1024x324.png\" alt=\"\" class=\"wp-image-49464\" style=\"width:311px;height:auto\"\/><\/figure>\n\n\n\n<p><strong>TAMM<\/strong> is a multiservice software system designed to automate the processes of<strong> remote metering<\/strong> and <strong>remote management<\/strong> of Gas, Electricity and Water meters in a <strong>smart metering<\/strong> scenario. The <strong>TAMM<\/strong> application was designed to support Distribution Companies in managing the processes involved in remote metering and remote management of metering groups for the supplied utilities, in compliance with established functional, efficiency and security standards in different application scenarios: <strong>Industrial, Commercial and Residencial<\/strong>.<\/p>\n\n\n\n<p>All of this is integrated with<strong> Narrow Band Internet of Things technology (NBIoT)<\/strong>, the most promising communication technology for utility metering.<br>&nbsp;<\/p>\n\n\n\n<div class=\"wp-block-buttons is-layout-flex wp-block-buttons-is-layout-flex\">\n<div class=\"wp-block-button has-custom-font-size is-style-fill\" style=\"font-size:18px\"><a class=\"wp-block-button__link has-background wp-element-button\" href=\"https:\/\/fiorentini-polska.com\/wp-content\/uploads\/2024\/03\/terranova-tamm-smart-metering-pdf.pdf\" style=\"border-radius:0px;background-color:#199782\" target=\"_blank\" rel=\"noreferrer noopener\"><strong>\u2013 TAMM Presentation<\/strong><\/a><\/div>\n<\/div>\n\n\n\n<p>&nbsp;<br>For more information:&nbsp;<a href=\"https:\/\/www.terranovasoftware.eu\/en\" target=\"_blank\" rel=\"noreferrer noopener\"><strong>terranovasoftware.eu<\/strong><\/a><\/p>\n","protected":false},"excerpt":{"rendered":"<p>Smart Grids, which integrate different types of energy and make autonomous decisions to optimise energy distribution, are an ambitious project that will, in the very near future, manage energy through networks capable of instantaneously regulating multiple, discontinuous and bidirectional flows.<\/p>\n","protected":false},"author":12,"featured_media":21412,"parent":27340,"menu_order":4,"comment_status":"closed","ping_status":"closed","template":"template-expertise-child.php","meta":{"_acf_changed":false,"inline_featured_image":false,"footnotes":""},"class_list":["post-27437","page","type-page","status-publish","has-post-thumbnail","hentry"],"acf":[],"yoast_head":"<!-- This site is optimized with the Yoast SEO plugin v27.2 - https:\/\/yoast.com\/product\/yoast-seo-wordpress\/ -->\n<title>Smart gas grids - Pietro Fiorentini<\/title>\n<meta name=\"description\" content=\"Active systems that integrate different types of energy and make decisions autonomously to optimise energy distribution.\" \/>\n<meta name=\"robots\" content=\"index, follow, max-snippet:-1, max-image-preview:large, max-video-preview:-1\" \/>\n<link rel=\"canonical\" href=\"https:\/\/www.fiorentini-polska.com\/en\/expertise\/smart-gas-grids\/\" \/>\n<meta property=\"og:locale\" content=\"en_US\" \/>\n<meta property=\"og:type\" content=\"article\" \/>\n<meta property=\"og:title\" content=\"Smart gas grids - Pietro Fiorentini\" \/>\n<meta property=\"og:description\" content=\"Active systems that integrate different types of energy and make decisions autonomously to optimise energy distribution.\" \/>\n<meta property=\"og:url\" content=\"https:\/\/www.fiorentini-polska.com\/en\/expertise\/smart-gas-grids\/\" \/>\n<meta property=\"og:site_name\" content=\"Pietro Fiorentini\" \/>\n<meta property=\"article:modified_time\" content=\"2024-09-30T12:14:45+00:00\" \/>\n<meta property=\"og:image\" content=\"https:\/\/www.fiorentini-polska.com\/wp-content\/uploads\/2022\/09\/02_expertise_smartgrids.jpeg\" \/>\n\t<meta property=\"og:image:width\" content=\"991\" \/>\n\t<meta property=\"og:image:height\" content=\"991\" \/>\n\t<meta property=\"og:image:type\" content=\"image\/jpeg\" \/>\n<meta name=\"twitter:card\" content=\"summary_large_image\" \/>\n<meta name=\"twitter:site\" content=\"@FiorentiniSpa\" \/>\n<meta name=\"twitter:label1\" content=\"Est. reading time\" \/>\n\t<meta name=\"twitter:data1\" content=\"2 minutes\" \/>\n<script type=\"application\/ld+json\" class=\"yoast-schema-graph\">{\"@context\":\"https:\/\/schema.org\",\"@graph\":[{\"@type\":\"WebPage\",\"@id\":\"https:\/\/www.fiorentini-polska.com\/en\/expertise\/smart-gas-grids\/\",\"url\":\"https:\/\/www.fiorentini-polska.com\/en\/expertise\/smart-gas-grids\/\",\"name\":\"Smart gas grids - Pietro Fiorentini\",\"isPartOf\":{\"@id\":\"https:\/\/fiorentini-polska.com\/en\/#website\"},\"primaryImageOfPage\":{\"@id\":\"https:\/\/www.fiorentini-polska.com\/en\/expertise\/smart-gas-grids\/#primaryimage\"},\"image\":{\"@id\":\"https:\/\/www.fiorentini-polska.com\/en\/expertise\/smart-gas-grids\/#primaryimage\"},\"thumbnailUrl\":\"https:\/\/www.fiorentini-polska.com\/wp-content\/uploads\/2022\/09\/02_expertise_smartgrids.jpeg\",\"datePublished\":\"2024-02-13T22:29:31+00:00\",\"dateModified\":\"2024-09-30T12:14:45+00:00\",\"description\":\"Active systems that integrate different types of energy and make decisions autonomously to optimise energy distribution.\",\"breadcrumb\":{\"@id\":\"https:\/\/www.fiorentini-polska.com\/en\/expertise\/smart-gas-grids\/#breadcrumb\"},\"inLanguage\":\"en-US\",\"potentialAction\":[{\"@type\":\"ReadAction\",\"target\":[\"https:\/\/www.fiorentini-polska.com\/en\/expertise\/smart-gas-grids\/\"]}]},{\"@type\":\"ImageObject\",\"inLanguage\":\"en-US\",\"@id\":\"https:\/\/www.fiorentini-polska.com\/en\/expertise\/smart-gas-grids\/#primaryimage\",\"url\":\"https:\/\/www.fiorentini-polska.com\/wp-content\/uploads\/2022\/09\/02_expertise_smartgrids.jpeg\",\"contentUrl\":\"https:\/\/www.fiorentini-polska.com\/wp-content\/uploads\/2022\/09\/02_expertise_smartgrids.jpeg\",\"width\":991,\"height\":991},{\"@type\":\"BreadcrumbList\",\"@id\":\"https:\/\/www.fiorentini-polska.com\/en\/expertise\/smart-gas-grids\/#breadcrumb\",\"itemListElement\":[{\"@type\":\"ListItem\",\"position\":1,\"name\":\"Home\",\"item\":\"https:\/\/fiorentini-polska.com\/en\/\"},{\"@type\":\"ListItem\",\"position\":2,\"name\":\"Expertise\",\"item\":\"https:\/\/fiorentini-polska.com\/en\/expertise\/\"},{\"@type\":\"ListItem\",\"position\":3,\"name\":\"Smart gas grids\"}]},{\"@type\":\"WebSite\",\"@id\":\"https:\/\/fiorentini-polska.com\/en\/#website\",\"url\":\"https:\/\/fiorentini-polska.com\/en\/\",\"name\":\"Pietro Fiorentini Polska\",\"description\":\"Pietro Fiorentini projektuje i produkuje komponenty, systemy i us\u0142ugi do regulacji, pomiar\u00f3w i zarz\u0105dzania rop\u0105 naftow\u0105 i gazem.\",\"publisher\":{\"@id\":\"https:\/\/fiorentini-polska.com\/en\/#organization\"},\"potentialAction\":[{\"@type\":\"SearchAction\",\"target\":{\"@type\":\"EntryPoint\",\"urlTemplate\":\"https:\/\/fiorentini-polska.com\/en\/?s={search_term_string}\"},\"query-input\":{\"@type\":\"PropertyValueSpecification\",\"valueRequired\":true,\"valueName\":\"search_term_string\"}}],\"inLanguage\":\"en-US\"},{\"@type\":\"Organization\",\"@id\":\"https:\/\/fiorentini-polska.com\/en\/#organization\",\"name\":\"Pietro Fiorentini Polska\",\"url\":\"https:\/\/fiorentini-polska.com\/en\/\",\"logo\":{\"@type\":\"ImageObject\",\"inLanguage\":\"en-US\",\"@id\":\"https:\/\/fiorentini-polska.com\/en\/#\/schema\/logo\/image\/\",\"url\":\"https:\/\/www.fiorentini-polska.com\/wp-content\/uploads\/2021\/07\/LOGO_CMYK_COLOR.png\",\"contentUrl\":\"https:\/\/www.fiorentini-polska.com\/wp-content\/uploads\/2021\/07\/LOGO_CMYK_COLOR.png\",\"width\":3077,\"height\":1259,\"caption\":\"Pietro Fiorentini Polska\"},\"image\":{\"@id\":\"https:\/\/fiorentini-polska.com\/en\/#\/schema\/logo\/image\/\"},\"sameAs\":[\"https:\/\/x.com\/FiorentiniSpa\"]}]}<\/script>\n<!-- \/ Yoast SEO plugin. -->","yoast_head_json":{"title":"Smart gas grids - Pietro Fiorentini","description":"Active systems that integrate different types of energy and make decisions autonomously to optimise energy distribution.","robots":{"index":"index","follow":"follow","max-snippet":"max-snippet:-1","max-image-preview":"max-image-preview:large","max-video-preview":"max-video-preview:-1"},"canonical":"https:\/\/www.fiorentini-polska.com\/en\/expertise\/smart-gas-grids\/","og_locale":"en_US","og_type":"article","og_title":"Smart gas grids - Pietro Fiorentini","og_description":"Active systems that integrate different types of energy and make decisions autonomously to optimise energy distribution.","og_url":"https:\/\/www.fiorentini-polska.com\/en\/expertise\/smart-gas-grids\/","og_site_name":"Pietro Fiorentini","article_modified_time":"2024-09-30T12:14:45+00:00","og_image":[{"width":991,"height":991,"url":"https:\/\/www.fiorentini-polska.com\/wp-content\/uploads\/2022\/09\/02_expertise_smartgrids.jpeg","type":"image\/jpeg"}],"twitter_card":"summary_large_image","twitter_site":"@FiorentiniSpa","twitter_misc":{"Est. reading time":"2 minutes"},"schema":{"@context":"https:\/\/schema.org","@graph":[{"@type":"WebPage","@id":"https:\/\/www.fiorentini-polska.com\/en\/expertise\/smart-gas-grids\/","url":"https:\/\/www.fiorentini-polska.com\/en\/expertise\/smart-gas-grids\/","name":"Smart gas grids - Pietro Fiorentini","isPartOf":{"@id":"https:\/\/fiorentini-polska.com\/en\/#website"},"primaryImageOfPage":{"@id":"https:\/\/www.fiorentini-polska.com\/en\/expertise\/smart-gas-grids\/#primaryimage"},"image":{"@id":"https:\/\/www.fiorentini-polska.com\/en\/expertise\/smart-gas-grids\/#primaryimage"},"thumbnailUrl":"https:\/\/www.fiorentini-polska.com\/wp-content\/uploads\/2022\/09\/02_expertise_smartgrids.jpeg","datePublished":"2024-02-13T22:29:31+00:00","dateModified":"2024-09-30T12:14:45+00:00","description":"Active systems that integrate different types of energy and make decisions autonomously to optimise energy distribution.","breadcrumb":{"@id":"https:\/\/www.fiorentini-polska.com\/en\/expertise\/smart-gas-grids\/#breadcrumb"},"inLanguage":"en-US","potentialAction":[{"@type":"ReadAction","target":["https:\/\/www.fiorentini-polska.com\/en\/expertise\/smart-gas-grids\/"]}]},{"@type":"ImageObject","inLanguage":"en-US","@id":"https:\/\/www.fiorentini-polska.com\/en\/expertise\/smart-gas-grids\/#primaryimage","url":"https:\/\/www.fiorentini-polska.com\/wp-content\/uploads\/2022\/09\/02_expertise_smartgrids.jpeg","contentUrl":"https:\/\/www.fiorentini-polska.com\/wp-content\/uploads\/2022\/09\/02_expertise_smartgrids.jpeg","width":991,"height":991},{"@type":"BreadcrumbList","@id":"https:\/\/www.fiorentini-polska.com\/en\/expertise\/smart-gas-grids\/#breadcrumb","itemListElement":[{"@type":"ListItem","position":1,"name":"Home","item":"https:\/\/fiorentini-polska.com\/en\/"},{"@type":"ListItem","position":2,"name":"Expertise","item":"https:\/\/fiorentini-polska.com\/en\/expertise\/"},{"@type":"ListItem","position":3,"name":"Smart gas grids"}]},{"@type":"WebSite","@id":"https:\/\/fiorentini-polska.com\/en\/#website","url":"https:\/\/fiorentini-polska.com\/en\/","name":"Pietro Fiorentini Polska","description":"Pietro Fiorentini projektuje i produkuje komponenty, systemy i us\u0142ugi do regulacji, pomiar\u00f3w i zarz\u0105dzania rop\u0105 naftow\u0105 i gazem.","publisher":{"@id":"https:\/\/fiorentini-polska.com\/en\/#organization"},"potentialAction":[{"@type":"SearchAction","target":{"@type":"EntryPoint","urlTemplate":"https:\/\/fiorentini-polska.com\/en\/?s={search_term_string}"},"query-input":{"@type":"PropertyValueSpecification","valueRequired":true,"valueName":"search_term_string"}}],"inLanguage":"en-US"},{"@type":"Organization","@id":"https:\/\/fiorentini-polska.com\/en\/#organization","name":"Pietro Fiorentini Polska","url":"https:\/\/fiorentini-polska.com\/en\/","logo":{"@type":"ImageObject","inLanguage":"en-US","@id":"https:\/\/fiorentini-polska.com\/en\/#\/schema\/logo\/image\/","url":"https:\/\/www.fiorentini-polska.com\/wp-content\/uploads\/2021\/07\/LOGO_CMYK_COLOR.png","contentUrl":"https:\/\/www.fiorentini-polska.com\/wp-content\/uploads\/2021\/07\/LOGO_CMYK_COLOR.png","width":3077,"height":1259,"caption":"Pietro Fiorentini Polska"},"image":{"@id":"https:\/\/fiorentini-polska.com\/en\/#\/schema\/logo\/image\/"},"sameAs":["https:\/\/x.com\/FiorentiniSpa"]}]}},"_links":{"self":[{"href":"https:\/\/www.fiorentini-polska.com\/en\/wp-json\/wp\/v2\/pages\/27437","targetHints":{"allow":["GET"]}}],"collection":[{"href":"https:\/\/www.fiorentini-polska.com\/en\/wp-json\/wp\/v2\/pages"}],"about":[{"href":"https:\/\/www.fiorentini-polska.com\/en\/wp-json\/wp\/v2\/types\/page"}],"author":[{"embeddable":true,"href":"https:\/\/www.fiorentini-polska.com\/en\/wp-json\/wp\/v2\/users\/12"}],"replies":[{"embeddable":true,"href":"https:\/\/www.fiorentini-polska.com\/en\/wp-json\/wp\/v2\/comments?post=27437"}],"version-history":[{"count":3,"href":"https:\/\/www.fiorentini-polska.com\/en\/wp-json\/wp\/v2\/pages\/27437\/revisions"}],"predecessor-version":[{"id":28059,"href":"https:\/\/www.fiorentini-polska.com\/en\/wp-json\/wp\/v2\/pages\/27437\/revisions\/28059"}],"up":[{"embeddable":true,"href":"https:\/\/www.fiorentini-polska.com\/en\/wp-json\/wp\/v2\/pages\/27340"}],"wp:featuredmedia":[{"embeddable":true,"href":"https:\/\/www.fiorentini-polska.com\/en\/wp-json\/wp\/v2\/media\/21412"}],"wp:attachment":[{"href":"https:\/\/www.fiorentini-polska.com\/en\/wp-json\/wp\/v2\/media?parent=27437"}],"curies":[{"name":"wp","href":"https:\/\/api.w.org\/{rel}","templated":true}]}}