{"id":27451,"date":"2024-02-13T23:39:07","date_gmt":"2024-02-13T22:39:07","guid":{"rendered":"https:\/\/fiorentini-polska.com\/?page_id=27451"},"modified":"2024-10-20T11:27:45","modified_gmt":"2024-10-20T09:27:45","slug":"solutions-for-water-cycle-control-and-monitoring","status":"publish","type":"page","link":"https:\/\/www.fiorentini-polska.com\/en\/expertise\/water\/solutions-for-water-cycle-control-and-monitoring\/","title":{"rendered":"Solutions for water cycle control and monitoring"},"content":{"rendered":"\n<p>Within the <strong><a href=\"https:\/\/www.fiorentini-polska.com\/en\/pietro-fiorentini-group\/\">Pietro Fiorentini Group<\/a><\/strong> there are many companies that develop <strong>solutions for the water sector<\/strong>; these solutions allow us to provide complete and integrated services to our clients.<\/p>\n\n\n\n<p>The challenges posed by today&#8217;s world require solutions in which hardware and software are seamlessly integrated, so that real-time monitoring can be achieved to improve the efficiency of network management controls.<\/p>\n\n\n\n<p><strong>Internet of Things<\/strong>, <strong>satellite tracking<\/strong> and <strong>augmented reality<\/strong> are some of the technologies in which we continue to invest to evolve our offer.<\/p>\n\n\n\n<div class=\"wp-block-group index\"><div class=\"wp-block-group__inner-container is-layout-flow wp-block-group-is-layout-flow\">\n<ol class=\"wp-block-list\">\n<li><strong><a href=\"#water-cycle-control-technologies\">Water cycle control technologies<\/a><\/strong><\/li>\n\n\n\n<li><strong><a href=\"#data-management-solutions\">Data management solutions<\/a><\/strong><\/li>\n\n\n\n<li><strong><a href=\"#on-field-workforce-management\">On-field workforce management<\/a><\/strong><\/li>\n<\/ol>\n<\/div><\/div>\n\n\n\n<div style=\"height:32px\" aria-hidden=\"true\" class=\"wp-block-spacer\"><\/div>\n\n\n\n<div id=\"water-cycle-control-technologies\" class=\"wp-block-group\"><div class=\"wp-block-group__inner-container is-layout-flow wp-block-group-is-layout-flow\">\n<h3 class=\"wp-block-heading\"><strong>Water cycle control technologies<\/strong><br>&nbsp;<\/h3>\n\n\n<div class=\"wp-block-image\">\n<figure class=\"alignleft size-full\"><img loading=\"lazy\" decoding=\"async\" width=\"300\" height=\"78\" src=\"https:\/\/fiorentini-polska.com\/wp-content\/uploads\/2024\/02\/Fast_Logo.png\" alt=\"\" class=\"wp-image-27379\"\/><\/figure>\n<\/div>\n\n\n<p>Fast offers expertise and intelligent technologies for complete control of water networks at every phase of the process: hardware for regulating network flows and pressures and software developed for supervision and remote control thanks to IoT technology and data analysis systems.<\/p>\n\n\n\n<p><strong>Products and services are all integrated<\/strong>, thereby increasing performance and efficiency in the various service contexts: aqueduct, sewerage, purification, etc.<\/p>\n\n\n\n<p>The solutions proposed by FAST combine remote controls and automation functions, creating an efficient management system that <strong>improves the service quality also reducing consumption and running costs<\/strong>.<\/p>\n\n\n\n<p>For further information please visit <a href=\"https:\/\/www.fastonline.it\/en\" target=\"_blank\" rel=\"noreferrer noopener\">fastonline.it<\/a><\/p>\n\n\n\n<div style=\"height:32px\" aria-hidden=\"true\" class=\"wp-block-spacer\"><\/div>\n\n\n\n<figure class=\"wp-block-image size-full\"><img loading=\"lazy\" decoding=\"async\" width=\"1024\" height=\"678\" src=\"https:\/\/fiorentini-polska.com\/wp-content\/uploads\/2024\/02\/Fast_plant-1024x678-1.png\" alt=\"\" class=\"wp-image-27377\" srcset=\"https:\/\/www.fiorentini-polska.com\/wp-content\/uploads\/2024\/02\/Fast_plant-1024x678-1.png 1024w, https:\/\/www.fiorentini-polska.com\/wp-content\/uploads\/2024\/02\/Fast_plant-1024x678-1-300x199.png 300w, https:\/\/www.fiorentini-polska.com\/wp-content\/uploads\/2024\/02\/Fast_plant-1024x678-1-768x509.png 768w\" sizes=\"auto, (max-width: 1024px) 100vw, 1024px\" \/><\/figure>\n<\/div><\/div>\n\n\n\n<div style=\"height:32px\" aria-hidden=\"true\" class=\"wp-block-spacer\"><\/div>\n\n\n\n<div id=\"data-management-solutions\" class=\"wp-block-group\"><div class=\"wp-block-group__inner-container is-layout-flow wp-block-group-is-layout-flow\">\n<h3 class=\"wp-block-heading\"><strong>Data management solutions<\/strong><br>&nbsp;<\/h3>\n\n\n<div class=\"wp-block-image\">\n<figure class=\"alignleft size-full is-resized\"><img loading=\"lazy\" decoding=\"async\" width=\"1024\" height=\"329\" src=\"https:\/\/fiorentini-polska.com\/wp-content\/uploads\/2024\/02\/Terranova-CMYK-01-1-1024x329-1.png\" alt=\"\" class=\"wp-image-27375\" style=\"width:400px\" srcset=\"https:\/\/www.fiorentini-polska.com\/wp-content\/uploads\/2024\/02\/Terranova-CMYK-01-1-1024x329-1.png 1024w, https:\/\/www.fiorentini-polska.com\/wp-content\/uploads\/2024\/02\/Terranova-CMYK-01-1-1024x329-1-300x96.png 300w, https:\/\/www.fiorentini-polska.com\/wp-content\/uploads\/2024\/02\/Terranova-CMYK-01-1-1024x329-1-768x247.png 768w\" sizes=\"auto, (max-width: 1024px) 100vw, 1024px\" \/><\/figure>\n<\/div>\n\n\n<p>Terranova is <strong>a leading software supplier <\/strong>for water, gas and electricity sectors. With many years of expertise <strong>within smart metering, workforce <\/strong>and<strong> smart grid management<\/strong>, the Company offers a wide range of software that can be tailored to meet <strong>even the most complex demands<\/strong> of the utility sector.<\/p>\n\n\n\n<p><strong>TAMM <\/strong>is a multiservice software system designed to automate the processes of remote metering and remote management of water (but also electricity and gas) meters in a smart metering scenario. The TAMM application is designed to support distribution companies in the processes involved in<strong> remote metering and remote management<\/strong>, in compliance with established functional, efficiency and security standards in different application scenarios (industrial, commercial, and residential).<\/p>\n\n\n\n<p>For further information please visit <a href=\"https:\/\/www.terranovasoftware.eu\/eu\" target=\"_blank\" rel=\"noreferrer noopener\">terranovasoftware.eu<\/a>.<\/p>\n\n\n\n<div style=\"height:32px\" aria-hidden=\"true\" class=\"wp-block-spacer\"><\/div>\n\n\n\n<figure class=\"wp-block-image size-full\"><img loading=\"lazy\" decoding=\"async\" width=\"747\" height=\"665\" src=\"https:\/\/fiorentini-polska.com\/wp-content\/uploads\/2024\/02\/Terranova_watermetering.png\" alt=\"\" class=\"wp-image-27373\" srcset=\"https:\/\/www.fiorentini-polska.com\/wp-content\/uploads\/2024\/02\/Terranova_watermetering.png 747w, https:\/\/www.fiorentini-polska.com\/wp-content\/uploads\/2024\/02\/Terranova_watermetering-300x267.png 300w\" sizes=\"auto, (max-width: 747px) 100vw, 747px\" \/><\/figure>\n<\/div><\/div>\n\n\n\n<div style=\"height:32px\" aria-hidden=\"true\" class=\"wp-block-spacer\"><\/div>\n\n\n\n<div id=\"on-field-workforce-management\" class=\"wp-block-group\"><div class=\"wp-block-group__inner-container is-layout-flow wp-block-group-is-layout-flow\">\n<h3 class=\"wp-block-heading\"><strong>On-field workforce management<\/strong><br>&nbsp;<\/h3>\n\n\n<div class=\"wp-block-image\">\n<figure class=\"alignleft size-full\"><img loading=\"lazy\" decoding=\"async\" width=\"300\" height=\"87\" src=\"https:\/\/fiorentini-polska.com\/wp-content\/uploads\/2024\/02\/Logo-Arcoda-300x87-1.png\" alt=\"\" class=\"wp-image-27371\"\/><\/figure>\n<\/div>\n\n\n<p>Arcoda is a company of the <strong>Terranova Group<\/strong> that develops technological solutions designed for <strong>managing workforces<\/strong> deployed on the ground, in order to continuously enhance the quality of services, while cutting back on time and costs. Arcoda products range from <strong>satellite tracking<\/strong> to the most modern applications of <strong>augmented reality: <\/strong>each software is engineered to best integrate corporate flows and assist businesses in their digitalization process.<\/p>\n\n\n\n<p>The high level of innovation of all its solutions has made Arcoda an accredited partner of <strong>top-ranking international companies<\/strong> aiming to efficiently deploy their field workforce while looking constantly forward.<\/p>\n\n\n\n<p>For further information please visit <a href=\"https:\/\/www.arcoda.it\/ws\/en\/index.html\" target=\"_blank\" rel=\"noreferrer noopener\">arcoda.it<\/a>.<\/p>\n\n\n\n<div style=\"height:32px\" aria-hidden=\"true\" class=\"wp-block-spacer\"><\/div>\n\n\n\n<figure class=\"wp-block-image size-full\"><img loading=\"lazy\" decoding=\"async\" width=\"1002\" height=\"454\" src=\"https:\/\/fiorentini-polska.com\/wp-content\/uploads\/2024\/02\/arcoda_tracking.jpg\" alt=\"\" class=\"wp-image-27369\" srcset=\"https:\/\/www.fiorentini-polska.com\/wp-content\/uploads\/2024\/02\/arcoda_tracking.jpg 1002w, https:\/\/www.fiorentini-polska.com\/wp-content\/uploads\/2024\/02\/arcoda_tracking-300x136.jpg 300w, https:\/\/www.fiorentini-polska.com\/wp-content\/uploads\/2024\/02\/arcoda_tracking-768x348.jpg 768w\" sizes=\"auto, (max-width: 1002px) 100vw, 1002px\" \/><\/figure>\n<\/div><\/div>\n","protected":false},"excerpt":{"rendered":"<p>Water cycle control technologies, data management solutions to support distribution companies in the processes involved in remote metering and remote management, on-field workforce management through satellite tracking: these are some of the solutions we can provide.<\/p>\n","protected":false},"author":12,"featured_media":0,"parent":27444,"menu_order":1,"comment_status":"closed","ping_status":"closed","template":"template-expertise-post.php","meta":{"_acf_changed":false,"inline_featured_image":false,"footnotes":""},"class_list":["post-27451","page","type-page","status-publish","hentry"],"acf":[],"yoast_head":"<!-- This site is optimized with the Yoast SEO plugin v27.2 - https:\/\/yoast.com\/product\/yoast-seo-wordpress\/ -->\n<title>Solutions for water cycle control and monitoring - Pietro Fiorentini<\/title>\n<meta name=\"description\" content=\"Within the Pietro Fiorentini Group there are many companies that develop solutions for the water sector.\" \/>\n<meta name=\"robots\" content=\"index, follow, max-snippet:-1, max-image-preview:large, max-video-preview:-1\" \/>\n<link rel=\"canonical\" href=\"https:\/\/www.fiorentini-polska.com\/en\/expertise\/water\/solutions-for-water-cycle-control-and-monitoring\/\" \/>\n<meta property=\"og:locale\" content=\"en_US\" \/>\n<meta property=\"og:type\" content=\"article\" \/>\n<meta property=\"og:title\" content=\"Solutions for water cycle control and monitoring - Pietro Fiorentini\" \/>\n<meta property=\"og:description\" content=\"Within the Pietro Fiorentini Group there are many companies that develop solutions for the water sector.\" \/>\n<meta property=\"og:url\" content=\"https:\/\/www.fiorentini-polska.com\/en\/expertise\/water\/solutions-for-water-cycle-control-and-monitoring\/\" \/>\n<meta property=\"og:site_name\" content=\"Pietro Fiorentini\" \/>\n<meta property=\"article:modified_time\" content=\"2024-10-20T09:27:45+00:00\" \/>\n<meta property=\"og:image\" content=\"https:\/\/fiorentini-polska.com\/wp-content\/uploads\/2024\/02\/Fast_Logo.png\" \/>\n<meta name=\"twitter:card\" content=\"summary_large_image\" \/>\n<meta name=\"twitter:site\" content=\"@FiorentiniSpa\" \/>\n<meta name=\"twitter:label1\" content=\"Est. reading time\" \/>\n\t<meta name=\"twitter:data1\" content=\"22 minutes\" \/>\n<script type=\"application\/ld+json\" class=\"yoast-schema-graph\">{\"@context\":\"https:\/\/schema.org\",\"@graph\":[{\"@type\":\"WebPage\",\"@id\":\"https:\/\/www.fiorentini-polska.com\/en\/expertise\/water\/solutions-for-water-cycle-control-and-monitoring\/\",\"url\":\"https:\/\/www.fiorentini-polska.com\/en\/expertise\/water\/solutions-for-water-cycle-control-and-monitoring\/\",\"name\":\"Solutions for water cycle control and monitoring - Pietro Fiorentini\",\"isPartOf\":{\"@id\":\"https:\/\/fiorentini-polska.com\/en\/#website\"},\"primaryImageOfPage\":{\"@id\":\"https:\/\/www.fiorentini-polska.com\/en\/expertise\/water\/solutions-for-water-cycle-control-and-monitoring\/#primaryimage\"},\"image\":{\"@id\":\"https:\/\/www.fiorentini-polska.com\/en\/expertise\/water\/solutions-for-water-cycle-control-and-monitoring\/#primaryimage\"},\"thumbnailUrl\":\"https:\/\/fiorentini-polska.com\/wp-content\/uploads\/2024\/02\/Fast_Logo.png\",\"datePublished\":\"2024-02-13T22:39:07+00:00\",\"dateModified\":\"2024-10-20T09:27:45+00:00\",\"description\":\"Within the Pietro Fiorentini Group there are many companies that develop solutions for the water sector.\",\"breadcrumb\":{\"@id\":\"https:\/\/www.fiorentini-polska.com\/en\/expertise\/water\/solutions-for-water-cycle-control-and-monitoring\/#breadcrumb\"},\"inLanguage\":\"en-US\",\"potentialAction\":[{\"@type\":\"ReadAction\",\"target\":[\"https:\/\/www.fiorentini-polska.com\/en\/expertise\/water\/solutions-for-water-cycle-control-and-monitoring\/\"]}]},{\"@type\":\"ImageObject\",\"inLanguage\":\"en-US\",\"@id\":\"https:\/\/www.fiorentini-polska.com\/en\/expertise\/water\/solutions-for-water-cycle-control-and-monitoring\/#primaryimage\",\"url\":\"https:\/\/fiorentini-polska.com\/wp-content\/uploads\/2024\/02\/Fast_Logo.png\",\"contentUrl\":\"https:\/\/fiorentini-polska.com\/wp-content\/uploads\/2024\/02\/Fast_Logo.png\"},{\"@type\":\"BreadcrumbList\",\"@id\":\"https:\/\/www.fiorentini-polska.com\/en\/expertise\/water\/solutions-for-water-cycle-control-and-monitoring\/#breadcrumb\",\"itemListElement\":[{\"@type\":\"ListItem\",\"position\":1,\"name\":\"Home\",\"item\":\"https:\/\/fiorentini-polska.com\/en\/\"},{\"@type\":\"ListItem\",\"position\":2,\"name\":\"Expertise\",\"item\":\"https:\/\/fiorentini-polska.com\/en\/expertise\/\"},{\"@type\":\"ListItem\",\"position\":3,\"name\":\"Water\",\"item\":\"https:\/\/www.fiorentini-polska.com\/en\/expertise\/water\/\"},{\"@type\":\"ListItem\",\"position\":4,\"name\":\"Solutions for water cycle control and monitoring\"}]},{\"@type\":\"WebSite\",\"@id\":\"https:\/\/fiorentini-polska.com\/en\/#website\",\"url\":\"https:\/\/fiorentini-polska.com\/en\/\",\"name\":\"Pietro Fiorentini Polska\",\"description\":\"Pietro Fiorentini projektuje i produkuje komponenty, systemy i us\u0142ugi do regulacji, pomiar\u00f3w i zarz\u0105dzania rop\u0105 naftow\u0105 i gazem.\",\"publisher\":{\"@id\":\"https:\/\/fiorentini-polska.com\/en\/#organization\"},\"potentialAction\":[{\"@type\":\"SearchAction\",\"target\":{\"@type\":\"EntryPoint\",\"urlTemplate\":\"https:\/\/fiorentini-polska.com\/en\/?s={search_term_string}\"},\"query-input\":{\"@type\":\"PropertyValueSpecification\",\"valueRequired\":true,\"valueName\":\"search_term_string\"}}],\"inLanguage\":\"en-US\"},{\"@type\":\"Organization\",\"@id\":\"https:\/\/fiorentini-polska.com\/en\/#organization\",\"name\":\"Pietro Fiorentini Polska\",\"url\":\"https:\/\/fiorentini-polska.com\/en\/\",\"logo\":{\"@type\":\"ImageObject\",\"inLanguage\":\"en-US\",\"@id\":\"https:\/\/fiorentini-polska.com\/en\/#\/schema\/logo\/image\/\",\"url\":\"https:\/\/www.fiorentini-polska.com\/wp-content\/uploads\/2021\/07\/LOGO_CMYK_COLOR.png\",\"contentUrl\":\"https:\/\/www.fiorentini-polska.com\/wp-content\/uploads\/2021\/07\/LOGO_CMYK_COLOR.png\",\"width\":3077,\"height\":1259,\"caption\":\"Pietro Fiorentini Polska\"},\"image\":{\"@id\":\"https:\/\/fiorentini-polska.com\/en\/#\/schema\/logo\/image\/\"},\"sameAs\":[\"https:\/\/x.com\/FiorentiniSpa\"]}]}<\/script>\n<!-- \/ Yoast SEO plugin. -->","yoast_head_json":{"title":"Solutions for water cycle control and monitoring - Pietro Fiorentini","description":"Within the Pietro Fiorentini Group there are many companies that develop solutions for the water sector.","robots":{"index":"index","follow":"follow","max-snippet":"max-snippet:-1","max-image-preview":"max-image-preview:large","max-video-preview":"max-video-preview:-1"},"canonical":"https:\/\/www.fiorentini-polska.com\/en\/expertise\/water\/solutions-for-water-cycle-control-and-monitoring\/","og_locale":"en_US","og_type":"article","og_title":"Solutions for water cycle control and monitoring - Pietro Fiorentini","og_description":"Within the Pietro Fiorentini Group there are many companies that develop solutions for the water sector.","og_url":"https:\/\/www.fiorentini-polska.com\/en\/expertise\/water\/solutions-for-water-cycle-control-and-monitoring\/","og_site_name":"Pietro Fiorentini","article_modified_time":"2024-10-20T09:27:45+00:00","og_image":[{"url":"https:\/\/fiorentini-polska.com\/wp-content\/uploads\/2024\/02\/Fast_Logo.png","type":"","width":"","height":""}],"twitter_card":"summary_large_image","twitter_site":"@FiorentiniSpa","twitter_misc":{"Est. reading time":"22 minutes"},"schema":{"@context":"https:\/\/schema.org","@graph":[{"@type":"WebPage","@id":"https:\/\/www.fiorentini-polska.com\/en\/expertise\/water\/solutions-for-water-cycle-control-and-monitoring\/","url":"https:\/\/www.fiorentini-polska.com\/en\/expertise\/water\/solutions-for-water-cycle-control-and-monitoring\/","name":"Solutions for water cycle control and monitoring - Pietro Fiorentini","isPartOf":{"@id":"https:\/\/fiorentini-polska.com\/en\/#website"},"primaryImageOfPage":{"@id":"https:\/\/www.fiorentini-polska.com\/en\/expertise\/water\/solutions-for-water-cycle-control-and-monitoring\/#primaryimage"},"image":{"@id":"https:\/\/www.fiorentini-polska.com\/en\/expertise\/water\/solutions-for-water-cycle-control-and-monitoring\/#primaryimage"},"thumbnailUrl":"https:\/\/fiorentini-polska.com\/wp-content\/uploads\/2024\/02\/Fast_Logo.png","datePublished":"2024-02-13T22:39:07+00:00","dateModified":"2024-10-20T09:27:45+00:00","description":"Within the Pietro Fiorentini Group there are many companies that develop solutions for the water sector.","breadcrumb":{"@id":"https:\/\/www.fiorentini-polska.com\/en\/expertise\/water\/solutions-for-water-cycle-control-and-monitoring\/#breadcrumb"},"inLanguage":"en-US","potentialAction":[{"@type":"ReadAction","target":["https:\/\/www.fiorentini-polska.com\/en\/expertise\/water\/solutions-for-water-cycle-control-and-monitoring\/"]}]},{"@type":"ImageObject","inLanguage":"en-US","@id":"https:\/\/www.fiorentini-polska.com\/en\/expertise\/water\/solutions-for-water-cycle-control-and-monitoring\/#primaryimage","url":"https:\/\/fiorentini-polska.com\/wp-content\/uploads\/2024\/02\/Fast_Logo.png","contentUrl":"https:\/\/fiorentini-polska.com\/wp-content\/uploads\/2024\/02\/Fast_Logo.png"},{"@type":"BreadcrumbList","@id":"https:\/\/www.fiorentini-polska.com\/en\/expertise\/water\/solutions-for-water-cycle-control-and-monitoring\/#breadcrumb","itemListElement":[{"@type":"ListItem","position":1,"name":"Home","item":"https:\/\/fiorentini-polska.com\/en\/"},{"@type":"ListItem","position":2,"name":"Expertise","item":"https:\/\/fiorentini-polska.com\/en\/expertise\/"},{"@type":"ListItem","position":3,"name":"Water","item":"https:\/\/www.fiorentini-polska.com\/en\/expertise\/water\/"},{"@type":"ListItem","position":4,"name":"Solutions for water cycle control and monitoring"}]},{"@type":"WebSite","@id":"https:\/\/fiorentini-polska.com\/en\/#website","url":"https:\/\/fiorentini-polska.com\/en\/","name":"Pietro Fiorentini Polska","description":"Pietro Fiorentini projektuje i produkuje komponenty, systemy i us\u0142ugi do regulacji, pomiar\u00f3w i zarz\u0105dzania rop\u0105 naftow\u0105 i gazem.","publisher":{"@id":"https:\/\/fiorentini-polska.com\/en\/#organization"},"potentialAction":[{"@type":"SearchAction","target":{"@type":"EntryPoint","urlTemplate":"https:\/\/fiorentini-polska.com\/en\/?s={search_term_string}"},"query-input":{"@type":"PropertyValueSpecification","valueRequired":true,"valueName":"search_term_string"}}],"inLanguage":"en-US"},{"@type":"Organization","@id":"https:\/\/fiorentini-polska.com\/en\/#organization","name":"Pietro Fiorentini Polska","url":"https:\/\/fiorentini-polska.com\/en\/","logo":{"@type":"ImageObject","inLanguage":"en-US","@id":"https:\/\/fiorentini-polska.com\/en\/#\/schema\/logo\/image\/","url":"https:\/\/www.fiorentini-polska.com\/wp-content\/uploads\/2021\/07\/LOGO_CMYK_COLOR.png","contentUrl":"https:\/\/www.fiorentini-polska.com\/wp-content\/uploads\/2021\/07\/LOGO_CMYK_COLOR.png","width":3077,"height":1259,"caption":"Pietro Fiorentini Polska"},"image":{"@id":"https:\/\/fiorentini-polska.com\/en\/#\/schema\/logo\/image\/"},"sameAs":["https:\/\/x.com\/FiorentiniSpa"]}]}},"_links":{"self":[{"href":"https:\/\/www.fiorentini-polska.com\/en\/wp-json\/wp\/v2\/pages\/27451","targetHints":{"allow":["GET"]}}],"collection":[{"href":"https:\/\/www.fiorentini-polska.com\/en\/wp-json\/wp\/v2\/pages"}],"about":[{"href":"https:\/\/www.fiorentini-polska.com\/en\/wp-json\/wp\/v2\/types\/page"}],"author":[{"embeddable":true,"href":"https:\/\/www.fiorentini-polska.com\/en\/wp-json\/wp\/v2\/users\/12"}],"replies":[{"embeddable":true,"href":"https:\/\/www.fiorentini-polska.com\/en\/wp-json\/wp\/v2\/comments?post=27451"}],"version-history":[{"count":1,"href":"https:\/\/www.fiorentini-polska.com\/en\/wp-json\/wp\/v2\/pages\/27451\/revisions"}],"predecessor-version":[{"id":27452,"href":"https:\/\/www.fiorentini-polska.com\/en\/wp-json\/wp\/v2\/pages\/27451\/revisions\/27452"}],"up":[{"embeddable":true,"href":"https:\/\/www.fiorentini-polska.com\/en\/wp-json\/wp\/v2\/pages\/27444"}],"wp:attachment":[{"href":"https:\/\/www.fiorentini-polska.com\/en\/wp-json\/wp\/v2\/media?parent=27451"}],"curies":[{"name":"wp","href":"https:\/\/api.w.org\/{rel}","templated":true}]}}