{"id":27768,"date":"2024-02-26T12:53:53","date_gmt":"2024-02-26T11:53:53","guid":{"rendered":"https:\/\/fiorentini-polska.com\/?page_id=27768"},"modified":"2024-02-26T12:54:56","modified_gmt":"2024-02-26T11:54:56","slug":"decarbonisation-decentralisation-and-digitalisation","status":"publish","type":"page","link":"https:\/\/www.fiorentini-polska.com\/en\/expertise\/smart-gas-grids\/decarbonisation-decentralisation-and-digitalisation\/","title":{"rendered":"Decarbonisation, decentralisation and digitalisation"},"content":{"rendered":"\n<p>By joining the&nbsp;<a href=\"https:\/\/ec.europa.eu\/info\/strategy\/priorities-2019-2024\/european-green-deal_en\" target=\"_blank\" rel=\"noreferrer noopener\">Green Deal<\/a>, the European Union has committed to reducing net greenhouse gas emissions to zero by 2050, with intermediate targets for 2030 and 2040. The action plan includes both the&nbsp;<strong>promotion of the efficient use of resources<\/strong>&nbsp;by moving towards a clean, circular economy, and the&nbsp;<strong>restoration of biodiversity and reduction of pollution<\/strong>.<\/p>\n\n\n\n<p>Smart Grids can greatly contribute to achieving these European objectives. In regard to electricity distribution, implementing Smart Grids means:<\/p>\n\n\n\n<ul class=\"wp-block-list\">\n<li>exploiting information technologies to enable the&nbsp;<strong>exchange of data and information<\/strong>&nbsp;between the various nodes in order to&nbsp;<strong>optimize<\/strong>&nbsp;<strong>flows<\/strong>;<\/li>\n\n\n\n<li>transforming the role of the final consumer from&nbsp;<strong>passive user to producer of energy<\/strong>&nbsp;(for example, via solar panels on their roofs)&nbsp;<strong>and informer&nbsp;<\/strong>that helps the grid to plan efficient usage and prevent peaks in power and excess production;<\/li>\n\n\n\n<li>maximising the&nbsp;<strong>safety and eliminating leakage and waste<\/strong>&nbsp;and thus reducing consumption;<\/li>\n\n\n\n<li>integrating\u00a0<em>Distributed Energy Resources<\/em>\u00a0(DER) within the grid, changing the\u00a0<strong>distribution model from oligarchic to distributed<\/strong>. The more small renewable energy plants become more widespread, the closer the places where energy is produced and consumed will become (even coinciding in some cases), leading to the elimination of leakage on long transmission backbones.<br>\u00a0<\/li>\n<\/ul>\n\n\n<div class=\"wp-block-image\">\n<figure class=\"aligncenter size-full is-resized\"><img loading=\"lazy\" decoding=\"async\" width=\"951\" height=\"765\" src=\"https:\/\/fiorentini-polska.com\/wp-content\/uploads\/2024\/02\/Expertise_SmartGasGrids_1EN.jpg\" alt=\"\" class=\"wp-image-27769\" style=\"width:771px;height:auto\" srcset=\"https:\/\/www.fiorentini-polska.com\/wp-content\/uploads\/2024\/02\/Expertise_SmartGasGrids_1EN.jpg 951w, https:\/\/www.fiorentini-polska.com\/wp-content\/uploads\/2024\/02\/Expertise_SmartGasGrids_1EN-300x241.jpg 300w, https:\/\/www.fiorentini-polska.com\/wp-content\/uploads\/2024\/02\/Expertise_SmartGasGrids_1EN-768x618.jpg 768w\" sizes=\"auto, (max-width: 951px) 100vw, 951px\" \/><\/figure>\n<\/div>\n\n\n<p class=\"has-text-align-center has-cyan-bluish-gray-color has-text-color has-link-color wp-elements-343ee583daf1b9d38806140aed6676dc\"><em>Smart Grids for electricity and gas distribution<\/em><\/p>\n","protected":false},"excerpt":{"rendered":"<p>Smart Grids can greatly contribute to achieving the European objectives of the Green Deal. Smart Grids implementation allows to optimise flows, transforming the final consumer in producer of energy, and maximise the safety and eliminating leakage and waste.<\/p>\n","protected":false},"author":15,"featured_media":0,"parent":27437,"menu_order":0,"comment_status":"closed","ping_status":"closed","template":"template-expertise-post.php","meta":{"_acf_changed":false,"inline_featured_image":false,"footnotes":""},"class_list":["post-27768","page","type-page","status-publish","hentry"],"acf":[],"yoast_head":"<!-- This site is optimized with the Yoast SEO plugin v27.2 - https:\/\/yoast.com\/product\/yoast-seo-wordpress\/ -->\n<title>Decarbonisation, decentralisation and digitalisation - Pietro Fiorentini<\/title>\n<meta name=\"description\" content=\"The action plan includes both the promotion of the efficient use of resources by moving towards a clean, circular economy, and the restoration of biodiversity and reduction of pollution.\" \/>\n<meta name=\"robots\" content=\"index, follow, max-snippet:-1, max-image-preview:large, max-video-preview:-1\" \/>\n<link rel=\"canonical\" href=\"https:\/\/www.fiorentini-polska.com\/en\/expertise\/smart-gas-grids\/decarbonisation-decentralisation-and-digitalisation\/\" \/>\n<meta property=\"og:locale\" content=\"en_US\" \/>\n<meta property=\"og:type\" content=\"article\" \/>\n<meta property=\"og:title\" content=\"Decarbonisation, decentralisation and digitalisation - Pietro Fiorentini\" \/>\n<meta property=\"og:description\" content=\"The action plan includes both the promotion of the efficient use of resources by moving towards a clean, circular economy, and the restoration of biodiversity and reduction of pollution.\" \/>\n<meta property=\"og:url\" content=\"https:\/\/www.fiorentini-polska.com\/en\/expertise\/smart-gas-grids\/decarbonisation-decentralisation-and-digitalisation\/\" \/>\n<meta property=\"og:site_name\" content=\"Pietro Fiorentini\" \/>\n<meta property=\"article:modified_time\" content=\"2024-02-26T11:54:56+00:00\" \/>\n<meta property=\"og:image\" content=\"https:\/\/fiorentini-polska.com\/wp-content\/uploads\/2024\/02\/Expertise_SmartGasGrids_1EN.jpg\" \/>\n<meta name=\"twitter:card\" content=\"summary_large_image\" \/>\n<meta name=\"twitter:site\" content=\"@FiorentiniSpa\" \/>\n<meta name=\"twitter:label1\" content=\"Est. reading time\" \/>\n\t<meta name=\"twitter:data1\" content=\"2 minutes\" \/>\n<script type=\"application\/ld+json\" class=\"yoast-schema-graph\">{\"@context\":\"https:\/\/schema.org\",\"@graph\":[{\"@type\":\"WebPage\",\"@id\":\"https:\/\/www.fiorentini-polska.com\/en\/expertise\/smart-gas-grids\/decarbonisation-decentralisation-and-digitalisation\/\",\"url\":\"https:\/\/www.fiorentini-polska.com\/en\/expertise\/smart-gas-grids\/decarbonisation-decentralisation-and-digitalisation\/\",\"name\":\"Decarbonisation, decentralisation and digitalisation - Pietro Fiorentini\",\"isPartOf\":{\"@id\":\"https:\/\/fiorentini-polska.com\/en\/#website\"},\"primaryImageOfPage\":{\"@id\":\"https:\/\/www.fiorentini-polska.com\/en\/expertise\/smart-gas-grids\/decarbonisation-decentralisation-and-digitalisation\/#primaryimage\"},\"image\":{\"@id\":\"https:\/\/www.fiorentini-polska.com\/en\/expertise\/smart-gas-grids\/decarbonisation-decentralisation-and-digitalisation\/#primaryimage\"},\"thumbnailUrl\":\"https:\/\/fiorentini-polska.com\/wp-content\/uploads\/2024\/02\/Expertise_SmartGasGrids_1EN.jpg\",\"datePublished\":\"2024-02-26T11:53:53+00:00\",\"dateModified\":\"2024-02-26T11:54:56+00:00\",\"description\":\"The action plan includes both the promotion of the efficient use of resources by moving towards a clean, circular economy, and the restoration of biodiversity and reduction of pollution.\",\"breadcrumb\":{\"@id\":\"https:\/\/www.fiorentini-polska.com\/en\/expertise\/smart-gas-grids\/decarbonisation-decentralisation-and-digitalisation\/#breadcrumb\"},\"inLanguage\":\"en-US\",\"potentialAction\":[{\"@type\":\"ReadAction\",\"target\":[\"https:\/\/www.fiorentini-polska.com\/en\/expertise\/smart-gas-grids\/decarbonisation-decentralisation-and-digitalisation\/\"]}]},{\"@type\":\"ImageObject\",\"inLanguage\":\"en-US\",\"@id\":\"https:\/\/www.fiorentini-polska.com\/en\/expertise\/smart-gas-grids\/decarbonisation-decentralisation-and-digitalisation\/#primaryimage\",\"url\":\"https:\/\/fiorentini-polska.com\/wp-content\/uploads\/2024\/02\/Expertise_SmartGasGrids_1EN.jpg\",\"contentUrl\":\"https:\/\/fiorentini-polska.com\/wp-content\/uploads\/2024\/02\/Expertise_SmartGasGrids_1EN.jpg\"},{\"@type\":\"BreadcrumbList\",\"@id\":\"https:\/\/www.fiorentini-polska.com\/en\/expertise\/smart-gas-grids\/decarbonisation-decentralisation-and-digitalisation\/#breadcrumb\",\"itemListElement\":[{\"@type\":\"ListItem\",\"position\":1,\"name\":\"Home\",\"item\":\"https:\/\/fiorentini-polska.com\/en\/\"},{\"@type\":\"ListItem\",\"position\":2,\"name\":\"Expertise\",\"item\":\"https:\/\/fiorentini-polska.com\/en\/expertise\/\"},{\"@type\":\"ListItem\",\"position\":3,\"name\":\"Smart gas grids\",\"item\":\"https:\/\/www.fiorentini-polska.com\/en\/expertise\/smart-gas-grids\/\"},{\"@type\":\"ListItem\",\"position\":4,\"name\":\"Decarbonisation, decentralisation and digitalisation\"}]},{\"@type\":\"WebSite\",\"@id\":\"https:\/\/fiorentini-polska.com\/en\/#website\",\"url\":\"https:\/\/fiorentini-polska.com\/en\/\",\"name\":\"Pietro Fiorentini Polska\",\"description\":\"Pietro Fiorentini projektuje i produkuje komponenty, systemy i us\u0142ugi do regulacji, pomiar\u00f3w i zarz\u0105dzania rop\u0105 naftow\u0105 i gazem.\",\"publisher\":{\"@id\":\"https:\/\/fiorentini-polska.com\/en\/#organization\"},\"potentialAction\":[{\"@type\":\"SearchAction\",\"target\":{\"@type\":\"EntryPoint\",\"urlTemplate\":\"https:\/\/fiorentini-polska.com\/en\/?s={search_term_string}\"},\"query-input\":{\"@type\":\"PropertyValueSpecification\",\"valueRequired\":true,\"valueName\":\"search_term_string\"}}],\"inLanguage\":\"en-US\"},{\"@type\":\"Organization\",\"@id\":\"https:\/\/fiorentini-polska.com\/en\/#organization\",\"name\":\"Pietro Fiorentini Polska\",\"url\":\"https:\/\/fiorentini-polska.com\/en\/\",\"logo\":{\"@type\":\"ImageObject\",\"inLanguage\":\"en-US\",\"@id\":\"https:\/\/fiorentini-polska.com\/en\/#\/schema\/logo\/image\/\",\"url\":\"https:\/\/www.fiorentini-polska.com\/wp-content\/uploads\/2021\/07\/LOGO_CMYK_COLOR.png\",\"contentUrl\":\"https:\/\/www.fiorentini-polska.com\/wp-content\/uploads\/2021\/07\/LOGO_CMYK_COLOR.png\",\"width\":3077,\"height\":1259,\"caption\":\"Pietro Fiorentini Polska\"},\"image\":{\"@id\":\"https:\/\/fiorentini-polska.com\/en\/#\/schema\/logo\/image\/\"},\"sameAs\":[\"https:\/\/x.com\/FiorentiniSpa\"]}]}<\/script>\n<!-- \/ Yoast SEO plugin. -->","yoast_head_json":{"title":"Decarbonisation, decentralisation and digitalisation - Pietro Fiorentini","description":"The action plan includes both the promotion of the efficient use of resources by moving towards a clean, circular economy, and the restoration of biodiversity and reduction of pollution.","robots":{"index":"index","follow":"follow","max-snippet":"max-snippet:-1","max-image-preview":"max-image-preview:large","max-video-preview":"max-video-preview:-1"},"canonical":"https:\/\/www.fiorentini-polska.com\/en\/expertise\/smart-gas-grids\/decarbonisation-decentralisation-and-digitalisation\/","og_locale":"en_US","og_type":"article","og_title":"Decarbonisation, decentralisation and digitalisation - Pietro Fiorentini","og_description":"The action plan includes both the promotion of the efficient use of resources by moving towards a clean, circular economy, and the restoration of biodiversity and reduction of pollution.","og_url":"https:\/\/www.fiorentini-polska.com\/en\/expertise\/smart-gas-grids\/decarbonisation-decentralisation-and-digitalisation\/","og_site_name":"Pietro Fiorentini","article_modified_time":"2024-02-26T11:54:56+00:00","og_image":[{"url":"https:\/\/fiorentini-polska.com\/wp-content\/uploads\/2024\/02\/Expertise_SmartGasGrids_1EN.jpg","type":"","width":"","height":""}],"twitter_card":"summary_large_image","twitter_site":"@FiorentiniSpa","twitter_misc":{"Est. reading time":"2 minutes"},"schema":{"@context":"https:\/\/schema.org","@graph":[{"@type":"WebPage","@id":"https:\/\/www.fiorentini-polska.com\/en\/expertise\/smart-gas-grids\/decarbonisation-decentralisation-and-digitalisation\/","url":"https:\/\/www.fiorentini-polska.com\/en\/expertise\/smart-gas-grids\/decarbonisation-decentralisation-and-digitalisation\/","name":"Decarbonisation, decentralisation and digitalisation - Pietro Fiorentini","isPartOf":{"@id":"https:\/\/fiorentini-polska.com\/en\/#website"},"primaryImageOfPage":{"@id":"https:\/\/www.fiorentini-polska.com\/en\/expertise\/smart-gas-grids\/decarbonisation-decentralisation-and-digitalisation\/#primaryimage"},"image":{"@id":"https:\/\/www.fiorentini-polska.com\/en\/expertise\/smart-gas-grids\/decarbonisation-decentralisation-and-digitalisation\/#primaryimage"},"thumbnailUrl":"https:\/\/fiorentini-polska.com\/wp-content\/uploads\/2024\/02\/Expertise_SmartGasGrids_1EN.jpg","datePublished":"2024-02-26T11:53:53+00:00","dateModified":"2024-02-26T11:54:56+00:00","description":"The action plan includes both the promotion of the efficient use of resources by moving towards a clean, circular economy, and the restoration of biodiversity and reduction of pollution.","breadcrumb":{"@id":"https:\/\/www.fiorentini-polska.com\/en\/expertise\/smart-gas-grids\/decarbonisation-decentralisation-and-digitalisation\/#breadcrumb"},"inLanguage":"en-US","potentialAction":[{"@type":"ReadAction","target":["https:\/\/www.fiorentini-polska.com\/en\/expertise\/smart-gas-grids\/decarbonisation-decentralisation-and-digitalisation\/"]}]},{"@type":"ImageObject","inLanguage":"en-US","@id":"https:\/\/www.fiorentini-polska.com\/en\/expertise\/smart-gas-grids\/decarbonisation-decentralisation-and-digitalisation\/#primaryimage","url":"https:\/\/fiorentini-polska.com\/wp-content\/uploads\/2024\/02\/Expertise_SmartGasGrids_1EN.jpg","contentUrl":"https:\/\/fiorentini-polska.com\/wp-content\/uploads\/2024\/02\/Expertise_SmartGasGrids_1EN.jpg"},{"@type":"BreadcrumbList","@id":"https:\/\/www.fiorentini-polska.com\/en\/expertise\/smart-gas-grids\/decarbonisation-decentralisation-and-digitalisation\/#breadcrumb","itemListElement":[{"@type":"ListItem","position":1,"name":"Home","item":"https:\/\/fiorentini-polska.com\/en\/"},{"@type":"ListItem","position":2,"name":"Expertise","item":"https:\/\/fiorentini-polska.com\/en\/expertise\/"},{"@type":"ListItem","position":3,"name":"Smart gas grids","item":"https:\/\/www.fiorentini-polska.com\/en\/expertise\/smart-gas-grids\/"},{"@type":"ListItem","position":4,"name":"Decarbonisation, decentralisation and digitalisation"}]},{"@type":"WebSite","@id":"https:\/\/fiorentini-polska.com\/en\/#website","url":"https:\/\/fiorentini-polska.com\/en\/","name":"Pietro Fiorentini Polska","description":"Pietro Fiorentini projektuje i produkuje komponenty, systemy i us\u0142ugi do regulacji, pomiar\u00f3w i zarz\u0105dzania rop\u0105 naftow\u0105 i gazem.","publisher":{"@id":"https:\/\/fiorentini-polska.com\/en\/#organization"},"potentialAction":[{"@type":"SearchAction","target":{"@type":"EntryPoint","urlTemplate":"https:\/\/fiorentini-polska.com\/en\/?s={search_term_string}"},"query-input":{"@type":"PropertyValueSpecification","valueRequired":true,"valueName":"search_term_string"}}],"inLanguage":"en-US"},{"@type":"Organization","@id":"https:\/\/fiorentini-polska.com\/en\/#organization","name":"Pietro Fiorentini Polska","url":"https:\/\/fiorentini-polska.com\/en\/","logo":{"@type":"ImageObject","inLanguage":"en-US","@id":"https:\/\/fiorentini-polska.com\/en\/#\/schema\/logo\/image\/","url":"https:\/\/www.fiorentini-polska.com\/wp-content\/uploads\/2021\/07\/LOGO_CMYK_COLOR.png","contentUrl":"https:\/\/www.fiorentini-polska.com\/wp-content\/uploads\/2021\/07\/LOGO_CMYK_COLOR.png","width":3077,"height":1259,"caption":"Pietro Fiorentini Polska"},"image":{"@id":"https:\/\/fiorentini-polska.com\/en\/#\/schema\/logo\/image\/"},"sameAs":["https:\/\/x.com\/FiorentiniSpa"]}]}},"_links":{"self":[{"href":"https:\/\/www.fiorentini-polska.com\/en\/wp-json\/wp\/v2\/pages\/27768","targetHints":{"allow":["GET"]}}],"collection":[{"href":"https:\/\/www.fiorentini-polska.com\/en\/wp-json\/wp\/v2\/pages"}],"about":[{"href":"https:\/\/www.fiorentini-polska.com\/en\/wp-json\/wp\/v2\/types\/page"}],"author":[{"embeddable":true,"href":"https:\/\/www.fiorentini-polska.com\/en\/wp-json\/wp\/v2\/users\/15"}],"replies":[{"embeddable":true,"href":"https:\/\/www.fiorentini-polska.com\/en\/wp-json\/wp\/v2\/comments?post=27768"}],"version-history":[{"count":1,"href":"https:\/\/www.fiorentini-polska.com\/en\/wp-json\/wp\/v2\/pages\/27768\/revisions"}],"predecessor-version":[{"id":27771,"href":"https:\/\/www.fiorentini-polska.com\/en\/wp-json\/wp\/v2\/pages\/27768\/revisions\/27771"}],"up":[{"embeddable":true,"href":"https:\/\/www.fiorentini-polska.com\/en\/wp-json\/wp\/v2\/pages\/27437"}],"wp:attachment":[{"href":"https:\/\/www.fiorentini-polska.com\/en\/wp-json\/wp\/v2\/media?parent=27768"}],"curies":[{"name":"wp","href":"https:\/\/api.w.org\/{rel}","templated":true}]}}