{"id":27775,"date":"2024-02-26T13:06:04","date_gmt":"2024-02-26T12:06:04","guid":{"rendered":"https:\/\/fiorentini-polska.com\/?page_id=27775"},"modified":"2024-02-26T13:06:06","modified_gmt":"2024-02-26T12:06:06","slug":"sustainable-digitalised-grids-for-gas-distribution","status":"publish","type":"page","link":"https:\/\/www.fiorentini-polska.com\/en\/expertise\/smart-gas-grids\/sustainable-digitalised-grids-for-gas-distribution\/","title":{"rendered":"Sustainable, digitalised grids for gas distribution"},"content":{"rendered":"\n<p>Pietro Fiorentini has been actively researching and developing new solutions that can be used in smart grids for years now, especially the natural gas grids.<\/p>\n\n\n\n<p><strong>Current gas distribution networks&nbsp;<\/strong>have a significant limitation:<strong>&nbsp;they are subject to expected leakage<\/strong>, particularly at the junction points between pipes and valves, when accidental damage is caused by excavation work or vehicles that block a connection, or due to the corrosion of insufficiently cathodically protected pipes.<\/p>\n\n\n\n<p>The leaks are directly proportional to the pressure at which the gas is maintained to ensure proper service standards at the delivery points and are particularly&nbsp;<strong>harmful from an environmental perspective<\/strong>. In fact, when burnt, natural gas is the fossil fuel with the lowest environmental impact among those that are currently available. However, if it is released into the atmosphere without being burnt, it is much more harmful than CO<sub>2<\/sub>.<\/p>\n\n\n\n<p>Distributing natural gas through sustainable, smart grids therefore means designing systems which feature:<\/p>\n\n\n\n<ul class=\"wp-block-list\">\n<li><strong>flexibility&nbsp;<\/strong>in managing flows coming from different resources located at multiple injection points and with different properties;<\/li>\n\n\n\n<li>the&nbsp;<strong>ability to<\/strong>&nbsp;<strong>maintain balance<\/strong>&nbsp;within decentralised grids with bidirectional flows;<\/li>\n\n\n\n<li><strong>resilience<\/strong>.<\/li>\n<\/ul>\n","protected":false},"excerpt":{"rendered":"<p>Distributing natural gas through sustainable, smart grids means designing systems which feature flexibility in managing flows, the ability to maintain balance within decentralised grids with bidirectional flows and resilience of the systems themselves.<\/p>\n","protected":false},"author":15,"featured_media":0,"parent":27437,"menu_order":0,"comment_status":"closed","ping_status":"closed","template":"template-expertise-post.php","meta":{"_acf_changed":false,"inline_featured_image":false,"footnotes":""},"class_list":["post-27775","page","type-page","status-publish","hentry"],"acf":[],"yoast_head":"<!-- This site is optimized with the Yoast SEO plugin v27.2 - https:\/\/yoast.com\/product\/yoast-seo-wordpress\/ -->\n<title>Sustainable, digitalised grids for gas distribution - Pietro Fiorentini<\/title>\n<meta name=\"description\" content=\"Pietro Fiorentini has been actively researching and developing new solutions that can be used in smart grids for years now, especially the natural gas grids.\" \/>\n<meta name=\"robots\" content=\"index, follow, max-snippet:-1, max-image-preview:large, max-video-preview:-1\" \/>\n<link rel=\"canonical\" href=\"https:\/\/www.fiorentini-polska.com\/en\/expertise\/smart-gas-grids\/sustainable-digitalised-grids-for-gas-distribution\/\" \/>\n<meta property=\"og:locale\" content=\"en_US\" \/>\n<meta property=\"og:type\" content=\"article\" \/>\n<meta property=\"og:title\" content=\"Sustainable, digitalised grids for gas distribution - Pietro Fiorentini\" \/>\n<meta property=\"og:description\" content=\"Pietro Fiorentini has been actively researching and developing new solutions that can be used in smart grids for years now, especially the natural gas grids.\" \/>\n<meta property=\"og:url\" content=\"https:\/\/www.fiorentini-polska.com\/en\/expertise\/smart-gas-grids\/sustainable-digitalised-grids-for-gas-distribution\/\" \/>\n<meta property=\"og:site_name\" content=\"Pietro Fiorentini\" \/>\n<meta property=\"article:modified_time\" content=\"2024-02-26T12:06:06+00:00\" \/>\n<meta name=\"twitter:card\" content=\"summary_large_image\" \/>\n<meta name=\"twitter:site\" content=\"@FiorentiniSpa\" \/>\n<meta name=\"twitter:label1\" content=\"Est. reading time\" \/>\n\t<meta name=\"twitter:data1\" content=\"1 minute\" \/>\n<script type=\"application\/ld+json\" class=\"yoast-schema-graph\">{\"@context\":\"https:\/\/schema.org\",\"@graph\":[{\"@type\":\"WebPage\",\"@id\":\"https:\/\/www.fiorentini-polska.com\/en\/expertise\/smart-gas-grids\/sustainable-digitalised-grids-for-gas-distribution\/\",\"url\":\"https:\/\/www.fiorentini-polska.com\/en\/expertise\/smart-gas-grids\/sustainable-digitalised-grids-for-gas-distribution\/\",\"name\":\"Sustainable, digitalised grids for gas distribution - Pietro Fiorentini\",\"isPartOf\":{\"@id\":\"https:\/\/fiorentini-polska.com\/en\/#website\"},\"datePublished\":\"2024-02-26T12:06:04+00:00\",\"dateModified\":\"2024-02-26T12:06:06+00:00\",\"description\":\"Pietro Fiorentini has been actively researching and developing new solutions that can be used in smart grids for years now, especially the natural gas grids.\",\"breadcrumb\":{\"@id\":\"https:\/\/www.fiorentini-polska.com\/en\/expertise\/smart-gas-grids\/sustainable-digitalised-grids-for-gas-distribution\/#breadcrumb\"},\"inLanguage\":\"en-US\",\"potentialAction\":[{\"@type\":\"ReadAction\",\"target\":[\"https:\/\/www.fiorentini-polska.com\/en\/expertise\/smart-gas-grids\/sustainable-digitalised-grids-for-gas-distribution\/\"]}]},{\"@type\":\"BreadcrumbList\",\"@id\":\"https:\/\/www.fiorentini-polska.com\/en\/expertise\/smart-gas-grids\/sustainable-digitalised-grids-for-gas-distribution\/#breadcrumb\",\"itemListElement\":[{\"@type\":\"ListItem\",\"position\":1,\"name\":\"Home\",\"item\":\"https:\/\/fiorentini-polska.com\/en\/\"},{\"@type\":\"ListItem\",\"position\":2,\"name\":\"Expertise\",\"item\":\"https:\/\/fiorentini-polska.com\/en\/expertise\/\"},{\"@type\":\"ListItem\",\"position\":3,\"name\":\"Smart gas grids\",\"item\":\"https:\/\/www.fiorentini-polska.com\/en\/expertise\/smart-gas-grids\/\"},{\"@type\":\"ListItem\",\"position\":4,\"name\":\"Sustainable, digitalised grids for gas distribution\"}]},{\"@type\":\"WebSite\",\"@id\":\"https:\/\/fiorentini-polska.com\/en\/#website\",\"url\":\"https:\/\/fiorentini-polska.com\/en\/\",\"name\":\"Pietro Fiorentini Polska\",\"description\":\"Pietro Fiorentini projektuje i produkuje komponenty, systemy i us\u0142ugi do regulacji, pomiar\u00f3w i zarz\u0105dzania rop\u0105 naftow\u0105 i gazem.\",\"publisher\":{\"@id\":\"https:\/\/fiorentini-polska.com\/en\/#organization\"},\"potentialAction\":[{\"@type\":\"SearchAction\",\"target\":{\"@type\":\"EntryPoint\",\"urlTemplate\":\"https:\/\/fiorentini-polska.com\/en\/?s={search_term_string}\"},\"query-input\":{\"@type\":\"PropertyValueSpecification\",\"valueRequired\":true,\"valueName\":\"search_term_string\"}}],\"inLanguage\":\"en-US\"},{\"@type\":\"Organization\",\"@id\":\"https:\/\/fiorentini-polska.com\/en\/#organization\",\"name\":\"Pietro Fiorentini Polska\",\"url\":\"https:\/\/fiorentini-polska.com\/en\/\",\"logo\":{\"@type\":\"ImageObject\",\"inLanguage\":\"en-US\",\"@id\":\"https:\/\/fiorentini-polska.com\/en\/#\/schema\/logo\/image\/\",\"url\":\"https:\/\/www.fiorentini-polska.com\/wp-content\/uploads\/2021\/07\/LOGO_CMYK_COLOR.png\",\"contentUrl\":\"https:\/\/www.fiorentini-polska.com\/wp-content\/uploads\/2021\/07\/LOGO_CMYK_COLOR.png\",\"width\":3077,\"height\":1259,\"caption\":\"Pietro Fiorentini Polska\"},\"image\":{\"@id\":\"https:\/\/fiorentini-polska.com\/en\/#\/schema\/logo\/image\/\"},\"sameAs\":[\"https:\/\/x.com\/FiorentiniSpa\"]}]}<\/script>\n<!-- \/ Yoast SEO plugin. -->","yoast_head_json":{"title":"Sustainable, digitalised grids for gas distribution - Pietro Fiorentini","description":"Pietro Fiorentini has been actively researching and developing new solutions that can be used in smart grids for years now, especially the natural gas grids.","robots":{"index":"index","follow":"follow","max-snippet":"max-snippet:-1","max-image-preview":"max-image-preview:large","max-video-preview":"max-video-preview:-1"},"canonical":"https:\/\/www.fiorentini-polska.com\/en\/expertise\/smart-gas-grids\/sustainable-digitalised-grids-for-gas-distribution\/","og_locale":"en_US","og_type":"article","og_title":"Sustainable, digitalised grids for gas distribution - Pietro Fiorentini","og_description":"Pietro Fiorentini has been actively researching and developing new solutions that can be used in smart grids for years now, especially the natural gas grids.","og_url":"https:\/\/www.fiorentini-polska.com\/en\/expertise\/smart-gas-grids\/sustainable-digitalised-grids-for-gas-distribution\/","og_site_name":"Pietro Fiorentini","article_modified_time":"2024-02-26T12:06:06+00:00","twitter_card":"summary_large_image","twitter_site":"@FiorentiniSpa","twitter_misc":{"Est. reading time":"1 minute"},"schema":{"@context":"https:\/\/schema.org","@graph":[{"@type":"WebPage","@id":"https:\/\/www.fiorentini-polska.com\/en\/expertise\/smart-gas-grids\/sustainable-digitalised-grids-for-gas-distribution\/","url":"https:\/\/www.fiorentini-polska.com\/en\/expertise\/smart-gas-grids\/sustainable-digitalised-grids-for-gas-distribution\/","name":"Sustainable, digitalised grids for gas distribution - Pietro Fiorentini","isPartOf":{"@id":"https:\/\/fiorentini-polska.com\/en\/#website"},"datePublished":"2024-02-26T12:06:04+00:00","dateModified":"2024-02-26T12:06:06+00:00","description":"Pietro Fiorentini has been actively researching and developing new solutions that can be used in smart grids for years now, especially the natural gas grids.","breadcrumb":{"@id":"https:\/\/www.fiorentini-polska.com\/en\/expertise\/smart-gas-grids\/sustainable-digitalised-grids-for-gas-distribution\/#breadcrumb"},"inLanguage":"en-US","potentialAction":[{"@type":"ReadAction","target":["https:\/\/www.fiorentini-polska.com\/en\/expertise\/smart-gas-grids\/sustainable-digitalised-grids-for-gas-distribution\/"]}]},{"@type":"BreadcrumbList","@id":"https:\/\/www.fiorentini-polska.com\/en\/expertise\/smart-gas-grids\/sustainable-digitalised-grids-for-gas-distribution\/#breadcrumb","itemListElement":[{"@type":"ListItem","position":1,"name":"Home","item":"https:\/\/fiorentini-polska.com\/en\/"},{"@type":"ListItem","position":2,"name":"Expertise","item":"https:\/\/fiorentini-polska.com\/en\/expertise\/"},{"@type":"ListItem","position":3,"name":"Smart gas grids","item":"https:\/\/www.fiorentini-polska.com\/en\/expertise\/smart-gas-grids\/"},{"@type":"ListItem","position":4,"name":"Sustainable, digitalised grids for gas distribution"}]},{"@type":"WebSite","@id":"https:\/\/fiorentini-polska.com\/en\/#website","url":"https:\/\/fiorentini-polska.com\/en\/","name":"Pietro Fiorentini Polska","description":"Pietro Fiorentini projektuje i produkuje komponenty, systemy i us\u0142ugi do regulacji, pomiar\u00f3w i zarz\u0105dzania rop\u0105 naftow\u0105 i gazem.","publisher":{"@id":"https:\/\/fiorentini-polska.com\/en\/#organization"},"potentialAction":[{"@type":"SearchAction","target":{"@type":"EntryPoint","urlTemplate":"https:\/\/fiorentini-polska.com\/en\/?s={search_term_string}"},"query-input":{"@type":"PropertyValueSpecification","valueRequired":true,"valueName":"search_term_string"}}],"inLanguage":"en-US"},{"@type":"Organization","@id":"https:\/\/fiorentini-polska.com\/en\/#organization","name":"Pietro Fiorentini Polska","url":"https:\/\/fiorentini-polska.com\/en\/","logo":{"@type":"ImageObject","inLanguage":"en-US","@id":"https:\/\/fiorentini-polska.com\/en\/#\/schema\/logo\/image\/","url":"https:\/\/www.fiorentini-polska.com\/wp-content\/uploads\/2021\/07\/LOGO_CMYK_COLOR.png","contentUrl":"https:\/\/www.fiorentini-polska.com\/wp-content\/uploads\/2021\/07\/LOGO_CMYK_COLOR.png","width":3077,"height":1259,"caption":"Pietro Fiorentini Polska"},"image":{"@id":"https:\/\/fiorentini-polska.com\/en\/#\/schema\/logo\/image\/"},"sameAs":["https:\/\/x.com\/FiorentiniSpa"]}]}},"_links":{"self":[{"href":"https:\/\/www.fiorentini-polska.com\/en\/wp-json\/wp\/v2\/pages\/27775","targetHints":{"allow":["GET"]}}],"collection":[{"href":"https:\/\/www.fiorentini-polska.com\/en\/wp-json\/wp\/v2\/pages"}],"about":[{"href":"https:\/\/www.fiorentini-polska.com\/en\/wp-json\/wp\/v2\/types\/page"}],"author":[{"embeddable":true,"href":"https:\/\/www.fiorentini-polska.com\/en\/wp-json\/wp\/v2\/users\/15"}],"replies":[{"embeddable":true,"href":"https:\/\/www.fiorentini-polska.com\/en\/wp-json\/wp\/v2\/comments?post=27775"}],"version-history":[{"count":1,"href":"https:\/\/www.fiorentini-polska.com\/en\/wp-json\/wp\/v2\/pages\/27775\/revisions"}],"predecessor-version":[{"id":27776,"href":"https:\/\/www.fiorentini-polska.com\/en\/wp-json\/wp\/v2\/pages\/27775\/revisions\/27776"}],"up":[{"embeddable":true,"href":"https:\/\/www.fiorentini-polska.com\/en\/wp-json\/wp\/v2\/pages\/27437"}],"wp:attachment":[{"href":"https:\/\/www.fiorentini-polska.com\/en\/wp-json\/wp\/v2\/media?parent=27775"}],"curies":[{"name":"wp","href":"https:\/\/api.w.org\/{rel}","templated":true}]}}