{"id":30569,"date":"2025-09-29T09:47:43","date_gmt":"2025-09-29T07:47:43","guid":{"rendered":"https:\/\/fiorentini-polska.com\/?page_id=30569"},"modified":"2026-03-27T15:13:22","modified_gmt":"2026-03-27T14:13:22","slug":"pietro-fiorentini-group","status":"publish","type":"page","link":"https:\/\/www.fiorentini-polska.com\/en\/pietro-fiorentini-group\/","title":{"rendered":"Pietro Fiorentini Group"},"content":{"rendered":"\n<p style=\"font-size:23px\"><strong><mark style=\"background-color:rgba(0, 0, 0, 0);color:#199782\" class=\"has-inline-color\"><strong>THE STORY: FROM ITALIAN FAMILY BUSINESS TO MULTINATIONAL COMPANY<\/strong><\/mark><\/strong><\/p>\n\n\n\n<p>Pietro Fiorentini SpA was founded in Italy in 1940. Today, in addition to its headquarters in Arcugnano (Vicenza), the Pietro Fiorentini Group has&nbsp;<strong>40 commercial and production sites<\/strong>, both in Italy and abroad, and employs around&nbsp;<strong>2,300 people&nbsp;<\/strong>worldwide, with a distribution network covering&nbsp;<strong>more than 100 countries<\/strong>&nbsp;on all continents.<\/p>\n\n\n\n<div style=\"height:25px\" aria-hidden=\"true\" class=\"wp-block-spacer\"><\/div>\n\n\n\n<p style=\"font-size:23px\"><strong><mark style=\"background-color:rgba(0, 0, 0, 0);color:#199782\" class=\"has-inline-color\">CONSTANT UPDATING<\/mark><\/strong><\/p>\n\n\n\n<p>Production focuses on a wide variety of advanced technology solutions for the entire natural gas supply chain: from the components and services involved in distribution and transmission networks to a range of engineered solutions including valves, multiphase flow meters, processing plants, regulation and pressure metering stations (PRMs).<\/p>\n\n\n\n<p>Over the past decade, the company has invested heavily in R&amp;D, mergers and acquisitions (M&amp;A), and in its factories and production systems. As a result, it now holds a&nbsp;<strong>leading position in smart metering<\/strong>, as well as in&nbsp;<strong>smart grids<\/strong>&nbsp;in general, and can offer end-to-end solutions. State-of-the-art solutions thanks to the combination of mechanical and electronic know-how with software solutions provided by its subsidiary, Terranova.<\/p>\n\n\n\n<div class=\"download-btn\" style=\"color:#fff;margin:30px 0 30px;\">\n  <a style=\"color:#fff;text-decoration:none;\" href=\"https:\/\/www.fiorentini-polska.com\/en\/pietro-fiorentini-group\/companies-and-brands\/\" class=\"btn btn-big\">\n    <span>Companies and Brands of the Group<\/span>\n  <\/a>\n<\/div>\n<div class=\"download-btn\" style=\"color:#fff;margin:30px 0 30px;\">\n  <a style=\"color:#fff;text-decoration:none;\" href=\"https:\/\/fiorentini-polska.com\/en\/contact-us\/\" class=\"btn btn-big\">\n    <span>Contact us<\/span>\n  <\/a>\n<\/div>\n\n\n\n<p>More recently, in the field of energy transition, the Group has been accelerating its efforts to seize new opportunities related to&nbsp;<strong>green energy sources<\/strong>, such as biomethane, hydrogen and e-fuels. The Group is also expanding its horizons into water metering, digitalization of the water cycle and the environmental sector.<\/p>\n\n\n\n<p>Our customers are the basis of our daily work as part of a&nbsp;<strong>customer-focused&nbsp;<\/strong>logic that does not imply a simple focus on product quality or process optimization, but is intimately linked to all the other elements (technical support, maintenance services, logistics, information and communication) that distinguish our relationship.<\/p>\n\n\n\n<div style=\"height:50px\" aria-hidden=\"true\" class=\"wp-block-spacer\"><\/div>\n\n\n\n<p><\/p>\n","protected":false},"excerpt":{"rendered":"<p>THE STORY: FROM ITALIAN FAMILY BUSINESS TO MULTINATIONAL COMPANY Pietro Fiorentini SpA was founded in Italy in 1940. Today, in addition to its headquarters in Arcugnano (Vicenza), the Pietro Fiorentini Group has&nbsp;40 commercial and production sites, both in Italy and abroad, and employs around&nbsp;2,300 people&nbsp;worldwide, with a distribution network covering&nbsp;more than 100 countries&nbsp;on all continents. [&hellip;]<\/p>\n","protected":false},"author":16,"featured_media":30570,"parent":0,"menu_order":0,"comment_status":"closed","ping_status":"closed","template":"template-pf-group-share.php","meta":{"_acf_changed":false,"inline_featured_image":false,"footnotes":""},"class_list":["post-30569","page","type-page","status-publish","has-post-thumbnail","hentry"],"acf":[],"yoast_head":"<!-- This site is optimized with the Yoast SEO plugin v27.2 - https:\/\/yoast.com\/product\/yoast-seo-wordpress\/ -->\n<title>Pietro Fiorentini Group - Pietro Fiorentini<\/title>\n<meta name=\"robots\" content=\"index, follow, max-snippet:-1, max-image-preview:large, max-video-preview:-1\" \/>\n<link rel=\"canonical\" href=\"https:\/\/www.fiorentini-polska.com\/en\/pietro-fiorentini-group\/\" \/>\n<meta property=\"og:locale\" content=\"en_US\" \/>\n<meta property=\"og:type\" content=\"article\" \/>\n<meta property=\"og:title\" content=\"Pietro Fiorentini Group - Pietro Fiorentini\" \/>\n<meta property=\"og:description\" content=\"THE STORY: FROM ITALIAN FAMILY BUSINESS TO MULTINATIONAL COMPANY Pietro Fiorentini SpA was founded in Italy in 1940. Today, in addition to its headquarters in Arcugnano (Vicenza), the Pietro Fiorentini Group has&nbsp;40 commercial and production sites, both in Italy and abroad, and employs around&nbsp;2,300 people&nbsp;worldwide, with a distribution network covering&nbsp;more than 100 countries&nbsp;on all continents. [&hellip;]\" \/>\n<meta property=\"og:url\" content=\"https:\/\/www.fiorentini-polska.com\/en\/pietro-fiorentini-group\/\" \/>\n<meta property=\"og:site_name\" content=\"Pietro Fiorentini\" \/>\n<meta property=\"article:modified_time\" content=\"2026-03-27T14:13:22+00:00\" \/>\n<meta property=\"og:image\" content=\"https:\/\/www.fiorentini-polska.com\/wp-content\/uploads\/2025\/09\/banner-PF-Group.jpg\" \/>\n\t<meta property=\"og:image:width\" content=\"2560\" \/>\n\t<meta property=\"og:image:height\" content=\"1190\" \/>\n\t<meta property=\"og:image:type\" content=\"image\/jpeg\" \/>\n<meta name=\"twitter:card\" content=\"summary_large_image\" \/>\n<meta name=\"twitter:site\" content=\"@FiorentiniSpa\" \/>\n<meta name=\"twitter:label1\" content=\"Est. reading time\" \/>\n\t<meta name=\"twitter:data1\" content=\"2 minutes\" \/>\n<script type=\"application\/ld+json\" class=\"yoast-schema-graph\">{\"@context\":\"https:\/\/schema.org\",\"@graph\":[{\"@type\":\"WebPage\",\"@id\":\"https:\/\/www.fiorentini-polska.com\/en\/pietro-fiorentini-group\/\",\"url\":\"https:\/\/www.fiorentini-polska.com\/en\/pietro-fiorentini-group\/\",\"name\":\"Pietro Fiorentini Group - Pietro Fiorentini\",\"isPartOf\":{\"@id\":\"https:\/\/fiorentini-polska.com\/en\/#website\"},\"primaryImageOfPage\":{\"@id\":\"https:\/\/www.fiorentini-polska.com\/en\/pietro-fiorentini-group\/#primaryimage\"},\"image\":{\"@id\":\"https:\/\/www.fiorentini-polska.com\/en\/pietro-fiorentini-group\/#primaryimage\"},\"thumbnailUrl\":\"https:\/\/www.fiorentini-polska.com\/wp-content\/uploads\/2025\/09\/banner-PF-Group.jpg\",\"datePublished\":\"2025-09-29T07:47:43+00:00\",\"dateModified\":\"2026-03-27T14:13:22+00:00\",\"breadcrumb\":{\"@id\":\"https:\/\/www.fiorentini-polska.com\/en\/pietro-fiorentini-group\/#breadcrumb\"},\"inLanguage\":\"en-US\",\"potentialAction\":[{\"@type\":\"ReadAction\",\"target\":[\"https:\/\/www.fiorentini-polska.com\/en\/pietro-fiorentini-group\/\"]}]},{\"@type\":\"ImageObject\",\"inLanguage\":\"en-US\",\"@id\":\"https:\/\/www.fiorentini-polska.com\/en\/pietro-fiorentini-group\/#primaryimage\",\"url\":\"https:\/\/www.fiorentini-polska.com\/wp-content\/uploads\/2025\/09\/banner-PF-Group.jpg\",\"contentUrl\":\"https:\/\/www.fiorentini-polska.com\/wp-content\/uploads\/2025\/09\/banner-PF-Group.jpg\",\"width\":2560,\"height\":1190},{\"@type\":\"BreadcrumbList\",\"@id\":\"https:\/\/www.fiorentini-polska.com\/en\/pietro-fiorentini-group\/#breadcrumb\",\"itemListElement\":[{\"@type\":\"ListItem\",\"position\":1,\"name\":\"Home\",\"item\":\"https:\/\/fiorentini-polska.com\/en\/\"},{\"@type\":\"ListItem\",\"position\":2,\"name\":\"Pietro Fiorentini Group\"}]},{\"@type\":\"WebSite\",\"@id\":\"https:\/\/fiorentini-polska.com\/en\/#website\",\"url\":\"https:\/\/fiorentini-polska.com\/en\/\",\"name\":\"Pietro Fiorentini Polska\",\"description\":\"Pietro Fiorentini projektuje i produkuje komponenty, systemy i us\u0142ugi do regulacji, pomiar\u00f3w i zarz\u0105dzania rop\u0105 naftow\u0105 i gazem.\",\"publisher\":{\"@id\":\"https:\/\/fiorentini-polska.com\/en\/#organization\"},\"potentialAction\":[{\"@type\":\"SearchAction\",\"target\":{\"@type\":\"EntryPoint\",\"urlTemplate\":\"https:\/\/fiorentini-polska.com\/en\/?s={search_term_string}\"},\"query-input\":{\"@type\":\"PropertyValueSpecification\",\"valueRequired\":true,\"valueName\":\"search_term_string\"}}],\"inLanguage\":\"en-US\"},{\"@type\":\"Organization\",\"@id\":\"https:\/\/fiorentini-polska.com\/en\/#organization\",\"name\":\"Pietro Fiorentini Polska\",\"url\":\"https:\/\/fiorentini-polska.com\/en\/\",\"logo\":{\"@type\":\"ImageObject\",\"inLanguage\":\"en-US\",\"@id\":\"https:\/\/fiorentini-polska.com\/en\/#\/schema\/logo\/image\/\",\"url\":\"https:\/\/www.fiorentini-polska.com\/wp-content\/uploads\/2021\/07\/LOGO_CMYK_COLOR.png\",\"contentUrl\":\"https:\/\/www.fiorentini-polska.com\/wp-content\/uploads\/2021\/07\/LOGO_CMYK_COLOR.png\",\"width\":3077,\"height\":1259,\"caption\":\"Pietro Fiorentini Polska\"},\"image\":{\"@id\":\"https:\/\/fiorentini-polska.com\/en\/#\/schema\/logo\/image\/\"},\"sameAs\":[\"https:\/\/x.com\/FiorentiniSpa\"]}]}<\/script>\n<!-- \/ Yoast SEO plugin. -->","yoast_head_json":{"title":"Pietro Fiorentini Group - Pietro Fiorentini","robots":{"index":"index","follow":"follow","max-snippet":"max-snippet:-1","max-image-preview":"max-image-preview:large","max-video-preview":"max-video-preview:-1"},"canonical":"https:\/\/www.fiorentini-polska.com\/en\/pietro-fiorentini-group\/","og_locale":"en_US","og_type":"article","og_title":"Pietro Fiorentini Group - Pietro Fiorentini","og_description":"THE STORY: FROM ITALIAN FAMILY BUSINESS TO MULTINATIONAL COMPANY Pietro Fiorentini SpA was founded in Italy in 1940. Today, in addition to its headquarters in Arcugnano (Vicenza), the Pietro Fiorentini Group has&nbsp;40 commercial and production sites, both in Italy and abroad, and employs around&nbsp;2,300 people&nbsp;worldwide, with a distribution network covering&nbsp;more than 100 countries&nbsp;on all continents. [&hellip;]","og_url":"https:\/\/www.fiorentini-polska.com\/en\/pietro-fiorentini-group\/","og_site_name":"Pietro Fiorentini","article_modified_time":"2026-03-27T14:13:22+00:00","og_image":[{"width":2560,"height":1190,"url":"https:\/\/www.fiorentini-polska.com\/wp-content\/uploads\/2025\/09\/banner-PF-Group.jpg","type":"image\/jpeg"}],"twitter_card":"summary_large_image","twitter_site":"@FiorentiniSpa","twitter_misc":{"Est. reading time":"2 minutes"},"schema":{"@context":"https:\/\/schema.org","@graph":[{"@type":"WebPage","@id":"https:\/\/www.fiorentini-polska.com\/en\/pietro-fiorentini-group\/","url":"https:\/\/www.fiorentini-polska.com\/en\/pietro-fiorentini-group\/","name":"Pietro Fiorentini Group - Pietro Fiorentini","isPartOf":{"@id":"https:\/\/fiorentini-polska.com\/en\/#website"},"primaryImageOfPage":{"@id":"https:\/\/www.fiorentini-polska.com\/en\/pietro-fiorentini-group\/#primaryimage"},"image":{"@id":"https:\/\/www.fiorentini-polska.com\/en\/pietro-fiorentini-group\/#primaryimage"},"thumbnailUrl":"https:\/\/www.fiorentini-polska.com\/wp-content\/uploads\/2025\/09\/banner-PF-Group.jpg","datePublished":"2025-09-29T07:47:43+00:00","dateModified":"2026-03-27T14:13:22+00:00","breadcrumb":{"@id":"https:\/\/www.fiorentini-polska.com\/en\/pietro-fiorentini-group\/#breadcrumb"},"inLanguage":"en-US","potentialAction":[{"@type":"ReadAction","target":["https:\/\/www.fiorentini-polska.com\/en\/pietro-fiorentini-group\/"]}]},{"@type":"ImageObject","inLanguage":"en-US","@id":"https:\/\/www.fiorentini-polska.com\/en\/pietro-fiorentini-group\/#primaryimage","url":"https:\/\/www.fiorentini-polska.com\/wp-content\/uploads\/2025\/09\/banner-PF-Group.jpg","contentUrl":"https:\/\/www.fiorentini-polska.com\/wp-content\/uploads\/2025\/09\/banner-PF-Group.jpg","width":2560,"height":1190},{"@type":"BreadcrumbList","@id":"https:\/\/www.fiorentini-polska.com\/en\/pietro-fiorentini-group\/#breadcrumb","itemListElement":[{"@type":"ListItem","position":1,"name":"Home","item":"https:\/\/fiorentini-polska.com\/en\/"},{"@type":"ListItem","position":2,"name":"Pietro Fiorentini Group"}]},{"@type":"WebSite","@id":"https:\/\/fiorentini-polska.com\/en\/#website","url":"https:\/\/fiorentini-polska.com\/en\/","name":"Pietro Fiorentini Polska","description":"Pietro Fiorentini projektuje i produkuje komponenty, systemy i us\u0142ugi do regulacji, pomiar\u00f3w i zarz\u0105dzania rop\u0105 naftow\u0105 i gazem.","publisher":{"@id":"https:\/\/fiorentini-polska.com\/en\/#organization"},"potentialAction":[{"@type":"SearchAction","target":{"@type":"EntryPoint","urlTemplate":"https:\/\/fiorentini-polska.com\/en\/?s={search_term_string}"},"query-input":{"@type":"PropertyValueSpecification","valueRequired":true,"valueName":"search_term_string"}}],"inLanguage":"en-US"},{"@type":"Organization","@id":"https:\/\/fiorentini-polska.com\/en\/#organization","name":"Pietro Fiorentini Polska","url":"https:\/\/fiorentini-polska.com\/en\/","logo":{"@type":"ImageObject","inLanguage":"en-US","@id":"https:\/\/fiorentini-polska.com\/en\/#\/schema\/logo\/image\/","url":"https:\/\/www.fiorentini-polska.com\/wp-content\/uploads\/2021\/07\/LOGO_CMYK_COLOR.png","contentUrl":"https:\/\/www.fiorentini-polska.com\/wp-content\/uploads\/2021\/07\/LOGO_CMYK_COLOR.png","width":3077,"height":1259,"caption":"Pietro Fiorentini Polska"},"image":{"@id":"https:\/\/fiorentini-polska.com\/en\/#\/schema\/logo\/image\/"},"sameAs":["https:\/\/x.com\/FiorentiniSpa"]}]}},"_links":{"self":[{"href":"https:\/\/www.fiorentini-polska.com\/en\/wp-json\/wp\/v2\/pages\/30569","targetHints":{"allow":["GET"]}}],"collection":[{"href":"https:\/\/www.fiorentini-polska.com\/en\/wp-json\/wp\/v2\/pages"}],"about":[{"href":"https:\/\/www.fiorentini-polska.com\/en\/wp-json\/wp\/v2\/types\/page"}],"author":[{"embeddable":true,"href":"https:\/\/www.fiorentini-polska.com\/en\/wp-json\/wp\/v2\/users\/16"}],"replies":[{"embeddable":true,"href":"https:\/\/www.fiorentini-polska.com\/en\/wp-json\/wp\/v2\/comments?post=30569"}],"version-history":[{"count":3,"href":"https:\/\/www.fiorentini-polska.com\/en\/wp-json\/wp\/v2\/pages\/30569\/revisions"}],"predecessor-version":[{"id":30794,"href":"https:\/\/www.fiorentini-polska.com\/en\/wp-json\/wp\/v2\/pages\/30569\/revisions\/30794"}],"wp:featuredmedia":[{"embeddable":true,"href":"https:\/\/www.fiorentini-polska.com\/en\/wp-json\/wp\/v2\/media\/30570"}],"wp:attachment":[{"href":"https:\/\/www.fiorentini-polska.com\/en\/wp-json\/wp\/v2\/media?parent=30569"}],"curies":[{"name":"wp","href":"https:\/\/api.w.org\/{rel}","templated":true}]}}