{"id":515,"date":"2020-11-26T23:48:25","date_gmt":"2020-11-26T22:48:25","guid":{"rendered":"https:\/\/master.fiorentini.com\/?page_id=515"},"modified":"2024-02-19T17:14:52","modified_gmt":"2024-02-19T16:14:52","slug":"fiorentini-solutions","status":"publish","type":"page","link":"https:\/\/www.fiorentini-polska.com\/en\/fiorentini-solutions\/","title":{"rendered":"Solutions"},"content":{"rendered":"<p>A complete range of products, systems and services to provide our clients with comprehensive end-to-end solutions. At Pietro Fiorentini, we have the expertise and know-how to guarantee presence and competence at every stage of the process and high-value solutions.<\/p>\n","protected":false},"excerpt":{"rendered":"<p>A complete range of products, systems and services to provide our clients with comprehensive end-to-end solutions. At Pietro Fiorentini, we have the expertise and know-how to guarantee presence and competence at every stage of the process and high-value solutions.<\/p>\n","protected":false},"author":15,"featured_media":26394,"parent":0,"menu_order":0,"comment_status":"closed","ping_status":"closed","template":"template-solutions.php","meta":{"_acf_changed":false,"inline_featured_image":false,"footnotes":""},"class_list":["post-515","page","type-page","status-publish","has-post-thumbnail","hentry"],"acf":[],"yoast_head":"<!-- This site is optimized with the Yoast SEO plugin v27.2 - https:\/\/yoast.com\/product\/yoast-seo-wordpress\/ -->\n<title>Our solutions at the service of the energy sector - Pietro Fiorentini<\/title>\n<meta name=\"description\" content=\"Pietro Fiorentini has a full range of products, systems and services to provide our customers with complete end-to-end solutions.\" \/>\n<meta name=\"robots\" content=\"index, follow, max-snippet:-1, max-image-preview:large, max-video-preview:-1\" \/>\n<link rel=\"canonical\" href=\"https:\/\/www.fiorentini-polska.com\/en\/fiorentini-solutions\/\" \/>\n<meta property=\"og:locale\" content=\"en_US\" \/>\n<meta property=\"og:type\" content=\"article\" \/>\n<meta property=\"og:title\" content=\"Our solutions to energy sector | Pietro Fiorentini\" \/>\n<meta property=\"og:description\" content=\"Pietro Fiorentini has a full range of products, systems and services to provide our customers with complete end-to-end solutions\" \/>\n<meta property=\"og:url\" content=\"https:\/\/www.fiorentini-polska.com\/en\/fiorentini-solutions\/\" \/>\n<meta property=\"og:site_name\" content=\"Pietro Fiorentini\" \/>\n<meta property=\"article:modified_time\" content=\"2024-02-19T16:14:52+00:00\" \/>\n<meta property=\"og:image\" content=\"https:\/\/fiorentini-polska.com\/wp-content\/uploads\/2021\/04\/solutions.jpg\" \/>\n\t<meta property=\"og:image:width\" content=\"1920\" \/>\n\t<meta property=\"og:image:height\" content=\"1024\" \/>\n\t<meta property=\"og:image:type\" content=\"image\/jpeg\" \/>\n<meta name=\"twitter:card\" content=\"summary_large_image\" \/>\n<meta name=\"twitter:title\" content=\"Our solutions at the service of the energy sector | Pietro Fiorentini\" \/>\n<meta name=\"twitter:description\" content=\"Pietro Fiorentini has a full range of products, systems and services to provide our customers with complete end-to-end solutions\" \/>\n<meta name=\"twitter:image\" content=\"https:\/\/www.fiorentini-polska.com\/wp-content\/uploads\/2021\/04\/solutions.jpg\" \/>\n<meta name=\"twitter:site\" content=\"@FiorentiniSpa\" \/>\n<meta name=\"twitter:label1\" content=\"Est. reading time\" \/>\n\t<meta name=\"twitter:data1\" content=\"1 minute\" \/>\n<script type=\"application\/ld+json\" class=\"yoast-schema-graph\">{\"@context\":\"https:\/\/schema.org\",\"@graph\":[{\"@type\":\"WebPage\",\"@id\":\"https:\/\/www.fiorentini-polska.com\/en\/fiorentini-solutions\/\",\"url\":\"https:\/\/www.fiorentini-polska.com\/en\/fiorentini-solutions\/\",\"name\":\"Our solutions at the service of the energy sector - Pietro Fiorentini\",\"isPartOf\":{\"@id\":\"https:\/\/www.fiorentini-polska.com\/en\/#website\"},\"primaryImageOfPage\":{\"@id\":\"https:\/\/www.fiorentini-polska.com\/en\/fiorentini-solutions\/#primaryimage\"},\"image\":{\"@id\":\"https:\/\/www.fiorentini-polska.com\/en\/fiorentini-solutions\/#primaryimage\"},\"thumbnailUrl\":\"https:\/\/www.fiorentini-polska.com\/wp-content\/uploads\/2023\/10\/03-Solutions-Pietro-Fiorentini-Polska.jpeg\",\"datePublished\":\"2020-11-26T22:48:25+00:00\",\"dateModified\":\"2024-02-19T16:14:52+00:00\",\"description\":\"Pietro Fiorentini has a full range of products, systems and services to provide our customers with complete end-to-end solutions.\",\"breadcrumb\":{\"@id\":\"https:\/\/www.fiorentini-polska.com\/en\/fiorentini-solutions\/#breadcrumb\"},\"inLanguage\":\"en-US\",\"potentialAction\":[{\"@type\":\"ReadAction\",\"target\":[\"https:\/\/www.fiorentini-polska.com\/en\/fiorentini-solutions\/\"]}]},{\"@type\":\"ImageObject\",\"inLanguage\":\"en-US\",\"@id\":\"https:\/\/www.fiorentini-polska.com\/en\/fiorentini-solutions\/#primaryimage\",\"url\":\"https:\/\/www.fiorentini-polska.com\/wp-content\/uploads\/2023\/10\/03-Solutions-Pietro-Fiorentini-Polska.jpeg\",\"contentUrl\":\"https:\/\/www.fiorentini-polska.com\/wp-content\/uploads\/2023\/10\/03-Solutions-Pietro-Fiorentini-Polska.jpeg\",\"width\":1920,\"height\":1440,\"caption\":\"03-Solutions-Pietro Fiorentini Polska\"},{\"@type\":\"BreadcrumbList\",\"@id\":\"https:\/\/www.fiorentini-polska.com\/en\/fiorentini-solutions\/#breadcrumb\",\"itemListElement\":[{\"@type\":\"ListItem\",\"position\":1,\"name\":\"Home\",\"item\":\"https:\/\/www.fiorentini-polska.com\/en\/\"},{\"@type\":\"ListItem\",\"position\":2,\"name\":\"Solutions\"}]},{\"@type\":\"WebSite\",\"@id\":\"https:\/\/www.fiorentini-polska.com\/en\/#website\",\"url\":\"https:\/\/www.fiorentini-polska.com\/en\/\",\"name\":\"Pietro Fiorentini Polska\",\"description\":\"Pietro Fiorentini projektuje i produkuje komponenty, systemy i us\u0142ugi do regulacji, pomiar\u00f3w i zarz\u0105dzania rop\u0105 naftow\u0105 i gazem.\",\"publisher\":{\"@id\":\"https:\/\/www.fiorentini-polska.com\/en\/#organization\"},\"potentialAction\":[{\"@type\":\"SearchAction\",\"target\":{\"@type\":\"EntryPoint\",\"urlTemplate\":\"https:\/\/www.fiorentini-polska.com\/en\/?s={search_term_string}\"},\"query-input\":{\"@type\":\"PropertyValueSpecification\",\"valueRequired\":true,\"valueName\":\"search_term_string\"}}],\"inLanguage\":\"en-US\"},{\"@type\":\"Organization\",\"@id\":\"https:\/\/www.fiorentini-polska.com\/en\/#organization\",\"name\":\"Pietro Fiorentini Polska\",\"url\":\"https:\/\/www.fiorentini-polska.com\/en\/\",\"logo\":{\"@type\":\"ImageObject\",\"inLanguage\":\"en-US\",\"@id\":\"https:\/\/www.fiorentini-polska.com\/en\/#\/schema\/logo\/image\/\",\"url\":\"https:\/\/www.fiorentini-polska.com\/wp-content\/uploads\/2021\/07\/LOGO_CMYK_COLOR.png\",\"contentUrl\":\"https:\/\/www.fiorentini-polska.com\/wp-content\/uploads\/2021\/07\/LOGO_CMYK_COLOR.png\",\"width\":3077,\"height\":1259,\"caption\":\"Pietro Fiorentini Polska\"},\"image\":{\"@id\":\"https:\/\/www.fiorentini-polska.com\/en\/#\/schema\/logo\/image\/\"},\"sameAs\":[\"https:\/\/x.com\/FiorentiniSpa\"]}]}<\/script>\n<!-- \/ Yoast SEO plugin. -->","yoast_head_json":{"title":"Our solutions at the service of the energy sector - Pietro Fiorentini","description":"Pietro Fiorentini has a full range of products, systems and services to provide our customers with complete end-to-end solutions.","robots":{"index":"index","follow":"follow","max-snippet":"max-snippet:-1","max-image-preview":"max-image-preview:large","max-video-preview":"max-video-preview:-1"},"canonical":"https:\/\/www.fiorentini-polska.com\/en\/fiorentini-solutions\/","og_locale":"en_US","og_type":"article","og_title":"Our solutions to energy sector | Pietro Fiorentini","og_description":"Pietro Fiorentini has a full range of products, systems and services to provide our customers with complete end-to-end solutions","og_url":"https:\/\/www.fiorentini-polska.com\/en\/fiorentini-solutions\/","og_site_name":"Pietro Fiorentini","article_modified_time":"2024-02-19T16:14:52+00:00","og_image":[{"width":1920,"height":1024,"url":"https:\/\/fiorentini-polska.com\/wp-content\/uploads\/2021\/04\/solutions.jpg","type":"image\/jpeg"}],"twitter_card":"summary_large_image","twitter_title":"Our solutions at the service of the energy sector | Pietro Fiorentini","twitter_description":"Pietro Fiorentini has a full range of products, systems and services to provide our customers with complete end-to-end solutions","twitter_image":"https:\/\/www.fiorentini-polska.com\/wp-content\/uploads\/2021\/04\/solutions.jpg","twitter_site":"@FiorentiniSpa","twitter_misc":{"Est. reading time":"1 minute"},"schema":{"@context":"https:\/\/schema.org","@graph":[{"@type":"WebPage","@id":"https:\/\/www.fiorentini-polska.com\/en\/fiorentini-solutions\/","url":"https:\/\/www.fiorentini-polska.com\/en\/fiorentini-solutions\/","name":"Our solutions at the service of the energy sector - Pietro Fiorentini","isPartOf":{"@id":"https:\/\/www.fiorentini-polska.com\/en\/#website"},"primaryImageOfPage":{"@id":"https:\/\/www.fiorentini-polska.com\/en\/fiorentini-solutions\/#primaryimage"},"image":{"@id":"https:\/\/www.fiorentini-polska.com\/en\/fiorentini-solutions\/#primaryimage"},"thumbnailUrl":"https:\/\/www.fiorentini-polska.com\/wp-content\/uploads\/2023\/10\/03-Solutions-Pietro-Fiorentini-Polska.jpeg","datePublished":"2020-11-26T22:48:25+00:00","dateModified":"2024-02-19T16:14:52+00:00","description":"Pietro Fiorentini has a full range of products, systems and services to provide our customers with complete end-to-end solutions.","breadcrumb":{"@id":"https:\/\/www.fiorentini-polska.com\/en\/fiorentini-solutions\/#breadcrumb"},"inLanguage":"en-US","potentialAction":[{"@type":"ReadAction","target":["https:\/\/www.fiorentini-polska.com\/en\/fiorentini-solutions\/"]}]},{"@type":"ImageObject","inLanguage":"en-US","@id":"https:\/\/www.fiorentini-polska.com\/en\/fiorentini-solutions\/#primaryimage","url":"https:\/\/www.fiorentini-polska.com\/wp-content\/uploads\/2023\/10\/03-Solutions-Pietro-Fiorentini-Polska.jpeg","contentUrl":"https:\/\/www.fiorentini-polska.com\/wp-content\/uploads\/2023\/10\/03-Solutions-Pietro-Fiorentini-Polska.jpeg","width":1920,"height":1440,"caption":"03-Solutions-Pietro Fiorentini Polska"},{"@type":"BreadcrumbList","@id":"https:\/\/www.fiorentini-polska.com\/en\/fiorentini-solutions\/#breadcrumb","itemListElement":[{"@type":"ListItem","position":1,"name":"Home","item":"https:\/\/www.fiorentini-polska.com\/en\/"},{"@type":"ListItem","position":2,"name":"Solutions"}]},{"@type":"WebSite","@id":"https:\/\/www.fiorentini-polska.com\/en\/#website","url":"https:\/\/www.fiorentini-polska.com\/en\/","name":"Pietro Fiorentini Polska","description":"Pietro Fiorentini projektuje i produkuje komponenty, systemy i us\u0142ugi do regulacji, pomiar\u00f3w i zarz\u0105dzania rop\u0105 naftow\u0105 i gazem.","publisher":{"@id":"https:\/\/www.fiorentini-polska.com\/en\/#organization"},"potentialAction":[{"@type":"SearchAction","target":{"@type":"EntryPoint","urlTemplate":"https:\/\/www.fiorentini-polska.com\/en\/?s={search_term_string}"},"query-input":{"@type":"PropertyValueSpecification","valueRequired":true,"valueName":"search_term_string"}}],"inLanguage":"en-US"},{"@type":"Organization","@id":"https:\/\/www.fiorentini-polska.com\/en\/#organization","name":"Pietro Fiorentini Polska","url":"https:\/\/www.fiorentini-polska.com\/en\/","logo":{"@type":"ImageObject","inLanguage":"en-US","@id":"https:\/\/www.fiorentini-polska.com\/en\/#\/schema\/logo\/image\/","url":"https:\/\/www.fiorentini-polska.com\/wp-content\/uploads\/2021\/07\/LOGO_CMYK_COLOR.png","contentUrl":"https:\/\/www.fiorentini-polska.com\/wp-content\/uploads\/2021\/07\/LOGO_CMYK_COLOR.png","width":3077,"height":1259,"caption":"Pietro Fiorentini Polska"},"image":{"@id":"https:\/\/www.fiorentini-polska.com\/en\/#\/schema\/logo\/image\/"},"sameAs":["https:\/\/x.com\/FiorentiniSpa"]}]}},"_links":{"self":[{"href":"https:\/\/www.fiorentini-polska.com\/en\/wp-json\/wp\/v2\/pages\/515","targetHints":{"allow":["GET"]}}],"collection":[{"href":"https:\/\/www.fiorentini-polska.com\/en\/wp-json\/wp\/v2\/pages"}],"about":[{"href":"https:\/\/www.fiorentini-polska.com\/en\/wp-json\/wp\/v2\/types\/page"}],"author":[{"embeddable":true,"href":"https:\/\/www.fiorentini-polska.com\/en\/wp-json\/wp\/v2\/users\/15"}],"replies":[{"embeddable":true,"href":"https:\/\/www.fiorentini-polska.com\/en\/wp-json\/wp\/v2\/comments?post=515"}],"version-history":[{"count":3,"href":"https:\/\/www.fiorentini-polska.com\/en\/wp-json\/wp\/v2\/pages\/515\/revisions"}],"predecessor-version":[{"id":27525,"href":"https:\/\/www.fiorentini-polska.com\/en\/wp-json\/wp\/v2\/pages\/515\/revisions\/27525"}],"wp:featuredmedia":[{"embeddable":true,"href":"https:\/\/www.fiorentini-polska.com\/en\/wp-json\/wp\/v2\/media\/26394"}],"wp:attachment":[{"href":"https:\/\/www.fiorentini-polska.com\/en\/wp-json\/wp\/v2\/media?parent=515"}],"curies":[{"name":"wp","href":"https:\/\/api.w.org\/{rel}","templated":true}]}}