{"id":23944,"date":"2022-11-29T16:48:48","date_gmt":"2022-11-29T15:48:48","guid":{"rendered":"https:\/\/fiorentini-polska.com\/our-team\/"},"modified":"2025-01-27T13:20:50","modified_gmt":"2025-01-27T12:20:50","slug":"nasz-zespol","status":"publish","type":"page","link":"https:\/\/www.fiorentini-polska.com\/pl\/fiorentini-polska\/nasz-zespol\/","title":{"rendered":"Nasz zesp\u00f3\u0142"},"content":{"rendered":"\n<p><strong>Pietro Fiorentini Polska<\/strong> jest m\u0142od\u0105 firm\u0105, ale opr\u00f3cz tego, \u017ce jest wspierana przez Pietro Fiorentini, <strong>\u015bwiatowego lidera w bran\u017cy energetycznej<\/strong>, jest dumna z tego, \u017ce sk\u0142ada si\u0119 ze <strong>wspania\u0142ych profesjonalist\u00f3w<\/strong> z du\u017cym do\u015bwiadczeniem w tym sektorze.<\/p>\n\n\n\n<p>Priorytetem zespo\u0142u Pietro Fiorentini Polska jest oferowanie <strong>najlepszych rozwi\u0105za\u0144 i us\u0142ug swoim klientom w Polsce<\/strong>. <a href=\"https:\/\/fiorentini-polska.com\/pl\/skontaktuj-sie-z-nami\/\" ;=\"\" style=\"text-decoration:none\"><strong>Skontaktuj si\u0119 z nami!<\/strong><\/a><\/p>\n","protected":false},"excerpt":{"rendered":"<p>Pietro Fiorentini Polska jest m\u0142od\u0105 firm\u0105, ale opr\u00f3cz tego, \u017ce jest wspierana przez Pietro Fiorentini, \u015bwiatowego lidera w bran\u017cy energetycznej, jest dumna z tego, \u017ce sk\u0142ada si\u0119 ze wspania\u0142ych profesjonalist\u00f3w z du\u017cym do\u015bwiadczeniem w tym sektorze. Priorytetem zespo\u0142u Pietro Fiorentini Polska jest oferowanie najlepszych rozwi\u0105za\u0144 i us\u0142ug swoim klientom w Polsce. Skontaktuj si\u0119 z nami!<\/p>\n","protected":false},"author":15,"featured_media":26355,"parent":23948,"menu_order":0,"comment_status":"closed","ping_status":"closed","template":"template-team.php","meta":{"_acf_changed":false,"inline_featured_image":false,"footnotes":""},"class_list":["post-23944","page","type-page","status-publish","has-post-thumbnail","hentry"],"acf":[],"yoast_head":"<!-- This site is optimized with the Yoast SEO plugin v27.2 - https:\/\/yoast.com\/product\/yoast-seo-wordpress\/ -->\n<title>Nasz zesp\u00f3\u0142 - Pietro Fiorentini<\/title>\n<meta name=\"description\" content=\"Fiorentini Polska jest dumna z tego, \u017ce tworz\u0105 j\u0105 wspaniali profesjonali\u015bci z bogatym do\u015bwiadczeniem w bran\u017cy.\" \/>\n<meta name=\"robots\" content=\"index, follow, max-snippet:-1, max-image-preview:large, max-video-preview:-1\" \/>\n<link rel=\"canonical\" href=\"https:\/\/www.fiorentini-polska.com\/pl\/fiorentini-polska\/nasz-zespol\/\" \/>\n<meta property=\"og:locale\" content=\"pl_PL\" \/>\n<meta property=\"og:type\" content=\"article\" \/>\n<meta property=\"og:title\" content=\"Nasz zesp\u00f3\u0142 - Pietro Fiorentini\" \/>\n<meta property=\"og:description\" content=\"Fiorentini Polska jest dumna z tego, \u017ce tworz\u0105 j\u0105 wspaniali profesjonali\u015bci z bogatym do\u015bwiadczeniem w bran\u017cy.\" \/>\n<meta property=\"og:url\" content=\"https:\/\/www.fiorentini-polska.com\/pl\/fiorentini-polska\/nasz-zespol\/\" \/>\n<meta property=\"og:site_name\" content=\"Pietro Fiorentini\" \/>\n<meta property=\"article:modified_time\" content=\"2025-01-27T12:20:50+00:00\" \/>\n<meta property=\"og:image\" content=\"https:\/\/fiorentini-polska.com\/wp-content\/uploads\/2023\/10\/Team-Pietro-Fiorentini-Polska.jpg\" \/>\n\t<meta property=\"og:image:width\" content=\"1331\" \/>\n\t<meta property=\"og:image:height\" content=\"621\" \/>\n\t<meta property=\"og:image:type\" content=\"image\/jpeg\" \/>\n<meta name=\"twitter:card\" content=\"summary_large_image\" \/>\n<meta name=\"twitter:site\" content=\"@FiorentiniSpa\" \/>\n<meta name=\"twitter:label1\" content=\"Szacowany czas czytania\" \/>\n\t<meta name=\"twitter:data1\" content=\"1 minuta\" \/>\n<script type=\"application\/ld+json\" class=\"yoast-schema-graph\">{\"@context\":\"https:\/\/schema.org\",\"@graph\":[{\"@type\":\"WebPage\",\"@id\":\"https:\/\/www.fiorentini-polska.com\/pl\/fiorentini-polska\/nasz-zespol\/\",\"url\":\"https:\/\/www.fiorentini-polska.com\/pl\/fiorentini-polska\/nasz-zespol\/\",\"name\":\"Nasz zesp\u00f3\u0142 - Pietro Fiorentini\",\"isPartOf\":{\"@id\":\"https:\/\/www.fiorentini-polska.com\/pl\/#website\"},\"primaryImageOfPage\":{\"@id\":\"https:\/\/www.fiorentini-polska.com\/pl\/fiorentini-polska\/nasz-zespol\/#primaryimage\"},\"image\":{\"@id\":\"https:\/\/www.fiorentini-polska.com\/pl\/fiorentini-polska\/nasz-zespol\/#primaryimage\"},\"thumbnailUrl\":\"https:\/\/www.fiorentini-polska.com\/wp-content\/uploads\/2023\/10\/Team-Pietro-Fiorentini-Polska.jpg\",\"datePublished\":\"2022-11-29T15:48:48+00:00\",\"dateModified\":\"2025-01-27T12:20:50+00:00\",\"description\":\"Fiorentini Polska jest dumna z tego, \u017ce tworz\u0105 j\u0105 wspaniali profesjonali\u015bci z bogatym do\u015bwiadczeniem w bran\u017cy.\",\"breadcrumb\":{\"@id\":\"https:\/\/www.fiorentini-polska.com\/pl\/fiorentini-polska\/nasz-zespol\/#breadcrumb\"},\"inLanguage\":\"pl-PL\",\"potentialAction\":[{\"@type\":\"ReadAction\",\"target\":[\"https:\/\/www.fiorentini-polska.com\/pl\/fiorentini-polska\/nasz-zespol\/\"]}]},{\"@type\":\"ImageObject\",\"inLanguage\":\"pl-PL\",\"@id\":\"https:\/\/www.fiorentini-polska.com\/pl\/fiorentini-polska\/nasz-zespol\/#primaryimage\",\"url\":\"https:\/\/www.fiorentini-polska.com\/wp-content\/uploads\/2023\/10\/Team-Pietro-Fiorentini-Polska.jpg\",\"contentUrl\":\"https:\/\/www.fiorentini-polska.com\/wp-content\/uploads\/2023\/10\/Team-Pietro-Fiorentini-Polska.jpg\",\"width\":1331,\"height\":621,\"caption\":\"Team-Pietro Fiorentini Polska\"},{\"@type\":\"BreadcrumbList\",\"@id\":\"https:\/\/www.fiorentini-polska.com\/pl\/fiorentini-polska\/nasz-zespol\/#breadcrumb\",\"itemListElement\":[{\"@type\":\"ListItem\",\"position\":1,\"name\":\"Home\",\"item\":\"https:\/\/www.fiorentini-polska.com\/pl\/\"},{\"@type\":\"ListItem\",\"position\":2,\"name\":\"Fiorentini Polska\",\"item\":\"https:\/\/fiorentini-polska.com\/pl\/fiorentini-polska\/\"},{\"@type\":\"ListItem\",\"position\":3,\"name\":\"Nasz zesp\u00f3\u0142\"}]},{\"@type\":\"WebSite\",\"@id\":\"https:\/\/www.fiorentini-polska.com\/pl\/#website\",\"url\":\"https:\/\/www.fiorentini-polska.com\/pl\/\",\"name\":\"Pietro Fiorentini Polska\",\"description\":\"Pietro Fiorentini projektuje i produkuje komponenty, systemy i us\u0142ugi do regulacji, pomiar\u00f3w i zarz\u0105dzania rop\u0105 naftow\u0105 i gazem.\",\"publisher\":{\"@id\":\"https:\/\/www.fiorentini-polska.com\/pl\/#organization\"},\"potentialAction\":[{\"@type\":\"SearchAction\",\"target\":{\"@type\":\"EntryPoint\",\"urlTemplate\":\"https:\/\/www.fiorentini-polska.com\/pl\/?s={search_term_string}\"},\"query-input\":{\"@type\":\"PropertyValueSpecification\",\"valueRequired\":true,\"valueName\":\"search_term_string\"}}],\"inLanguage\":\"pl-PL\"},{\"@type\":\"Organization\",\"@id\":\"https:\/\/www.fiorentini-polska.com\/pl\/#organization\",\"name\":\"Pietro Fiorentini Polska\",\"url\":\"https:\/\/www.fiorentini-polska.com\/pl\/\",\"logo\":{\"@type\":\"ImageObject\",\"inLanguage\":\"pl-PL\",\"@id\":\"https:\/\/www.fiorentini-polska.com\/pl\/#\/schema\/logo\/image\/\",\"url\":\"https:\/\/www.fiorentini-polska.com\/wp-content\/uploads\/2021\/07\/LOGO_CMYK_COLOR.png\",\"contentUrl\":\"https:\/\/www.fiorentini-polska.com\/wp-content\/uploads\/2021\/07\/LOGO_CMYK_COLOR.png\",\"width\":3077,\"height\":1259,\"caption\":\"Pietro Fiorentini Polska\"},\"image\":{\"@id\":\"https:\/\/www.fiorentini-polska.com\/pl\/#\/schema\/logo\/image\/\"},\"sameAs\":[\"https:\/\/x.com\/FiorentiniSpa\"]}]}<\/script>\n<!-- \/ Yoast SEO plugin. -->","yoast_head_json":{"title":"Nasz zesp\u00f3\u0142 - Pietro Fiorentini","description":"Fiorentini Polska jest dumna z tego, \u017ce tworz\u0105 j\u0105 wspaniali profesjonali\u015bci z bogatym do\u015bwiadczeniem w bran\u017cy.","robots":{"index":"index","follow":"follow","max-snippet":"max-snippet:-1","max-image-preview":"max-image-preview:large","max-video-preview":"max-video-preview:-1"},"canonical":"https:\/\/www.fiorentini-polska.com\/pl\/fiorentini-polska\/nasz-zespol\/","og_locale":"pl_PL","og_type":"article","og_title":"Nasz zesp\u00f3\u0142 - Pietro Fiorentini","og_description":"Fiorentini Polska jest dumna z tego, \u017ce tworz\u0105 j\u0105 wspaniali profesjonali\u015bci z bogatym do\u015bwiadczeniem w bran\u017cy.","og_url":"https:\/\/www.fiorentini-polska.com\/pl\/fiorentini-polska\/nasz-zespol\/","og_site_name":"Pietro Fiorentini","article_modified_time":"2025-01-27T12:20:50+00:00","og_image":[{"width":1331,"height":621,"url":"https:\/\/fiorentini-polska.com\/wp-content\/uploads\/2023\/10\/Team-Pietro-Fiorentini-Polska.jpg","type":"image\/jpeg"}],"twitter_card":"summary_large_image","twitter_site":"@FiorentiniSpa","twitter_misc":{"Szacowany czas czytania":"1 minuta"},"schema":{"@context":"https:\/\/schema.org","@graph":[{"@type":"WebPage","@id":"https:\/\/www.fiorentini-polska.com\/pl\/fiorentini-polska\/nasz-zespol\/","url":"https:\/\/www.fiorentini-polska.com\/pl\/fiorentini-polska\/nasz-zespol\/","name":"Nasz zesp\u00f3\u0142 - Pietro Fiorentini","isPartOf":{"@id":"https:\/\/www.fiorentini-polska.com\/pl\/#website"},"primaryImageOfPage":{"@id":"https:\/\/www.fiorentini-polska.com\/pl\/fiorentini-polska\/nasz-zespol\/#primaryimage"},"image":{"@id":"https:\/\/www.fiorentini-polska.com\/pl\/fiorentini-polska\/nasz-zespol\/#primaryimage"},"thumbnailUrl":"https:\/\/www.fiorentini-polska.com\/wp-content\/uploads\/2023\/10\/Team-Pietro-Fiorentini-Polska.jpg","datePublished":"2022-11-29T15:48:48+00:00","dateModified":"2025-01-27T12:20:50+00:00","description":"Fiorentini Polska jest dumna z tego, \u017ce tworz\u0105 j\u0105 wspaniali profesjonali\u015bci z bogatym do\u015bwiadczeniem w bran\u017cy.","breadcrumb":{"@id":"https:\/\/www.fiorentini-polska.com\/pl\/fiorentini-polska\/nasz-zespol\/#breadcrumb"},"inLanguage":"pl-PL","potentialAction":[{"@type":"ReadAction","target":["https:\/\/www.fiorentini-polska.com\/pl\/fiorentini-polska\/nasz-zespol\/"]}]},{"@type":"ImageObject","inLanguage":"pl-PL","@id":"https:\/\/www.fiorentini-polska.com\/pl\/fiorentini-polska\/nasz-zespol\/#primaryimage","url":"https:\/\/www.fiorentini-polska.com\/wp-content\/uploads\/2023\/10\/Team-Pietro-Fiorentini-Polska.jpg","contentUrl":"https:\/\/www.fiorentini-polska.com\/wp-content\/uploads\/2023\/10\/Team-Pietro-Fiorentini-Polska.jpg","width":1331,"height":621,"caption":"Team-Pietro Fiorentini Polska"},{"@type":"BreadcrumbList","@id":"https:\/\/www.fiorentini-polska.com\/pl\/fiorentini-polska\/nasz-zespol\/#breadcrumb","itemListElement":[{"@type":"ListItem","position":1,"name":"Home","item":"https:\/\/www.fiorentini-polska.com\/pl\/"},{"@type":"ListItem","position":2,"name":"Fiorentini Polska","item":"https:\/\/fiorentini-polska.com\/pl\/fiorentini-polska\/"},{"@type":"ListItem","position":3,"name":"Nasz zesp\u00f3\u0142"}]},{"@type":"WebSite","@id":"https:\/\/www.fiorentini-polska.com\/pl\/#website","url":"https:\/\/www.fiorentini-polska.com\/pl\/","name":"Pietro Fiorentini Polska","description":"Pietro Fiorentini projektuje i produkuje komponenty, systemy i us\u0142ugi do regulacji, pomiar\u00f3w i zarz\u0105dzania rop\u0105 naftow\u0105 i gazem.","publisher":{"@id":"https:\/\/www.fiorentini-polska.com\/pl\/#organization"},"potentialAction":[{"@type":"SearchAction","target":{"@type":"EntryPoint","urlTemplate":"https:\/\/www.fiorentini-polska.com\/pl\/?s={search_term_string}"},"query-input":{"@type":"PropertyValueSpecification","valueRequired":true,"valueName":"search_term_string"}}],"inLanguage":"pl-PL"},{"@type":"Organization","@id":"https:\/\/www.fiorentini-polska.com\/pl\/#organization","name":"Pietro Fiorentini Polska","url":"https:\/\/www.fiorentini-polska.com\/pl\/","logo":{"@type":"ImageObject","inLanguage":"pl-PL","@id":"https:\/\/www.fiorentini-polska.com\/pl\/#\/schema\/logo\/image\/","url":"https:\/\/www.fiorentini-polska.com\/wp-content\/uploads\/2021\/07\/LOGO_CMYK_COLOR.png","contentUrl":"https:\/\/www.fiorentini-polska.com\/wp-content\/uploads\/2021\/07\/LOGO_CMYK_COLOR.png","width":3077,"height":1259,"caption":"Pietro Fiorentini Polska"},"image":{"@id":"https:\/\/www.fiorentini-polska.com\/pl\/#\/schema\/logo\/image\/"},"sameAs":["https:\/\/x.com\/FiorentiniSpa"]}]}},"_links":{"self":[{"href":"https:\/\/www.fiorentini-polska.com\/pl\/wp-json\/wp\/v2\/pages\/23944","targetHints":{"allow":["GET"]}}],"collection":[{"href":"https:\/\/www.fiorentini-polska.com\/pl\/wp-json\/wp\/v2\/pages"}],"about":[{"href":"https:\/\/www.fiorentini-polska.com\/pl\/wp-json\/wp\/v2\/types\/page"}],"author":[{"embeddable":true,"href":"https:\/\/www.fiorentini-polska.com\/pl\/wp-json\/wp\/v2\/users\/15"}],"replies":[{"embeddable":true,"href":"https:\/\/www.fiorentini-polska.com\/pl\/wp-json\/wp\/v2\/comments?post=23944"}],"version-history":[{"count":3,"href":"https:\/\/www.fiorentini-polska.com\/pl\/wp-json\/wp\/v2\/pages\/23944\/revisions"}],"predecessor-version":[{"id":30057,"href":"https:\/\/www.fiorentini-polska.com\/pl\/wp-json\/wp\/v2\/pages\/23944\/revisions\/30057"}],"up":[{"embeddable":true,"href":"https:\/\/www.fiorentini-polska.com\/pl\/wp-json\/wp\/v2\/pages\/23948"}],"wp:featuredmedia":[{"embeddable":true,"href":"https:\/\/www.fiorentini-polska.com\/pl\/wp-json\/wp\/v2\/media\/26355"}],"wp:attachment":[{"href":"https:\/\/www.fiorentini-polska.com\/pl\/wp-json\/wp\/v2\/media?parent=23944"}],"curies":[{"name":"wp","href":"https:\/\/api.w.org\/{rel}","templated":true}]}}