{"id":23999,"date":"2020-11-27T09:34:54","date_gmt":"2020-11-27T08:34:54","guid":{"rendered":"https:\/\/fiorentini-polska.com\/contact-us\/"},"modified":"2025-10-28T10:12:32","modified_gmt":"2025-10-28T09:12:32","slug":"skontaktuj-sie-z-nami","status":"publish","type":"page","link":"https:\/\/www.fiorentini-polska.com\/pl\/skontaktuj-sie-z-nami\/","title":{"rendered":"Skontaktuj si\u0119 z nami"},"content":{"rendered":"","protected":false},"excerpt":{"rendered":"","protected":false},"author":15,"featured_media":26403,"parent":0,"menu_order":0,"comment_status":"closed","ping_status":"closed","template":"template-contatti.php","meta":{"_acf_changed":false,"inline_featured_image":false,"footnotes":""},"class_list":["post-23999","page","type-page","status-publish","has-post-thumbnail","hentry"],"acf":[],"yoast_head":"<!-- This site is optimized with the Yoast SEO plugin v27.2 - https:\/\/yoast.com\/product\/yoast-seo-wordpress\/ -->\n<title>Skontaktuj si\u0119 z naszymi oddzia\u0142ami - Pietro Fiorentini<\/title>\n<meta name=\"description\" content=\"Sie\u0107 dystrybucji Pietro Fiorentini dociera do ponad 100 kraj\u00f3w na wszystkich kontynentach, z ponad 30 biurami na ca\u0142ym \u015bwiecie.\" \/>\n<meta name=\"robots\" content=\"index, follow, max-snippet:-1, max-image-preview:large, max-video-preview:-1\" \/>\n<link rel=\"canonical\" href=\"https:\/\/www.fiorentini-polska.com\/pl\/skontaktuj-sie-z-nami\/\" \/>\n<meta property=\"og:locale\" content=\"pl_PL\" \/>\n<meta property=\"og:type\" content=\"article\" \/>\n<meta property=\"og:title\" content=\"Contact our branches | Pietro Fiorentini\" \/>\n<meta property=\"og:description\" content=\"Pietro Fiorentini&#039;s distribution network reaches over 100 countries on all continents, with over 30 offices around the world\" \/>\n<meta property=\"og:url\" content=\"https:\/\/www.fiorentini-polska.com\/pl\/skontaktuj-sie-z-nami\/\" \/>\n<meta property=\"og:site_name\" content=\"Pietro Fiorentini\" \/>\n<meta property=\"article:modified_time\" content=\"2025-10-28T09:12:32+00:00\" \/>\n<meta property=\"og:image\" content=\"https:\/\/www.fiorentini-polska.com\/wp-content\/uploads\/2021\/04\/bg-company-2.jpg\" \/>\n\t<meta property=\"og:image:width\" content=\"1920\" \/>\n\t<meta property=\"og:image:height\" content=\"1080\" \/>\n\t<meta property=\"og:image:type\" content=\"image\/jpeg\" \/>\n<meta name=\"twitter:card\" content=\"summary_large_image\" \/>\n<meta name=\"twitter:title\" content=\"Contact our branches | Pietro Fiorentini\" \/>\n<meta name=\"twitter:description\" content=\"Pietro Fiorentini&#039;s distribution network reaches over 100 countries on all continents, with over 30 offices around the world\" \/>\n<meta name=\"twitter:image\" content=\"https:\/\/www.fiorentini-polska.com\/wp-content\/uploads\/2021\/04\/bg-company-2.jpg\" \/>\n<meta name=\"twitter:site\" content=\"@FiorentiniSpa\" \/>\n<meta name=\"twitter:label1\" content=\"Szacowany czas czytania\" \/>\n\t<meta name=\"twitter:data1\" content=\"1 minuta\" \/>\n<script type=\"application\/ld+json\" class=\"yoast-schema-graph\">{\"@context\":\"https:\/\/schema.org\",\"@graph\":[{\"@type\":[\"WebPage\",\"ContactPage\"],\"@id\":\"https:\/\/www.fiorentini-polska.com\/pl\/skontaktuj-sie-z-nami\/\",\"url\":\"https:\/\/www.fiorentini-polska.com\/pl\/skontaktuj-sie-z-nami\/\",\"name\":\"Skontaktuj si\u0119 z naszymi oddzia\u0142ami - Pietro Fiorentini\",\"isPartOf\":{\"@id\":\"https:\/\/fiorentini-polska.com\/en\/#website\"},\"primaryImageOfPage\":{\"@id\":\"https:\/\/www.fiorentini-polska.com\/pl\/skontaktuj-sie-z-nami\/#primaryimage\"},\"image\":{\"@id\":\"https:\/\/www.fiorentini-polska.com\/pl\/skontaktuj-sie-z-nami\/#primaryimage\"},\"thumbnailUrl\":\"https:\/\/www.fiorentini-polska.com\/wp-content\/uploads\/2023\/10\/07-contacto-capcalera.jpeg\",\"datePublished\":\"2020-11-27T08:34:54+00:00\",\"dateModified\":\"2025-10-28T09:12:32+00:00\",\"description\":\"Sie\u0107 dystrybucji Pietro Fiorentini dociera do ponad 100 kraj\u00f3w na wszystkich kontynentach, z ponad 30 biurami na ca\u0142ym \u015bwiecie.\",\"breadcrumb\":{\"@id\":\"https:\/\/www.fiorentini-polska.com\/pl\/skontaktuj-sie-z-nami\/#breadcrumb\"},\"inLanguage\":\"pl-PL\",\"potentialAction\":[{\"@type\":\"ReadAction\",\"target\":[\"https:\/\/www.fiorentini-polska.com\/pl\/skontaktuj-sie-z-nami\/\"]}]},{\"@type\":\"ImageObject\",\"inLanguage\":\"pl-PL\",\"@id\":\"https:\/\/www.fiorentini-polska.com\/pl\/skontaktuj-sie-z-nami\/#primaryimage\",\"url\":\"https:\/\/www.fiorentini-polska.com\/wp-content\/uploads\/2023\/10\/07-contacto-capcalera.jpeg\",\"contentUrl\":\"https:\/\/www.fiorentini-polska.com\/wp-content\/uploads\/2023\/10\/07-contacto-capcalera.jpeg\",\"width\":1920,\"height\":288,\"caption\":\"07-contact us Pietro Fiorentini Polska\"},{\"@type\":\"BreadcrumbList\",\"@id\":\"https:\/\/www.fiorentini-polska.com\/pl\/skontaktuj-sie-z-nami\/#breadcrumb\",\"itemListElement\":[{\"@type\":\"ListItem\",\"position\":1,\"name\":\"Home\",\"item\":\"https:\/\/fiorentini-polska.com\/pl\/\"},{\"@type\":\"ListItem\",\"position\":2,\"name\":\"Skontaktuj si\u0119 z nami\"}]},{\"@type\":\"WebSite\",\"@id\":\"https:\/\/fiorentini-polska.com\/en\/#website\",\"url\":\"https:\/\/fiorentini-polska.com\/en\/\",\"name\":\"Pietro Fiorentini Polska\",\"description\":\"Pietro Fiorentini projektuje i produkuje komponenty, systemy i us\u0142ugi do regulacji, pomiar\u00f3w i zarz\u0105dzania rop\u0105 naftow\u0105 i gazem.\",\"publisher\":{\"@id\":\"https:\/\/fiorentini-polska.com\/en\/#organization\"},\"potentialAction\":[{\"@type\":\"SearchAction\",\"target\":{\"@type\":\"EntryPoint\",\"urlTemplate\":\"https:\/\/fiorentini-polska.com\/en\/?s={search_term_string}\"},\"query-input\":{\"@type\":\"PropertyValueSpecification\",\"valueRequired\":true,\"valueName\":\"search_term_string\"}}],\"inLanguage\":\"pl-PL\"},{\"@type\":\"Organization\",\"@id\":\"https:\/\/fiorentini-polska.com\/en\/#organization\",\"name\":\"Pietro Fiorentini Polska\",\"url\":\"https:\/\/fiorentini-polska.com\/en\/\",\"logo\":{\"@type\":\"ImageObject\",\"inLanguage\":\"pl-PL\",\"@id\":\"https:\/\/fiorentini-polska.com\/en\/#\/schema\/logo\/image\/\",\"url\":\"https:\/\/www.fiorentini-polska.com\/wp-content\/uploads\/2021\/07\/LOGO_CMYK_COLOR.png\",\"contentUrl\":\"https:\/\/www.fiorentini-polska.com\/wp-content\/uploads\/2021\/07\/LOGO_CMYK_COLOR.png\",\"width\":3077,\"height\":1259,\"caption\":\"Pietro Fiorentini Polska\"},\"image\":{\"@id\":\"https:\/\/fiorentini-polska.com\/en\/#\/schema\/logo\/image\/\"},\"sameAs\":[\"https:\/\/x.com\/FiorentiniSpa\"]}]}<\/script>\n<!-- \/ Yoast SEO plugin. -->","yoast_head_json":{"title":"Skontaktuj si\u0119 z naszymi oddzia\u0142ami - Pietro Fiorentini","description":"Sie\u0107 dystrybucji Pietro Fiorentini dociera do ponad 100 kraj\u00f3w na wszystkich kontynentach, z ponad 30 biurami na ca\u0142ym \u015bwiecie.","robots":{"index":"index","follow":"follow","max-snippet":"max-snippet:-1","max-image-preview":"max-image-preview:large","max-video-preview":"max-video-preview:-1"},"canonical":"https:\/\/www.fiorentini-polska.com\/pl\/skontaktuj-sie-z-nami\/","og_locale":"pl_PL","og_type":"article","og_title":"Contact our branches | Pietro Fiorentini","og_description":"Pietro Fiorentini's distribution network reaches over 100 countries on all continents, with over 30 offices around the world","og_url":"https:\/\/www.fiorentini-polska.com\/pl\/skontaktuj-sie-z-nami\/","og_site_name":"Pietro Fiorentini","article_modified_time":"2025-10-28T09:12:32+00:00","og_image":[{"width":1920,"height":1080,"url":"https:\/\/www.fiorentini-polska.com\/wp-content\/uploads\/2021\/04\/bg-company-2.jpg","type":"image\/jpeg"}],"twitter_card":"summary_large_image","twitter_title":"Contact our branches | Pietro Fiorentini","twitter_description":"Pietro Fiorentini's distribution network reaches over 100 countries on all continents, with over 30 offices around the world","twitter_image":"https:\/\/www.fiorentini-polska.com\/wp-content\/uploads\/2021\/04\/bg-company-2.jpg","twitter_site":"@FiorentiniSpa","twitter_misc":{"Szacowany czas czytania":"1 minuta"},"schema":{"@context":"https:\/\/schema.org","@graph":[{"@type":["WebPage","ContactPage"],"@id":"https:\/\/www.fiorentini-polska.com\/pl\/skontaktuj-sie-z-nami\/","url":"https:\/\/www.fiorentini-polska.com\/pl\/skontaktuj-sie-z-nami\/","name":"Skontaktuj si\u0119 z naszymi oddzia\u0142ami - Pietro Fiorentini","isPartOf":{"@id":"https:\/\/fiorentini-polska.com\/en\/#website"},"primaryImageOfPage":{"@id":"https:\/\/www.fiorentini-polska.com\/pl\/skontaktuj-sie-z-nami\/#primaryimage"},"image":{"@id":"https:\/\/www.fiorentini-polska.com\/pl\/skontaktuj-sie-z-nami\/#primaryimage"},"thumbnailUrl":"https:\/\/www.fiorentini-polska.com\/wp-content\/uploads\/2023\/10\/07-contacto-capcalera.jpeg","datePublished":"2020-11-27T08:34:54+00:00","dateModified":"2025-10-28T09:12:32+00:00","description":"Sie\u0107 dystrybucji Pietro Fiorentini dociera do ponad 100 kraj\u00f3w na wszystkich kontynentach, z ponad 30 biurami na ca\u0142ym \u015bwiecie.","breadcrumb":{"@id":"https:\/\/www.fiorentini-polska.com\/pl\/skontaktuj-sie-z-nami\/#breadcrumb"},"inLanguage":"pl-PL","potentialAction":[{"@type":"ReadAction","target":["https:\/\/www.fiorentini-polska.com\/pl\/skontaktuj-sie-z-nami\/"]}]},{"@type":"ImageObject","inLanguage":"pl-PL","@id":"https:\/\/www.fiorentini-polska.com\/pl\/skontaktuj-sie-z-nami\/#primaryimage","url":"https:\/\/www.fiorentini-polska.com\/wp-content\/uploads\/2023\/10\/07-contacto-capcalera.jpeg","contentUrl":"https:\/\/www.fiorentini-polska.com\/wp-content\/uploads\/2023\/10\/07-contacto-capcalera.jpeg","width":1920,"height":288,"caption":"07-contact us Pietro Fiorentini Polska"},{"@type":"BreadcrumbList","@id":"https:\/\/www.fiorentini-polska.com\/pl\/skontaktuj-sie-z-nami\/#breadcrumb","itemListElement":[{"@type":"ListItem","position":1,"name":"Home","item":"https:\/\/fiorentini-polska.com\/pl\/"},{"@type":"ListItem","position":2,"name":"Skontaktuj si\u0119 z nami"}]},{"@type":"WebSite","@id":"https:\/\/fiorentini-polska.com\/en\/#website","url":"https:\/\/fiorentini-polska.com\/en\/","name":"Pietro Fiorentini Polska","description":"Pietro Fiorentini projektuje i produkuje komponenty, systemy i us\u0142ugi do regulacji, pomiar\u00f3w i zarz\u0105dzania rop\u0105 naftow\u0105 i gazem.","publisher":{"@id":"https:\/\/fiorentini-polska.com\/en\/#organization"},"potentialAction":[{"@type":"SearchAction","target":{"@type":"EntryPoint","urlTemplate":"https:\/\/fiorentini-polska.com\/en\/?s={search_term_string}"},"query-input":{"@type":"PropertyValueSpecification","valueRequired":true,"valueName":"search_term_string"}}],"inLanguage":"pl-PL"},{"@type":"Organization","@id":"https:\/\/fiorentini-polska.com\/en\/#organization","name":"Pietro Fiorentini Polska","url":"https:\/\/fiorentini-polska.com\/en\/","logo":{"@type":"ImageObject","inLanguage":"pl-PL","@id":"https:\/\/fiorentini-polska.com\/en\/#\/schema\/logo\/image\/","url":"https:\/\/www.fiorentini-polska.com\/wp-content\/uploads\/2021\/07\/LOGO_CMYK_COLOR.png","contentUrl":"https:\/\/www.fiorentini-polska.com\/wp-content\/uploads\/2021\/07\/LOGO_CMYK_COLOR.png","width":3077,"height":1259,"caption":"Pietro Fiorentini Polska"},"image":{"@id":"https:\/\/fiorentini-polska.com\/en\/#\/schema\/logo\/image\/"},"sameAs":["https:\/\/x.com\/FiorentiniSpa"]}]}},"_links":{"self":[{"href":"https:\/\/www.fiorentini-polska.com\/pl\/wp-json\/wp\/v2\/pages\/23999","targetHints":{"allow":["GET"]}}],"collection":[{"href":"https:\/\/www.fiorentini-polska.com\/pl\/wp-json\/wp\/v2\/pages"}],"about":[{"href":"https:\/\/www.fiorentini-polska.com\/pl\/wp-json\/wp\/v2\/types\/page"}],"author":[{"embeddable":true,"href":"https:\/\/www.fiorentini-polska.com\/pl\/wp-json\/wp\/v2\/users\/15"}],"replies":[{"embeddable":true,"href":"https:\/\/www.fiorentini-polska.com\/pl\/wp-json\/wp\/v2\/comments?post=23999"}],"version-history":[{"count":3,"href":"https:\/\/www.fiorentini-polska.com\/pl\/wp-json\/wp\/v2\/pages\/23999\/revisions"}],"predecessor-version":[{"id":30639,"href":"https:\/\/www.fiorentini-polska.com\/pl\/wp-json\/wp\/v2\/pages\/23999\/revisions\/30639"}],"wp:featuredmedia":[{"embeddable":true,"href":"https:\/\/www.fiorentini-polska.com\/pl\/wp-json\/wp\/v2\/media\/26403"}],"wp:attachment":[{"href":"https:\/\/www.fiorentini-polska.com\/pl\/wp-json\/wp\/v2\/media?parent=23999"}],"curies":[{"name":"wp","href":"https:\/\/api.w.org\/{rel}","templated":true}]}}