{"id":27732,"date":"2024-02-13T23:26:16","date_gmt":"2024-02-13T22:26:16","guid":{"rendered":"https:\/\/fiorentini-polska.com\/doswiadczenie\/przetwarzanie-energii-elektrycznej-w-gaz\/successful-projects\/"},"modified":"2024-02-26T11:28:22","modified_gmt":"2024-02-26T10:28:22","slug":"zrealizowane-projekty","status":"publish","type":"page","link":"https:\/\/www.fiorentini-polska.com\/pl\/doswiadczenie\/przetwarzanie-energii-elektrycznej-w-gaz\/zrealizowane-projekty\/","title":{"rendered":"Zrealizowane projekty"},"content":{"rendered":"\n<p>Rozw\u00f3j technologii przetwarzanie energii elektrycznej w gaz jest cz\u0119\u015bci\u0105 procesu przyspieszania transformacji energetycznej, w kt\u00f3r\u0105 zaanga\u017cowana jest <strong><a href=\"https:\/\/www.fiorentini-polska.com\/pl\/grupa-pietro-fiorentini\/\">Sp\u00f3\u0142ka Pietro Fiorentini<\/a><\/strong>. Wzmocniona do\u015bwiadczeniem w \u015bwiecie gazu ziemnego i jako punkt odniesienia w dziedzinie bada\u0144 i rozwoju.<\/p>\n\n\n\n<p>To podej\u015bcie skierowane na innowacje znajduje odzwierciedlenie w<strong> rozwoju projekt\u00f3w we W\u0142oszech<\/strong> <strong>i<\/strong> <strong>Europie<\/strong>, obejmuj\u0105cych najnowocze\u015bniejsze rozwi\u0105zania przy tworzeniu, kt\u00f3rych firma Pietro Fiorentini i sp\u00f3\u0142ki Grupy wsp\u00f3\u0142pracuj\u0105 na kanwie synergii.<\/p>\n\n\n\n<div class=\"wp-block-group index\"><div class=\"wp-block-group__inner-container is-layout-flow wp-block-group-is-layout-flow\">\n<ol class=\"wp-block-list\">\n<li><strong><a href=\"#bio-farm-straubing\">Bio FARM (Straubing)<\/a><\/strong><\/li>\n\n\n\n<li><strong><a href=\"#synbios-bologna\">SynBioS (Bolonia)<\/a><\/strong><\/li>\n<\/ol>\n<\/div><\/div>\n\n\n\n<div id=\"bio-farm-straubing\" class=\"wp-block-group\"><div class=\"wp-block-group__inner-container is-layout-flow wp-block-group-is-layout-flow\">\n<h3 class=\"wp-block-heading\">Bio FARM (Straubing)<\/h3>\n\n\n\n<p>W czwartek 28 lipca 2022 r. w oczyszczalni \u015bciek\u00f3w Straubing w Niemczech rozpocz\u0119\u0142y si\u0119 prace nad Bio FARM, instalacj\u0105 badawczo-eksperymentaln\u0105 z procesami biometanizacji ze \u017ar\u00f3de\u0142 energii, w szczeg\u00f3lno\u015bci biogazu i gazu syntezowego. Instalacja zosta\u0142a w ca\u0142o\u015bci zaprojektowan\u0105 i zbudowana przez firm\u0119 Pietro Fiorentini i jej sp\u00f3\u0142ki zale\u017cne <strong><a href=\"https:\/\/fiorentini-polska.com\/pl\/grupa-pietro-fiorentini\/grupy-pf-oddzialy-i-marki\/#micropyros\">MicroPyros<\/a><\/strong>, <strong><a href=\"https:\/\/fiorentini-polska.com\/pl\/grupa-pietro-fiorentini\/grupy-pf-oddzialy-i-marki\/#hyter\">Hyter<\/a><\/strong> i <strong><a href=\"https:\/\/fiorentini-polska.com\/pl\/grupa-pietro-fiorentini\/grupy-pf-oddzialy-i-marki\/#biokomp\">Biokomp<\/a><\/strong>.<\/p>\n\n\n\n<p>Sp\u00f3\u0142ka b\u0119dzie zatem g\u0142\u00f3wnym promotorem systemu bada\u0144 i eksperyment\u00f3w w zakresie biometanizacji, <strong>unikalnego rozwi\u0105zania w skali Europy<\/strong>. Obiekt, kt\u00f3ry zosta\u0142 oddany do u\u017cytku wiosn\u0105 2023 roku, b\u0119dzie przeznaczony do bada\u0144 i testowania proces\u00f3w biometanizacji z r\u00f3\u017cnych \u017ar\u00f3de\u0142, w szczeg\u00f3lno\u015bci biogazu i gazu syntezowego. Obiekt, w kt\u00f3rym mo\u017cliwe b\u0119dzie wytwarzanie mieszanek gazowych na miejscu w oparciu o bezpo\u015brednie podawanie biogazu z kom\u00f3r fermentacyjnych pracuj\u0105cych przy oczyszczaniu \u015bciek\u00f3w.<\/p>\n\n\n\n<p><a href=\"https:\/\/fiorentini-polska.com\/pl\/news\/inauguracja-bio-farm-zakladu-badawczego-micropyros-do-biometanizacji\/\">https:\/\/fiorentini-polska.com\/pl\/news\/inauguracja-bio-farm-zakladu-badawczego-micropyros-do-biometanizacji\/<\/a><br>\u00a0<\/p>\n\n\n\n<figure class=\"wp-block-image size-full\"><img loading=\"lazy\" decoding=\"async\" width=\"1024\" height=\"576\" src=\"https:\/\/fiorentini-polska.com\/wp-content\/uploads\/2024\/02\/bio-farm-1024x576-1.jpg\" alt=\"\" class=\"wp-image-27385\" srcset=\"https:\/\/www.fiorentini-polska.com\/wp-content\/uploads\/2024\/02\/bio-farm-1024x576-1.jpg 1024w, https:\/\/www.fiorentini-polska.com\/wp-content\/uploads\/2024\/02\/bio-farm-1024x576-1-300x169.jpg 300w, https:\/\/www.fiorentini-polska.com\/wp-content\/uploads\/2024\/02\/bio-farm-1024x576-1-768x432.jpg 768w\" sizes=\"auto, (max-width: 1024px) 100vw, 1024px\" \/><\/figure>\n<\/div><\/div>\n\n\n\n<div style=\"height:32px\" aria-hidden=\"true\" class=\"wp-block-spacer\"><\/div>\n\n\n\n<div id=\"synbios-bologna\" class=\"wp-block-group\"><div class=\"wp-block-group__inner-container is-layout-flow wp-block-group-is-layout-flow\">\n<h3 class=\"wp-block-heading\"><strong>SynBioS<\/strong> (Bolonia)<\/h3>\n\n\n\n<p>We wtorek 6 wrze\u015bnia 2022 r. <a href=\"http:\/\/eng.gruppohera.it\/group_eng\/\" target=\"_blank\" rel=\"noreferrer noopener\"><strong>Grupa Hera<\/strong> <\/a>zaprezentowa\u0142a na targach Gastech w Mediolanie innowacyjn\u0105 instalacj\u0119 do przetwarzania energii elektrycznej w gaz o nazwie <strong>SynBioS<\/strong> (Biologiczne magazynowanie gazu syntezowego), kt\u00f3ra jest w stanie przekszta\u0142ci\u0107 odnawialn\u0105 energi\u0119 elektryczn\u0105 i \u015bcieki w zielony wod\u00f3r, a nast\u0119pnie w biometan.<\/p>\n\n\n\n<p>Instalacja zaprojektowana i zbudowana przez firm\u0119 <strong>Pietro<\/strong> <strong>Fiorentini<\/strong>, <a href=\"https:\/\/micropyros.de\/\" target=\"_blank\" rel=\"noreferrer noopener\"><strong>MicroPyros<\/strong><\/a> i <a href=\"https:\/\/hyter.it\/en\/\" target=\"_blank\" rel=\"noreferrer noopener\"><strong>Hyter<\/strong><\/a> zostanie oddana do u\u017cytku w 2023 roku w Corticella w prowincji Bolonia, gdzie zlokalizowana jest najwi\u0119ksza oczyszczalnia Sp\u00f3\u0142ki Hera. M\u00f3wi\u0105c dok\u0142adniej, instalacja b\u0119dzie wykorzystywa\u0142a \u015bcieki i odnawialn\u0105 energi\u0119 elektryczn\u0105 do produkcji zielonego wodoru i tlenu. Wod\u00f3r zostanie nast\u0119pnie przekszta\u0142cony w biometan poprzez wykorzystanie dwutlenku w\u0119gla zawartego w biogazie wytwarzanym w wyniku fermentacji osad\u00f3w \u015bciekowych. Uzyskany w ten spos\u00f3b biometan mo\u017cna wprowadza\u0107 do miejskiej sieci gazowej bez ogranicze\u0144 st\u0119\u017cenia.<\/p>\n\n\n\n<p><a href=\"https:\/\/www.fiorentini.com\/en\/news\/synbios-power-to-gas-and-multi-business-expertise-to-meet-the-challenge-of-decarbonisation\" target=\"_blank\" rel=\"noreferrer noopener\">https:\/\/www.fiorentini.com\/en\/news\/synbios-power-to-gas-and-multi-business-expertise-to-meet-the-challenge-of-decarbonisation<\/a>\/ <\/p>\n\n\n\n<figure class=\"wp-block-image size-full\"><img loading=\"lazy\" decoding=\"async\" width=\"1024\" height=\"577\" src=\"https:\/\/fiorentini-polska.com\/wp-content\/uploads\/2024\/02\/synbios-bologna-1024x577-1.jpg\" alt=\"\" class=\"wp-image-27383\" srcset=\"https:\/\/www.fiorentini-polska.com\/wp-content\/uploads\/2024\/02\/synbios-bologna-1024x577-1.jpg 1024w, https:\/\/www.fiorentini-polska.com\/wp-content\/uploads\/2024\/02\/synbios-bologna-1024x577-1-300x169.jpg 300w, https:\/\/www.fiorentini-polska.com\/wp-content\/uploads\/2024\/02\/synbios-bologna-1024x577-1-768x433.jpg 768w\" sizes=\"auto, (max-width: 1024px) 100vw, 1024px\" \/><\/figure>\n<\/div><\/div>\n","protected":false},"excerpt":{"rendered":"<p>Zaanga\u017cowanie Pietro Fiorentini w rozw\u00f3j technologii przetwarzania energii elektrycznej w gaz znajduje odzwierciedlenie w najnowocze\u015bniejszych projektach we W\u0142oszech i Europie, dzi\u0119ki czemu firma zyska\u0142a pozycj\u0119 niezawodnego partnera technologicznego w dziedzinie transformacji energetycznej.<\/p>\n","protected":false},"author":12,"featured_media":0,"parent":27726,"menu_order":0,"comment_status":"closed","ping_status":"closed","template":"template-expertise-post.php","meta":{"_acf_changed":false,"inline_featured_image":false,"footnotes":""},"class_list":["post-27732","page","type-page","status-publish","hentry"],"acf":[],"yoast_head":"<!-- This site is optimized with the Yoast SEO plugin v27.2 - https:\/\/yoast.com\/product\/yoast-seo-wordpress\/ -->\n<title>Zrealizowane projekty - Pietro Fiorentini<\/title>\n<meta name=\"description\" content=\"Zaanga\u017cowanie Pietro Fiorentini w rozw\u00f3j technologii przetwarzania energii elektrycznej w gaz znajduje odzwierciedlenie w najnowocze\u015bniejszych projektach we W\u0142oszech i Europie.\" \/>\n<meta name=\"robots\" content=\"index, follow, max-snippet:-1, max-image-preview:large, max-video-preview:-1\" \/>\n<link rel=\"canonical\" href=\"https:\/\/www.fiorentini-polska.com\/pl\/doswiadczenie\/przetwarzanie-energii-elektrycznej-w-gaz\/zrealizowane-projekty\/\" \/>\n<meta property=\"og:locale\" content=\"pl_PL\" \/>\n<meta property=\"og:type\" content=\"article\" \/>\n<meta property=\"og:title\" content=\"Zrealizowane projekty - Pietro Fiorentini\" \/>\n<meta property=\"og:description\" content=\"Zaanga\u017cowanie Pietro Fiorentini w rozw\u00f3j technologii przetwarzania energii elektrycznej w gaz znajduje odzwierciedlenie w najnowocze\u015bniejszych projektach we W\u0142oszech i Europie.\" \/>\n<meta property=\"og:url\" content=\"https:\/\/www.fiorentini-polska.com\/pl\/doswiadczenie\/przetwarzanie-energii-elektrycznej-w-gaz\/zrealizowane-projekty\/\" \/>\n<meta property=\"og:site_name\" content=\"Pietro Fiorentini\" \/>\n<meta property=\"article:modified_time\" content=\"2024-02-26T10:28:22+00:00\" \/>\n<meta property=\"og:image\" content=\"https:\/\/fiorentini-polska.com\/wp-content\/uploads\/2024\/02\/bio-farm-1024x576-1.jpg\" \/>\n<meta name=\"twitter:card\" content=\"summary_large_image\" \/>\n<meta name=\"twitter:site\" content=\"@FiorentiniSpa\" \/>\n<meta name=\"twitter:label1\" content=\"Szacowany czas czytania\" \/>\n\t<meta name=\"twitter:data1\" content=\"2 minuty\" \/>\n<script type=\"application\/ld+json\" class=\"yoast-schema-graph\">{\"@context\":\"https:\/\/schema.org\",\"@graph\":[{\"@type\":\"WebPage\",\"@id\":\"https:\/\/www.fiorentini-polska.com\/pl\/doswiadczenie\/przetwarzanie-energii-elektrycznej-w-gaz\/zrealizowane-projekty\/\",\"url\":\"https:\/\/www.fiorentini-polska.com\/pl\/doswiadczenie\/przetwarzanie-energii-elektrycznej-w-gaz\/zrealizowane-projekty\/\",\"name\":\"Zrealizowane projekty - Pietro Fiorentini\",\"isPartOf\":{\"@id\":\"https:\/\/fiorentini-polska.com\/en\/#website\"},\"primaryImageOfPage\":{\"@id\":\"https:\/\/www.fiorentini-polska.com\/pl\/doswiadczenie\/przetwarzanie-energii-elektrycznej-w-gaz\/zrealizowane-projekty\/#primaryimage\"},\"image\":{\"@id\":\"https:\/\/www.fiorentini-polska.com\/pl\/doswiadczenie\/przetwarzanie-energii-elektrycznej-w-gaz\/zrealizowane-projekty\/#primaryimage\"},\"thumbnailUrl\":\"https:\/\/fiorentini-polska.com\/wp-content\/uploads\/2024\/02\/bio-farm-1024x576-1.jpg\",\"datePublished\":\"2024-02-13T22:26:16+00:00\",\"dateModified\":\"2024-02-26T10:28:22+00:00\",\"description\":\"Zaanga\u017cowanie Pietro Fiorentini w rozw\u00f3j technologii przetwarzania energii elektrycznej w gaz znajduje odzwierciedlenie w najnowocze\u015bniejszych projektach we W\u0142oszech i Europie.\",\"breadcrumb\":{\"@id\":\"https:\/\/www.fiorentini-polska.com\/pl\/doswiadczenie\/przetwarzanie-energii-elektrycznej-w-gaz\/zrealizowane-projekty\/#breadcrumb\"},\"inLanguage\":\"pl-PL\",\"potentialAction\":[{\"@type\":\"ReadAction\",\"target\":[\"https:\/\/www.fiorentini-polska.com\/pl\/doswiadczenie\/przetwarzanie-energii-elektrycznej-w-gaz\/zrealizowane-projekty\/\"]}]},{\"@type\":\"ImageObject\",\"inLanguage\":\"pl-PL\",\"@id\":\"https:\/\/www.fiorentini-polska.com\/pl\/doswiadczenie\/przetwarzanie-energii-elektrycznej-w-gaz\/zrealizowane-projekty\/#primaryimage\",\"url\":\"https:\/\/fiorentini-polska.com\/wp-content\/uploads\/2024\/02\/bio-farm-1024x576-1.jpg\",\"contentUrl\":\"https:\/\/fiorentini-polska.com\/wp-content\/uploads\/2024\/02\/bio-farm-1024x576-1.jpg\"},{\"@type\":\"BreadcrumbList\",\"@id\":\"https:\/\/www.fiorentini-polska.com\/pl\/doswiadczenie\/przetwarzanie-energii-elektrycznej-w-gaz\/zrealizowane-projekty\/#breadcrumb\",\"itemListElement\":[{\"@type\":\"ListItem\",\"position\":1,\"name\":\"Home\",\"item\":\"https:\/\/fiorentini-polska.com\/pl\/\"},{\"@type\":\"ListItem\",\"position\":2,\"name\":\"Do\u015bwiadczenie\",\"item\":\"https:\/\/fiorentini-polska.com\/pl\/doswiadczenie\/\"},{\"@type\":\"ListItem\",\"position\":3,\"name\":\"Przetwarzanie energii elektrycznej w gaz\",\"item\":\"https:\/\/fiorentini-polska.com\/pl\/doswiadczenie\/przetwarzanie-energii-elektrycznej-w-gaz\/\"},{\"@type\":\"ListItem\",\"position\":4,\"name\":\"Zrealizowane projekty\"}]},{\"@type\":\"WebSite\",\"@id\":\"https:\/\/fiorentini-polska.com\/en\/#website\",\"url\":\"https:\/\/fiorentini-polska.com\/en\/\",\"name\":\"Pietro Fiorentini Polska\",\"description\":\"Pietro Fiorentini projektuje i produkuje komponenty, systemy i us\u0142ugi do regulacji, pomiar\u00f3w i zarz\u0105dzania rop\u0105 naftow\u0105 i gazem.\",\"publisher\":{\"@id\":\"https:\/\/fiorentini-polska.com\/en\/#organization\"},\"potentialAction\":[{\"@type\":\"SearchAction\",\"target\":{\"@type\":\"EntryPoint\",\"urlTemplate\":\"https:\/\/fiorentini-polska.com\/en\/?s={search_term_string}\"},\"query-input\":{\"@type\":\"PropertyValueSpecification\",\"valueRequired\":true,\"valueName\":\"search_term_string\"}}],\"inLanguage\":\"pl-PL\"},{\"@type\":\"Organization\",\"@id\":\"https:\/\/fiorentini-polska.com\/en\/#organization\",\"name\":\"Pietro Fiorentini Polska\",\"url\":\"https:\/\/fiorentini-polska.com\/en\/\",\"logo\":{\"@type\":\"ImageObject\",\"inLanguage\":\"pl-PL\",\"@id\":\"https:\/\/fiorentini-polska.com\/en\/#\/schema\/logo\/image\/\",\"url\":\"https:\/\/www.fiorentini-polska.com\/wp-content\/uploads\/2021\/07\/LOGO_CMYK_COLOR.png\",\"contentUrl\":\"https:\/\/www.fiorentini-polska.com\/wp-content\/uploads\/2021\/07\/LOGO_CMYK_COLOR.png\",\"width\":3077,\"height\":1259,\"caption\":\"Pietro Fiorentini Polska\"},\"image\":{\"@id\":\"https:\/\/fiorentini-polska.com\/en\/#\/schema\/logo\/image\/\"},\"sameAs\":[\"https:\/\/x.com\/FiorentiniSpa\"]}]}<\/script>\n<!-- \/ Yoast SEO plugin. -->","yoast_head_json":{"title":"Zrealizowane projekty - Pietro Fiorentini","description":"Zaanga\u017cowanie Pietro Fiorentini w rozw\u00f3j technologii przetwarzania energii elektrycznej w gaz znajduje odzwierciedlenie w najnowocze\u015bniejszych projektach we W\u0142oszech i Europie.","robots":{"index":"index","follow":"follow","max-snippet":"max-snippet:-1","max-image-preview":"max-image-preview:large","max-video-preview":"max-video-preview:-1"},"canonical":"https:\/\/www.fiorentini-polska.com\/pl\/doswiadczenie\/przetwarzanie-energii-elektrycznej-w-gaz\/zrealizowane-projekty\/","og_locale":"pl_PL","og_type":"article","og_title":"Zrealizowane projekty - Pietro Fiorentini","og_description":"Zaanga\u017cowanie Pietro Fiorentini w rozw\u00f3j technologii przetwarzania energii elektrycznej w gaz znajduje odzwierciedlenie w najnowocze\u015bniejszych projektach we W\u0142oszech i Europie.","og_url":"https:\/\/www.fiorentini-polska.com\/pl\/doswiadczenie\/przetwarzanie-energii-elektrycznej-w-gaz\/zrealizowane-projekty\/","og_site_name":"Pietro Fiorentini","article_modified_time":"2024-02-26T10:28:22+00:00","og_image":[{"url":"https:\/\/fiorentini-polska.com\/wp-content\/uploads\/2024\/02\/bio-farm-1024x576-1.jpg","type":"","width":"","height":""}],"twitter_card":"summary_large_image","twitter_site":"@FiorentiniSpa","twitter_misc":{"Szacowany czas czytania":"2 minuty"},"schema":{"@context":"https:\/\/schema.org","@graph":[{"@type":"WebPage","@id":"https:\/\/www.fiorentini-polska.com\/pl\/doswiadczenie\/przetwarzanie-energii-elektrycznej-w-gaz\/zrealizowane-projekty\/","url":"https:\/\/www.fiorentini-polska.com\/pl\/doswiadczenie\/przetwarzanie-energii-elektrycznej-w-gaz\/zrealizowane-projekty\/","name":"Zrealizowane projekty - Pietro Fiorentini","isPartOf":{"@id":"https:\/\/fiorentini-polska.com\/en\/#website"},"primaryImageOfPage":{"@id":"https:\/\/www.fiorentini-polska.com\/pl\/doswiadczenie\/przetwarzanie-energii-elektrycznej-w-gaz\/zrealizowane-projekty\/#primaryimage"},"image":{"@id":"https:\/\/www.fiorentini-polska.com\/pl\/doswiadczenie\/przetwarzanie-energii-elektrycznej-w-gaz\/zrealizowane-projekty\/#primaryimage"},"thumbnailUrl":"https:\/\/fiorentini-polska.com\/wp-content\/uploads\/2024\/02\/bio-farm-1024x576-1.jpg","datePublished":"2024-02-13T22:26:16+00:00","dateModified":"2024-02-26T10:28:22+00:00","description":"Zaanga\u017cowanie Pietro Fiorentini w rozw\u00f3j technologii przetwarzania energii elektrycznej w gaz znajduje odzwierciedlenie w najnowocze\u015bniejszych projektach we W\u0142oszech i Europie.","breadcrumb":{"@id":"https:\/\/www.fiorentini-polska.com\/pl\/doswiadczenie\/przetwarzanie-energii-elektrycznej-w-gaz\/zrealizowane-projekty\/#breadcrumb"},"inLanguage":"pl-PL","potentialAction":[{"@type":"ReadAction","target":["https:\/\/www.fiorentini-polska.com\/pl\/doswiadczenie\/przetwarzanie-energii-elektrycznej-w-gaz\/zrealizowane-projekty\/"]}]},{"@type":"ImageObject","inLanguage":"pl-PL","@id":"https:\/\/www.fiorentini-polska.com\/pl\/doswiadczenie\/przetwarzanie-energii-elektrycznej-w-gaz\/zrealizowane-projekty\/#primaryimage","url":"https:\/\/fiorentini-polska.com\/wp-content\/uploads\/2024\/02\/bio-farm-1024x576-1.jpg","contentUrl":"https:\/\/fiorentini-polska.com\/wp-content\/uploads\/2024\/02\/bio-farm-1024x576-1.jpg"},{"@type":"BreadcrumbList","@id":"https:\/\/www.fiorentini-polska.com\/pl\/doswiadczenie\/przetwarzanie-energii-elektrycznej-w-gaz\/zrealizowane-projekty\/#breadcrumb","itemListElement":[{"@type":"ListItem","position":1,"name":"Home","item":"https:\/\/fiorentini-polska.com\/pl\/"},{"@type":"ListItem","position":2,"name":"Do\u015bwiadczenie","item":"https:\/\/fiorentini-polska.com\/pl\/doswiadczenie\/"},{"@type":"ListItem","position":3,"name":"Przetwarzanie energii elektrycznej w gaz","item":"https:\/\/fiorentini-polska.com\/pl\/doswiadczenie\/przetwarzanie-energii-elektrycznej-w-gaz\/"},{"@type":"ListItem","position":4,"name":"Zrealizowane projekty"}]},{"@type":"WebSite","@id":"https:\/\/fiorentini-polska.com\/en\/#website","url":"https:\/\/fiorentini-polska.com\/en\/","name":"Pietro Fiorentini Polska","description":"Pietro Fiorentini projektuje i produkuje komponenty, systemy i us\u0142ugi do regulacji, pomiar\u00f3w i zarz\u0105dzania rop\u0105 naftow\u0105 i gazem.","publisher":{"@id":"https:\/\/fiorentini-polska.com\/en\/#organization"},"potentialAction":[{"@type":"SearchAction","target":{"@type":"EntryPoint","urlTemplate":"https:\/\/fiorentini-polska.com\/en\/?s={search_term_string}"},"query-input":{"@type":"PropertyValueSpecification","valueRequired":true,"valueName":"search_term_string"}}],"inLanguage":"pl-PL"},{"@type":"Organization","@id":"https:\/\/fiorentini-polska.com\/en\/#organization","name":"Pietro Fiorentini Polska","url":"https:\/\/fiorentini-polska.com\/en\/","logo":{"@type":"ImageObject","inLanguage":"pl-PL","@id":"https:\/\/fiorentini-polska.com\/en\/#\/schema\/logo\/image\/","url":"https:\/\/www.fiorentini-polska.com\/wp-content\/uploads\/2021\/07\/LOGO_CMYK_COLOR.png","contentUrl":"https:\/\/www.fiorentini-polska.com\/wp-content\/uploads\/2021\/07\/LOGO_CMYK_COLOR.png","width":3077,"height":1259,"caption":"Pietro Fiorentini Polska"},"image":{"@id":"https:\/\/fiorentini-polska.com\/en\/#\/schema\/logo\/image\/"},"sameAs":["https:\/\/x.com\/FiorentiniSpa"]}]}},"_links":{"self":[{"href":"https:\/\/www.fiorentini-polska.com\/pl\/wp-json\/wp\/v2\/pages\/27732","targetHints":{"allow":["GET"]}}],"collection":[{"href":"https:\/\/www.fiorentini-polska.com\/pl\/wp-json\/wp\/v2\/pages"}],"about":[{"href":"https:\/\/www.fiorentini-polska.com\/pl\/wp-json\/wp\/v2\/types\/page"}],"author":[{"embeddable":true,"href":"https:\/\/www.fiorentini-polska.com\/pl\/wp-json\/wp\/v2\/users\/12"}],"replies":[{"embeddable":true,"href":"https:\/\/www.fiorentini-polska.com\/pl\/wp-json\/wp\/v2\/comments?post=27732"}],"version-history":[{"count":3,"href":"https:\/\/www.fiorentini-polska.com\/pl\/wp-json\/wp\/v2\/pages\/27732\/revisions"}],"predecessor-version":[{"id":27736,"href":"https:\/\/www.fiorentini-polska.com\/pl\/wp-json\/wp\/v2\/pages\/27732\/revisions\/27736"}],"up":[{"embeddable":true,"href":"https:\/\/www.fiorentini-polska.com\/pl\/wp-json\/wp\/v2\/pages\/27726"}],"wp:attachment":[{"href":"https:\/\/www.fiorentini-polska.com\/pl\/wp-json\/wp\/v2\/media?parent=27732"}],"curies":[{"name":"wp","href":"https:\/\/api.w.org\/{rel}","templated":true}]}}