{"id":27758,"date":"2024-02-13T23:32:25","date_gmt":"2024-02-13T22:32:25","guid":{"rendered":"https:\/\/fiorentini-polska.com\/doswiadczenie\/inteligentne-sieci-gazowe\/pietro-fiorentinis-systemic-approach\/"},"modified":"2024-02-26T12:43:32","modified_gmt":"2024-02-26T11:43:32","slug":"podejscie-systemowe-firmy-pietro-fiorentini","status":"publish","type":"page","link":"https:\/\/www.fiorentini-polska.com\/pl\/doswiadczenie\/inteligentne-sieci-gazowe\/podejscie-systemowe-firmy-pietro-fiorentini\/","title":{"rendered":"Podej\u015bcie systemowe firmy Pietro Fiorentini"},"content":{"rendered":"\n<p>Wdro\u017cenie inteligentnych sieci przysz\u0142o\u015bci wymaga ci\u0105g\u0142ego rozwoju system\u00f3w kompatybilnych ze \u017ar\u00f3d\u0142ami odnawialnymi oraz rozwi\u0105za\u0144 zdolnych do wzajemnej interakcji.<\/p>\n\n\n\n<p>W obliczu tak z\u0142o\u017conego scenariusza firma Pietro Fiorentini zdecydowa\u0142a si\u0119 przyj\u0105\u0107 podej\u015bcie systemowe, tj. <strong>realizowa\u0107 proste po\u0142\u0105czenia, kt\u00f3re wsp\u00f3\u0142dzia\u0142aj\u0105 ze sob\u0105, tworz\u0105c odporne systemy<\/strong>.<\/p>\n\n\n\n<div class=\"wp-block-group index\"><div class=\"wp-block-group__inner-container is-layout-flow wp-block-group-is-layout-flow\">\n<ol class=\"wp-block-list\">\n<li><strong><strong><a href=\"#the-4-steps-for-smart-gas-grids-implementation\">4 kroki wdro\u017cenia Inteligentnych Sieci Gazowych<\/a><\/strong><\/strong><\/li>\n\n\n\n<li><strong><a href=\"#smart-grids-and-renewable-gases\">Inteligentne Sieci i gazy ze \u017ar\u00f3de\u0142 odnawialnych<\/a><\/strong><\/li>\n\n\n\n<li><strong><a href=\"#life-13-green-gas-network\">LIFE 13 Green Gas Network<\/a><\/strong><\/li>\n<\/ol>\n<\/div><\/div>\n\n\n\n<div style=\"height:32px\" aria-hidden=\"true\" class=\"wp-block-spacer\"><\/div>\n\n\n\n<div id=\"the-4-steps-for-smart-gas-grids-implementation\" class=\"wp-block-group\"><div class=\"wp-block-group__inner-container is-layout-flow wp-block-group-is-layout-flow\">\n<h3 class=\"wp-block-heading\"><strong><strong>4 kroki wdro\u017cenia Inteligentnych Sieci Gazowych<\/strong><\/strong><\/h3>\n\n\n\n<p>Nasza wizja przewiduje cztery kroki do osi\u0105gni\u0119cia maksymalnego poziomu wdro\u017cenia Inteligentnych Sieci Gazowych:<\/p>\n\n\n\n<ol class=\"wp-block-list\" style=\"list-style-type:1\">\n<li><strong>Powszechne monitorowanie<\/strong>, uzyskany dzi\u0119ki rozbudowie sieci czujnik\u00f3w.<\/li>\n\n\n\n<li><strong>Konfiguracja<\/strong> z lokaln\u0105 logik\u0105 automatyki <strong>i zdalnym sterowaniem<\/strong> w celu dynamicznego r\u00f3wnowa\u017cenia struktury sieci.<\/li>\n\n\n\n<li>Poprzez agregacj\u0119 i analiz\u0119 zebranych danych, <strong>prognoz i dzia\u0142a\u0144 optymalizacyjnych<\/strong> z wykorzystaniem technologii sztucznej inteligencji.<\/li>\n\n\n\n<li>Przyj\u0119cie w <strong>pe\u0142ni<\/strong> <strong>samodzielnych, zintegrowanych i odpornych system\u00f3w,<\/strong> kt\u00f3re reaguj\u0105 na logik\u0119 inteligentnej energii i inteligentnego miasta.<\/li>\n<\/ol>\n\n\n\n<p>Chocia\u017c mo\u017cemy teraz powiedzie\u0107, \u017ce pierwsze dwa etapy zosta\u0142y zrealizowane, zaanga\u017cowanie firmy Pietro Fiorentini skupia si\u0119 teraz na kolejnych krokach. Ostatecznym celem jest osi\u0105gni\u0119cie pe\u0142nej integracji sieci dystrybucji gazu we wszystkich ich postaciach.<\/p>\n<\/div><\/div>\n\n\n\n<div style=\"height:32px\" aria-hidden=\"true\" class=\"wp-block-spacer\"><\/div>\n\n\n\n<div id=\"smart-grids-and-renewable-gases\" class=\"wp-block-group\"><div class=\"wp-block-group__inner-container is-layout-flow wp-block-group-is-layout-flow\">\n<h3 class=\"wp-block-heading\"><strong>Inteligentne Sieci i gazy ze \u017ar\u00f3de\u0142 odnawialnych<\/strong><\/h3>\n\n\n\n<p>Tworzenie zr\u00f3wnowa\u017conych, inteligentnych sieci dla sieci dystrybucji gazu oznacza opracowanie rozwi\u0105za\u0144 umo\u017cliwiaj\u0105cych zarz\u0105dzanie przep\u0142ywami pochodz\u0105cymi ze \u017ar\u00f3de\u0142 o r\u00f3\u017cnych w\u0142a\u015bciwo\u015bciach, takich jak wod\u00f3r i biometan, i kt\u00f3re pochodz\u0105 z wielu zdecentralizowanych miejsc produkcyjnych.<\/p>\n\n\n\n<p>Scenariusz, kt\u00f3ry nas czeka, jest niezwykle z\u0142o\u017cony i wymaga <strong>system\u00f3w<\/strong> <strong>zdolnych do absorpcji lokalnej produkcji oraz utrzymania r\u00f3wnowagi i struktury<\/strong> ca\u0142ej sieci.<\/p>\n\n\n\n<div style=\"height:32px\" aria-hidden=\"true\" class=\"wp-block-spacer\"><\/div>\n\n\n\n<figure class=\"wp-block-image size-full\"><img loading=\"lazy\" decoding=\"async\" width=\"1024\" height=\"576\" src=\"https:\/\/fiorentini-polska.com\/wp-content\/uploads\/2024\/02\/Expertise_SmartGasGrids_2ENG-EXPPAG-1024x576-1.jpg\" alt=\"\" class=\"wp-image-27381\" srcset=\"https:\/\/www.fiorentini-polska.com\/wp-content\/uploads\/2024\/02\/Expertise_SmartGasGrids_2ENG-EXPPAG-1024x576-1.jpg 1024w, https:\/\/www.fiorentini-polska.com\/wp-content\/uploads\/2024\/02\/Expertise_SmartGasGrids_2ENG-EXPPAG-1024x576-1-300x169.jpg 300w, https:\/\/www.fiorentini-polska.com\/wp-content\/uploads\/2024\/02\/Expertise_SmartGasGrids_2ENG-EXPPAG-1024x576-1-768x432.jpg 768w\" sizes=\"auto, (max-width: 1024px) 100vw, 1024px\" \/><\/figure>\n\n\n\n<p class=\"has-text-align-center\"><em>Opis zdj\u0119cia: Inteligentne Sieci i gaz ze \u017ar\u00f3de\u0142 odnawialnych<\/em><\/p>\n\n\n\n<div style=\"height:32px\" aria-hidden=\"true\" class=\"wp-block-spacer\"><\/div>\n\n\n\n<p>W tym celu firma Pietro Fiorentini zaprojektowa\u0142a i opracowa\u0142a <strong><a href=\"https:\/\/fiorentini-polska.com\/pl\/bez-kategorii\/systemy\/kontrola-i-pomiar-cisnienia-gazu\/biremi\/\">BiRemi\u2122<\/a><\/strong> dwukierunkow\u0105 stacj\u0119 pierwotn\u0105 zdoln\u0105 zmaksymalizowa\u0107 przepustowo\u015b\u0107 sieci dystrybucyjnej do odbioru gazu produkowanego ze \u017ar\u00f3de\u0142 odnawialnych poprzez ponowne zat\u0142aczanie wszelkiej nadprodukcji do sieci przesy\u0142owej.<\/p>\n<\/div><\/div>\n\n\n\n<div style=\"height:32px\" aria-hidden=\"true\" class=\"wp-block-spacer\"><\/div>\n\n\n\n<div id=\"life-13-green-gas-network\" class=\"wp-block-group\"><div class=\"wp-block-group__inner-container is-layout-flow wp-block-group-is-layout-flow\">\n<h3 class=\"wp-block-heading\"><strong>LIFE 13 Green Gas Network<\/strong><\/h3>\n\n\n\n<p>Dzi\u015b firma Pietro Fiorentini jest ju\u017c w stanie wdro\u017cy\u0107 <strong>automatyzacj\u0119, kt\u00f3ra dynamicznie zarz\u0105dza ca\u0142\u0105 sieci\u0105.<\/strong> Najnowszym tego przyk\u0142adem jest projekt<strong> LIFE 13 Green Gas Network <\/strong>powsta\u0142y we wsp\u00f3\u0142pracy z firmami RetiPi\u00f9 i <a href=\"http:\/\/www.terranovasoftware.eu\/\" target=\"_blank\" rel=\"noreferrer noopener\"><strong>Terranova<\/strong><\/a>, liderem na rynku energii i medi\u00f3w, b\u0119d\u0105cym od 2011 roku integraln\u0105 cz\u0119\u015bci\u0105 <strong><a href=\"https:\/\/www.fiorentini-polska.com\/pl\/grupa-pietro-fiorentini\/\">Sp\u00f3\u0142ki Pietro Fiorentini<\/a><\/strong>.<\/p>\n\n\n\n<p>W celu rozwi\u0105zania problemu spodziewanych wyciek\u00f3w wyst\u0119puj\u0105cych w sieciach dystrybucji gazu ziemnego opracowano <strong>system sk\u0142adaj\u0105cy si\u0119 z urz\u0105dzenia fizycznego i infrastruktury oprogramowania<\/strong>. Urz\u0105dzenie wykrywa trendy ci\u015bnienia i reaguje w oparciu o profil modulacji dynamicznej, opracowany wcze\u015bniej przez operatora centrum sterowania. Operator ma mo\u017cliwo\u015b\u0107 monitorowania bie\u017c\u0105cego trendu ci\u015bnienia i zdalnej interwencji za po\u015brednictwem platformy oprogramowania.<\/p>\n\n\n\n<p>Wynikiem jest <strong>samoreguluj\u0105ca sie\u0107, kt\u00f3ra mo\u017ce dostosowa\u0107 ci\u015bnienia robocze do rzeczywistych potrzeb<\/strong>, zapobiegaj\u0105c w ten spos\u00f3b nadmiernemu ci\u015bnieniu i ograniczaj\u0105c emisj\u0119 z przewidywanych wyciek\u00f3w.<\/p>\n\n\n\n<p>Projekt zosta\u0142 <strong>nominowany do grona finalist\u00f3w w kategorii Zmiany Klimatu edycji 2019 konkursu LIFE Awards,<\/strong> narz\u0119dzie, za pomoc\u0105 kt\u00f3rego Unia Europejska wspiera podmioty dzia\u0142aj\u0105ce na rzecz ochrony klimatu i \u015brodowiska.<\/p>\n\n\n\n<p>Pobierz <a href=\"https:\/\/www.fiorentini.com\/wp-content\/uploads\/2021\/04\/CaseStudy_ProgettoLIFE13_ENG.pdf\" target=\"_blank\" rel=\"noreferrer noopener\">studium przypadku projektu LIFE 13<\/a>.<\/p>\n<\/div><\/div>\n","protected":false},"excerpt":{"rendered":"<p>Podej\u015bcie systemowe firmy Pietro Fiorentini ma na celu poszukiwanie prostych po\u0142\u0105cze\u0144, kt\u00f3re wsp\u00f3\u0142dzia\u0142aj\u0105 ze sob\u0105, tworz\u0105c odporne systemy. Osi\u0105gni\u0119cie maksymalnego poziomu wdro\u017cenia Inteligentnych Sieci Gazowych polega na osi\u0105gni\u0119ciu pe\u0142nej integracji pomi\u0119dzy sieciami do dystrybucji gazu.<\/p>\n","protected":false},"author":15,"featured_media":0,"parent":27754,"menu_order":0,"comment_status":"closed","ping_status":"closed","template":"template-expertise-post.php","meta":{"_acf_changed":false,"inline_featured_image":false,"footnotes":""},"class_list":["post-27758","page","type-page","status-publish","hentry"],"acf":[],"yoast_head":"<!-- This site is optimized with the Yoast SEO plugin v27.2 - https:\/\/yoast.com\/product\/yoast-seo-wordpress\/ -->\n<title>Podej\u015bcie systemowe firmy Pietro Fiorentini - Pietro Fiorentini<\/title>\n<meta name=\"description\" content=\"Podej\u015bcie systemowe firmy Pietro Fiorentini ma na celu poszukiwanie prostych po\u0142\u0105cze\u0144, kt\u00f3re wsp\u00f3\u0142dzia\u0142aj\u0105 ze sob\u0105, tworz\u0105c odporne systemy.\" \/>\n<meta name=\"robots\" content=\"index, follow, max-snippet:-1, max-image-preview:large, max-video-preview:-1\" \/>\n<link rel=\"canonical\" href=\"https:\/\/www.fiorentini-polska.com\/pl\/doswiadczenie\/inteligentne-sieci-gazowe\/podejscie-systemowe-firmy-pietro-fiorentini\/\" \/>\n<meta property=\"og:locale\" content=\"pl_PL\" \/>\n<meta property=\"og:type\" content=\"article\" \/>\n<meta property=\"og:title\" content=\"Podej\u015bcie systemowe firmy Pietro Fiorentini - Pietro Fiorentini\" \/>\n<meta property=\"og:description\" content=\"Podej\u015bcie systemowe firmy Pietro Fiorentini ma na celu poszukiwanie prostych po\u0142\u0105cze\u0144, kt\u00f3re wsp\u00f3\u0142dzia\u0142aj\u0105 ze sob\u0105, tworz\u0105c odporne systemy.\" \/>\n<meta property=\"og:url\" content=\"https:\/\/www.fiorentini-polska.com\/pl\/doswiadczenie\/inteligentne-sieci-gazowe\/podejscie-systemowe-firmy-pietro-fiorentini\/\" \/>\n<meta property=\"og:site_name\" content=\"Pietro Fiorentini\" \/>\n<meta property=\"article:modified_time\" content=\"2024-02-26T11:43:32+00:00\" \/>\n<meta property=\"og:image\" content=\"https:\/\/fiorentini-polska.com\/wp-content\/uploads\/2024\/02\/Expertise_SmartGasGrids_2ENG-EXPPAG-1024x576-1.jpg\" \/>\n<meta name=\"twitter:card\" content=\"summary_large_image\" \/>\n<meta name=\"twitter:site\" content=\"@FiorentiniSpa\" \/>\n<meta name=\"twitter:label1\" content=\"Szacowany czas czytania\" \/>\n\t<meta name=\"twitter:data1\" content=\"3 minuty\" \/>\n<script type=\"application\/ld+json\" class=\"yoast-schema-graph\">{\"@context\":\"https:\/\/schema.org\",\"@graph\":[{\"@type\":\"WebPage\",\"@id\":\"https:\/\/www.fiorentini-polska.com\/pl\/doswiadczenie\/inteligentne-sieci-gazowe\/podejscie-systemowe-firmy-pietro-fiorentini\/\",\"url\":\"https:\/\/www.fiorentini-polska.com\/pl\/doswiadczenie\/inteligentne-sieci-gazowe\/podejscie-systemowe-firmy-pietro-fiorentini\/\",\"name\":\"Podej\u015bcie systemowe firmy Pietro Fiorentini - Pietro Fiorentini\",\"isPartOf\":{\"@id\":\"https:\/\/fiorentini-polska.com\/en\/#website\"},\"primaryImageOfPage\":{\"@id\":\"https:\/\/www.fiorentini-polska.com\/pl\/doswiadczenie\/inteligentne-sieci-gazowe\/podejscie-systemowe-firmy-pietro-fiorentini\/#primaryimage\"},\"image\":{\"@id\":\"https:\/\/www.fiorentini-polska.com\/pl\/doswiadczenie\/inteligentne-sieci-gazowe\/podejscie-systemowe-firmy-pietro-fiorentini\/#primaryimage\"},\"thumbnailUrl\":\"https:\/\/fiorentini-polska.com\/wp-content\/uploads\/2024\/02\/Expertise_SmartGasGrids_2ENG-EXPPAG-1024x576-1.jpg\",\"datePublished\":\"2024-02-13T22:32:25+00:00\",\"dateModified\":\"2024-02-26T11:43:32+00:00\",\"description\":\"Podej\u015bcie systemowe firmy Pietro Fiorentini ma na celu poszukiwanie prostych po\u0142\u0105cze\u0144, kt\u00f3re wsp\u00f3\u0142dzia\u0142aj\u0105 ze sob\u0105, tworz\u0105c odporne systemy.\",\"breadcrumb\":{\"@id\":\"https:\/\/www.fiorentini-polska.com\/pl\/doswiadczenie\/inteligentne-sieci-gazowe\/podejscie-systemowe-firmy-pietro-fiorentini\/#breadcrumb\"},\"inLanguage\":\"pl-PL\",\"potentialAction\":[{\"@type\":\"ReadAction\",\"target\":[\"https:\/\/www.fiorentini-polska.com\/pl\/doswiadczenie\/inteligentne-sieci-gazowe\/podejscie-systemowe-firmy-pietro-fiorentini\/\"]}]},{\"@type\":\"ImageObject\",\"inLanguage\":\"pl-PL\",\"@id\":\"https:\/\/www.fiorentini-polska.com\/pl\/doswiadczenie\/inteligentne-sieci-gazowe\/podejscie-systemowe-firmy-pietro-fiorentini\/#primaryimage\",\"url\":\"https:\/\/fiorentini-polska.com\/wp-content\/uploads\/2024\/02\/Expertise_SmartGasGrids_2ENG-EXPPAG-1024x576-1.jpg\",\"contentUrl\":\"https:\/\/fiorentini-polska.com\/wp-content\/uploads\/2024\/02\/Expertise_SmartGasGrids_2ENG-EXPPAG-1024x576-1.jpg\"},{\"@type\":\"BreadcrumbList\",\"@id\":\"https:\/\/www.fiorentini-polska.com\/pl\/doswiadczenie\/inteligentne-sieci-gazowe\/podejscie-systemowe-firmy-pietro-fiorentini\/#breadcrumb\",\"itemListElement\":[{\"@type\":\"ListItem\",\"position\":1,\"name\":\"Home\",\"item\":\"https:\/\/www.fiorentini-polska.com\/pl\/\"},{\"@type\":\"ListItem\",\"position\":2,\"name\":\"Do\u015bwiadczenie\",\"item\":\"https:\/\/fiorentini-polska.com\/pl\/doswiadczenie\/\"},{\"@type\":\"ListItem\",\"position\":3,\"name\":\"Inteligentne Sieci Gazowe\",\"item\":\"https:\/\/www.fiorentini-polska.com\/pl\/doswiadczenie\/inteligentne-sieci-gazowe\/\"},{\"@type\":\"ListItem\",\"position\":4,\"name\":\"Podej\u015bcie systemowe firmy Pietro Fiorentini\"}]},{\"@type\":\"WebSite\",\"@id\":\"https:\/\/fiorentini-polska.com\/en\/#website\",\"url\":\"https:\/\/fiorentini-polska.com\/en\/\",\"name\":\"Pietro Fiorentini Polska\",\"description\":\"Pietro Fiorentini projektuje i produkuje komponenty, systemy i us\u0142ugi do regulacji, pomiar\u00f3w i zarz\u0105dzania rop\u0105 naftow\u0105 i gazem.\",\"publisher\":{\"@id\":\"https:\/\/fiorentini-polska.com\/en\/#organization\"},\"potentialAction\":[{\"@type\":\"SearchAction\",\"target\":{\"@type\":\"EntryPoint\",\"urlTemplate\":\"https:\/\/fiorentini-polska.com\/en\/?s={search_term_string}\"},\"query-input\":{\"@type\":\"PropertyValueSpecification\",\"valueRequired\":true,\"valueName\":\"search_term_string\"}}],\"inLanguage\":\"pl-PL\"},{\"@type\":\"Organization\",\"@id\":\"https:\/\/fiorentini-polska.com\/en\/#organization\",\"name\":\"Pietro Fiorentini Polska\",\"url\":\"https:\/\/fiorentini-polska.com\/en\/\",\"logo\":{\"@type\":\"ImageObject\",\"inLanguage\":\"pl-PL\",\"@id\":\"https:\/\/fiorentini-polska.com\/en\/#\/schema\/logo\/image\/\",\"url\":\"https:\/\/www.fiorentini-polska.com\/wp-content\/uploads\/2021\/07\/LOGO_CMYK_COLOR.png\",\"contentUrl\":\"https:\/\/www.fiorentini-polska.com\/wp-content\/uploads\/2021\/07\/LOGO_CMYK_COLOR.png\",\"width\":3077,\"height\":1259,\"caption\":\"Pietro Fiorentini Polska\"},\"image\":{\"@id\":\"https:\/\/fiorentini-polska.com\/en\/#\/schema\/logo\/image\/\"},\"sameAs\":[\"https:\/\/x.com\/FiorentiniSpa\"]}]}<\/script>\n<!-- \/ Yoast SEO plugin. -->","yoast_head_json":{"title":"Podej\u015bcie systemowe firmy Pietro Fiorentini - Pietro Fiorentini","description":"Podej\u015bcie systemowe firmy Pietro Fiorentini ma na celu poszukiwanie prostych po\u0142\u0105cze\u0144, kt\u00f3re wsp\u00f3\u0142dzia\u0142aj\u0105 ze sob\u0105, tworz\u0105c odporne systemy.","robots":{"index":"index","follow":"follow","max-snippet":"max-snippet:-1","max-image-preview":"max-image-preview:large","max-video-preview":"max-video-preview:-1"},"canonical":"https:\/\/www.fiorentini-polska.com\/pl\/doswiadczenie\/inteligentne-sieci-gazowe\/podejscie-systemowe-firmy-pietro-fiorentini\/","og_locale":"pl_PL","og_type":"article","og_title":"Podej\u015bcie systemowe firmy Pietro Fiorentini - Pietro Fiorentini","og_description":"Podej\u015bcie systemowe firmy Pietro Fiorentini ma na celu poszukiwanie prostych po\u0142\u0105cze\u0144, kt\u00f3re wsp\u00f3\u0142dzia\u0142aj\u0105 ze sob\u0105, tworz\u0105c odporne systemy.","og_url":"https:\/\/www.fiorentini-polska.com\/pl\/doswiadczenie\/inteligentne-sieci-gazowe\/podejscie-systemowe-firmy-pietro-fiorentini\/","og_site_name":"Pietro Fiorentini","article_modified_time":"2024-02-26T11:43:32+00:00","og_image":[{"url":"https:\/\/fiorentini-polska.com\/wp-content\/uploads\/2024\/02\/Expertise_SmartGasGrids_2ENG-EXPPAG-1024x576-1.jpg","type":"","width":"","height":""}],"twitter_card":"summary_large_image","twitter_site":"@FiorentiniSpa","twitter_misc":{"Szacowany czas czytania":"3 minuty"},"schema":{"@context":"https:\/\/schema.org","@graph":[{"@type":"WebPage","@id":"https:\/\/www.fiorentini-polska.com\/pl\/doswiadczenie\/inteligentne-sieci-gazowe\/podejscie-systemowe-firmy-pietro-fiorentini\/","url":"https:\/\/www.fiorentini-polska.com\/pl\/doswiadczenie\/inteligentne-sieci-gazowe\/podejscie-systemowe-firmy-pietro-fiorentini\/","name":"Podej\u015bcie systemowe firmy Pietro Fiorentini - Pietro Fiorentini","isPartOf":{"@id":"https:\/\/fiorentini-polska.com\/en\/#website"},"primaryImageOfPage":{"@id":"https:\/\/www.fiorentini-polska.com\/pl\/doswiadczenie\/inteligentne-sieci-gazowe\/podejscie-systemowe-firmy-pietro-fiorentini\/#primaryimage"},"image":{"@id":"https:\/\/www.fiorentini-polska.com\/pl\/doswiadczenie\/inteligentne-sieci-gazowe\/podejscie-systemowe-firmy-pietro-fiorentini\/#primaryimage"},"thumbnailUrl":"https:\/\/fiorentini-polska.com\/wp-content\/uploads\/2024\/02\/Expertise_SmartGasGrids_2ENG-EXPPAG-1024x576-1.jpg","datePublished":"2024-02-13T22:32:25+00:00","dateModified":"2024-02-26T11:43:32+00:00","description":"Podej\u015bcie systemowe firmy Pietro Fiorentini ma na celu poszukiwanie prostych po\u0142\u0105cze\u0144, kt\u00f3re wsp\u00f3\u0142dzia\u0142aj\u0105 ze sob\u0105, tworz\u0105c odporne systemy.","breadcrumb":{"@id":"https:\/\/www.fiorentini-polska.com\/pl\/doswiadczenie\/inteligentne-sieci-gazowe\/podejscie-systemowe-firmy-pietro-fiorentini\/#breadcrumb"},"inLanguage":"pl-PL","potentialAction":[{"@type":"ReadAction","target":["https:\/\/www.fiorentini-polska.com\/pl\/doswiadczenie\/inteligentne-sieci-gazowe\/podejscie-systemowe-firmy-pietro-fiorentini\/"]}]},{"@type":"ImageObject","inLanguage":"pl-PL","@id":"https:\/\/www.fiorentini-polska.com\/pl\/doswiadczenie\/inteligentne-sieci-gazowe\/podejscie-systemowe-firmy-pietro-fiorentini\/#primaryimage","url":"https:\/\/fiorentini-polska.com\/wp-content\/uploads\/2024\/02\/Expertise_SmartGasGrids_2ENG-EXPPAG-1024x576-1.jpg","contentUrl":"https:\/\/fiorentini-polska.com\/wp-content\/uploads\/2024\/02\/Expertise_SmartGasGrids_2ENG-EXPPAG-1024x576-1.jpg"},{"@type":"BreadcrumbList","@id":"https:\/\/www.fiorentini-polska.com\/pl\/doswiadczenie\/inteligentne-sieci-gazowe\/podejscie-systemowe-firmy-pietro-fiorentini\/#breadcrumb","itemListElement":[{"@type":"ListItem","position":1,"name":"Home","item":"https:\/\/www.fiorentini-polska.com\/pl\/"},{"@type":"ListItem","position":2,"name":"Do\u015bwiadczenie","item":"https:\/\/fiorentini-polska.com\/pl\/doswiadczenie\/"},{"@type":"ListItem","position":3,"name":"Inteligentne Sieci Gazowe","item":"https:\/\/www.fiorentini-polska.com\/pl\/doswiadczenie\/inteligentne-sieci-gazowe\/"},{"@type":"ListItem","position":4,"name":"Podej\u015bcie systemowe firmy Pietro Fiorentini"}]},{"@type":"WebSite","@id":"https:\/\/fiorentini-polska.com\/en\/#website","url":"https:\/\/fiorentini-polska.com\/en\/","name":"Pietro Fiorentini Polska","description":"Pietro Fiorentini projektuje i produkuje komponenty, systemy i us\u0142ugi do regulacji, pomiar\u00f3w i zarz\u0105dzania rop\u0105 naftow\u0105 i gazem.","publisher":{"@id":"https:\/\/fiorentini-polska.com\/en\/#organization"},"potentialAction":[{"@type":"SearchAction","target":{"@type":"EntryPoint","urlTemplate":"https:\/\/fiorentini-polska.com\/en\/?s={search_term_string}"},"query-input":{"@type":"PropertyValueSpecification","valueRequired":true,"valueName":"search_term_string"}}],"inLanguage":"pl-PL"},{"@type":"Organization","@id":"https:\/\/fiorentini-polska.com\/en\/#organization","name":"Pietro Fiorentini Polska","url":"https:\/\/fiorentini-polska.com\/en\/","logo":{"@type":"ImageObject","inLanguage":"pl-PL","@id":"https:\/\/fiorentini-polska.com\/en\/#\/schema\/logo\/image\/","url":"https:\/\/www.fiorentini-polska.com\/wp-content\/uploads\/2021\/07\/LOGO_CMYK_COLOR.png","contentUrl":"https:\/\/www.fiorentini-polska.com\/wp-content\/uploads\/2021\/07\/LOGO_CMYK_COLOR.png","width":3077,"height":1259,"caption":"Pietro Fiorentini Polska"},"image":{"@id":"https:\/\/fiorentini-polska.com\/en\/#\/schema\/logo\/image\/"},"sameAs":["https:\/\/x.com\/FiorentiniSpa"]}]}},"_links":{"self":[{"href":"https:\/\/www.fiorentini-polska.com\/pl\/wp-json\/wp\/v2\/pages\/27758","targetHints":{"allow":["GET"]}}],"collection":[{"href":"https:\/\/www.fiorentini-polska.com\/pl\/wp-json\/wp\/v2\/pages"}],"about":[{"href":"https:\/\/www.fiorentini-polska.com\/pl\/wp-json\/wp\/v2\/types\/page"}],"author":[{"embeddable":true,"href":"https:\/\/www.fiorentini-polska.com\/pl\/wp-json\/wp\/v2\/users\/15"}],"replies":[{"embeddable":true,"href":"https:\/\/www.fiorentini-polska.com\/pl\/wp-json\/wp\/v2\/comments?post=27758"}],"version-history":[{"count":2,"href":"https:\/\/www.fiorentini-polska.com\/pl\/wp-json\/wp\/v2\/pages\/27758\/revisions"}],"predecessor-version":[{"id":27767,"href":"https:\/\/www.fiorentini-polska.com\/pl\/wp-json\/wp\/v2\/pages\/27758\/revisions\/27767"}],"up":[{"embeddable":true,"href":"https:\/\/www.fiorentini-polska.com\/pl\/wp-json\/wp\/v2\/pages\/27754"}],"wp:attachment":[{"href":"https:\/\/www.fiorentini-polska.com\/pl\/wp-json\/wp\/v2\/media?parent=27758"}],"curies":[{"name":"wp","href":"https:\/\/api.w.org\/{rel}","templated":true}]}}